{"id":979,"date":"2024-10-25T07:37:29","date_gmt":"2024-10-25T07:37:29","guid":{"rendered":"https:\/\/psgsuli.hu\/kollegium\/?page_id=979"},"modified":"2024-10-25T07:37:29","modified_gmt":"2024-10-25T07:37:29","slug":"kollegiumi-nevelok","status":"publish","type":"page","link":"https:\/\/psgsuli.hu\/kollegium\/kollegiumi-nevelok\/","title":{"rendered":"Koll\u00e9giumi nevel\u0151k"},"content":{"rendered":"<table style=\"height: 1309px\" width=\"680\">\n<tbody>\n<tr style=\"height: 67px\">\n<td style=\"height: 67px;width: 194.594px\">\n<h4><\/h4>\n<\/td>\n<td style=\"height: 67px;width: 469.406px\" colspan=\"2\">\n<h4><span style=\"font-family: verdana, geneva, sans-serif;color: #000000\"><strong>KOLL\u00c9GIUM <\/strong><\/span><\/h4>\n<\/td>\n<\/tr>\n<tr style=\"height: 67px\">\n<td style=\"height: 67px;width: 194.594px\">\n<h4><span style=\"font-family: verdana, geneva, sans-serif;color: #000000\"><strong>Pedag\u00f3gus neve <\/strong><\/span><\/h4>\n<\/td>\n<td style=\"height: 67px;width: 194.016px\">\n<h4><span style=\"font-family: verdana, geneva, sans-serif;color: #000000\"><strong>Iskolai v\u00e9gzetts\u00e9ge <\/strong><\/span><\/h4>\n<\/td>\n<td style=\"height: 67px;width: 269.391px\">\n<h4><span style=\"font-family: verdana, geneva, sans-serif;color: #000000\"><strong>Szakk\u00e9pzetts\u00e9ge <\/strong><\/span><\/h4>\n<\/td>\n<\/tr>\n<tr style=\"height: 92px\">\n<td style=\"height: 92px;width: 194.594px\">\n<h4><span style=\"font-family: verdana, geneva, sans-serif;color: #000000\">Bojtor Edit<\/span><\/h4>\n<\/td>\n<td style=\"height: 92px;width: 194.016px\">\n<h4><span style=\"font-family: verdana, geneva, sans-serif;color: #000000\">egyetem<\/span><\/h4>\n<\/td>\n<td style=\"height: 92px;width: 269.391px\">\n<h4><span style=\"font-family: verdana, geneva, sans-serif;color: #000000\">olasz nyelv \u00e9s irodalom szakos tan\u00e1r \u00e9s b\u00f6lcs\u00e9sz<\/span><\/h4>\n<\/td>\n<\/tr>\n<tr style=\"height: 138px\">\n<td style=\"height: 138px;width: 194.594px\">\n<h4><span style=\"font-family: verdana, geneva, sans-serif;color: #000000\">Csirmaz S\u00e1ndor<\/span><\/h4>\n<\/td>\n<td style=\"height: 138px;width: 194.016px\">\n<h4><span style=\"font-family: verdana, geneva, sans-serif;color: #000000\">egyetem<\/span><\/h4>\n<\/td>\n<td style=\"height: 138px;width: 269.391px\">\n<h4><span style=\"font-family: verdana, geneva, sans-serif;color: #000000\">t\u00f6rt\u00e9nelem szak,<\/span><\/h4>\n<h4><span style=\"font-family: verdana, geneva, sans-serif;color: #000000\">k\u00f6zoktat\u00e1si vezet\u0151 \u00e9s szakvizsga<\/span><\/h4>\n<\/td>\n<\/tr>\n<tr style=\"height: 159px\">\n<td style=\"height: 159px;width: 194.594px\">\n<h4><span style=\"font-family: verdana, geneva, sans-serif;color: #000000\">Csonk\u00e1n\u00e9 B\u00edr\u00f3 \u00c9va<\/span><\/h4>\n<\/td>\n<td style=\"height: 159px;width: 194.016px\">\n<h4><span style=\"font-family: verdana, geneva, sans-serif;color: #000000\">f\u0151iskola<\/span><\/h4>\n<h4><\/h4>\n<h4><span style=\"font-family: verdana, geneva, sans-serif;color: #000000\">egyetem<\/span><\/h4>\n<\/td>\n<td style=\"height: 159px;width: 269.391px\">\n<h4><span style=\"font-family: verdana, geneva, sans-serif;color: #000000\">nevel\u0151tan\u00e1r, gyermek- \u00e9s ifj\u00fas\u00e1gv\u00e9delem, f\u00f6ldrajz szak pedag\u00f3giatan\u00e1r<\/span><\/h4>\n<\/td>\n<\/tr>\n<tr style=\"height: 117px\">\n<td style=\"height: 117px;width: 194.594px\">\n<h4><span style=\"font-family: verdana, geneva, sans-serif;color: #000000\">Debreczeni G\u00e1bor<\/span><\/h4>\n<\/td>\n<td style=\"height: 117px;width: 194.016px\">\n<h4><span style=\"font-family: verdana, geneva, sans-serif;color: #000000\">egyetem<\/span><\/h4>\n<\/td>\n<td style=\"height: 117px;width: 269.391px\">\n<h4><span style=\"font-family: verdana, geneva, sans-serif;color: #000000\">t\u00f6rt\u00e9nelem szakos b\u00f6lcs\u00e9sz \u00e9s tan\u00e1r k\u00f6zoktat\u00e1si vezet\u0151 \u00e9s szakvizsga<\/span><\/h4>\n<\/td>\n<\/tr>\n<tr style=\"height: 67px\">\n<td style=\"height: 67px;width: 194.594px\">\n<h4><span style=\"font-family: verdana, geneva, sans-serif;color: #000000\">F\u00fczesi Krisztina<\/span><\/h4>\n<\/td>\n<td style=\"height: 67px;width: 194.016px\">\n<h4><span style=\"font-family: verdana, geneva, sans-serif;color: #000000\">f\u0151iskola<\/span><\/h4>\n<\/td>\n<td style=\"height: 67px;width: 269.391px\">\n<h4><span style=\"font-family: verdana, geneva, sans-serif;color: #000000\">k\u00f6nyvt\u00e1r, nevel\u0151tan\u00e1r<\/span><\/h4>\n<\/td>\n<\/tr>\n<tr style=\"height: 92px\">\n<td style=\"height: 92px;width: 194.594px\">\n<h4><span style=\"font-family: verdana, geneva, sans-serif;color: #000000\">Kincsesn\u00e9 Kov\u00e1cs Erika<\/span><\/h4>\n<\/td>\n<td style=\"height: 92px;width: 194.016px\">\n<h4><span style=\"font-family: verdana, geneva, sans-serif;color: #000000\">f\u0151iskola<\/span><\/h4>\n<\/td>\n<td style=\"height: 92px;width: 269.391px\">\n<h4><span style=\"font-family: verdana, geneva, sans-serif;color: #000000\">k\u00f6nyvt\u00e1ros tan\u00e1r \u2013 magyar szak<\/span><\/h4>\n<\/td>\n<\/tr>\n<tr style=\"height: 163px\">\n<td style=\"height: 163px;width: 194.594px\">\n<h4><span style=\"font-family: verdana, geneva, sans-serif;color: #000000\">Szugyiczkin\u00e9 Balog Edit<\/span><\/h4>\n<\/td>\n<td style=\"height: 163px;width: 194.016px\">\n<h4><span style=\"font-family: verdana, geneva, sans-serif;color: #000000\">f\u0151iskola<\/span><\/h4>\n<\/td>\n<td style=\"height: 163px;width: 269.391px\">\n<h4><span style=\"font-family: verdana, geneva, sans-serif;color: #000000\">magyar-orosz szak<\/span><\/h4>\n<h4><span style=\"font-family: verdana, geneva, sans-serif;color: #000000\">Tanul\u00e1sm\u00f3dszertan \u00e9s kommunik\u00e1ci\u00f3 Ember- \u00e9s t\u00e1rsismeret<\/span><\/h4>\n<\/td>\n<\/tr>\n<tr style=\"height: 188px\">\n<td style=\"height: 188px;width: 194.594px\">\n<h4><span style=\"font-family: verdana, geneva, sans-serif;color: #000000\">Tak\u00e1cs B\u00e9la<\/span><\/h4>\n<\/td>\n<td style=\"height: 188px;width: 194.016px\">\n<h4><span style=\"font-family: verdana, geneva, sans-serif;color: #000000\">f\u0151iskola<\/span><\/h4>\n<h4><\/h4>\n<h4><span style=\"font-family: verdana, geneva, sans-serif;color: #000000\">egyetem<\/span><\/h4>\n<\/td>\n<td style=\"height: 188px;width: 269.391px\">\n<h4><span style=\"font-family: verdana, geneva, sans-serif;color: #000000\">tan\u00edt\u00f3 szak, testnevel\u00e9s m\u0171v. ter\u00fclet<\/span><\/h4>\n<h4><span style=\"font-family: verdana, geneva, sans-serif;color: #000000\">nevel\u0151tan\u00e1r, gyermek- \u00e9s ifj\u00fas\u00e1gv\u00e9delem, pedag\u00f3giatan\u00e1r<\/span><\/h4>\n<\/td>\n<\/tr>\n<tr style=\"height: 159px\">\n<td style=\"height: 159px;width: 194.594px\">\n<h4><span style=\"font-family: verdana, geneva, sans-serif;color: #000000\">Tak\u00e1cs Tibor<\/span><\/h4>\n<\/td>\n<td style=\"height: 159px;width: 194.016px\">\n<h4><span style=\"font-family: verdana, geneva, sans-serif;color: #000000\">f\u0151iskola<\/span><\/h4>\n<h4><\/h4>\n<h4><span style=\"font-family: verdana, geneva, sans-serif;color: #000000\">egyetem<\/span><\/h4>\n<\/td>\n<td style=\"height: 159px;width: 269.391px\">\n<h4><span style=\"font-family: verdana, geneva, sans-serif;color: #000000\">matematika &#8211; technika informatika szak<\/span><\/h4>\n<\/td>\n<\/tr>\n<\/tbody>\n<\/table>\n","protected":false},"excerpt":{"rendered":"<p>KOLL\u00c9GIUM Pedag\u00f3gus neve Iskolai v\u00e9gzetts\u00e9ge Szakk\u00e9pzetts\u00e9ge Bojtor Edit egyetem olasz nyelv \u00e9s irodalom szakos tan\u00e1r \u00e9s b\u00f6lcs\u00e9sz Csirmaz S\u00e1ndor egyetem t\u00f6rt\u00e9nelem szak, k\u00f6zoktat\u00e1si vezet\u0151 \u00e9s szakvizsga Csonk\u00e1n\u00e9 B\u00edr\u00f3 \u00c9va f\u0151iskola egyetem nevel\u0151tan\u00e1r, gyermek- \u00e9s ifj\u00fas\u00e1gv\u00e9delem, f\u00f6ldrajz szak pedag\u00f3giatan\u00e1r Debreczeni G\u00e1bor egyetem t\u00f6rt\u00e9nelem szakos b\u00f6lcs\u00e9sz \u00e9s tan\u00e1r k\u00f6zoktat\u00e1si vezet\u0151 \u00e9s szakvizsga F\u00fczesi Krisztina f\u0151iskola k\u00f6nyvt\u00e1r, nevel\u0151tan\u00e1r [&hellip;]<\/p>\n","protected":false},"author":2,"featured_media":0,"parent":0,"menu_order":0,"comment_status":"closed","ping_status":"closed","template":"","meta":{"footnotes":""},"class_list":["post-979","page","type-page","status-publish","hentry"],"_links":{"self":[{"href":"https:\/\/psgsuli.hu\/kollegium\/wp-json\/wp\/v2\/pages\/979","targetHints":{"allow":["GET"]}}],"collection":[{"href":"https:\/\/psgsuli.hu\/kollegium\/wp-json\/wp\/v2\/pages"}],"about":[{"href":"https:\/\/psgsuli.hu\/kollegium\/wp-json\/wp\/v2\/types\/page"}],"author":[{"embeddable":true,"href":"https:\/\/psgsuli.hu\/kollegium\/wp-json\/wp\/v2\/users\/2"}],"replies":[{"embeddable":true,"href":"https:\/\/psgsuli.hu\/kollegium\/wp-json\/wp\/v2\/comments?post=979"}],"version-history":[{"count":1,"href":"https:\/\/psgsuli.hu\/kollegium\/wp-json\/wp\/v2\/pages\/979\/revisions"}],"predecessor-version":[{"id":980,"href":"https:\/\/psgsuli.hu\/kollegium\/wp-json\/wp\/v2\/pages\/979\/revisions\/980"}],"wp:attachment":[{"href":"https:\/\/psgsuli.hu\/kollegium\/wp-json\/wp\/v2\/media?parent=979"}],"curies":[{"name":"wp","href":"https:\/\/api.w.org\/{rel}","templated":true}]}}