{"id":8,"date":"2019-03-29T07:08:29","date_gmt":"2019-03-29T07:08:29","guid":{"rendered":"https:\/\/psgsuli.hu\/kollegium\/?page_id=8"},"modified":"2024-10-25T07:40:39","modified_gmt":"2024-10-25T07:40:39","slug":"felveteli-eljaras","status":"publish","type":"page","link":"https:\/\/psgsuli.hu\/kollegium\/felveteli-eljaras\/","title":{"rendered":"Felv\u00e9teli elj\u00e1r\u00e1s"},"content":{"rendered":"<h4 style=\"text-align: justify\"><span style=\"font-family: verdana, geneva, sans-serif;color: #000000\"><strong>\u00a0A koll\u00e9gium tagja lehet minden olyan tanul\u00f3, aki felv\u00e9telt nyert a Mez\u0151ber\u00e9nyi Pet\u0151fi S\u00e1ndor Evang\u00e9likus Gimn\u00e1zium, Koll\u00e9gium \u00e9s \u00c1ltal\u00e1nos Iskola int\u00e9zm\u00e9ny\u00e9be, \u00e9s magyarorsz\u00e1gi \u00e1lland\u00f3 bejelentett lakhellyel vagy \u00e9rv\u00e9nyes tart\u00f3zkod\u00e1si enged\u00e9llyel rendelkezik.<\/strong><\/span><\/h4>\n<h4 style=\"text-align: justify\"><span style=\"font-family: verdana, geneva, sans-serif;color: #000000\"><strong>\u00a0\u00a0 A tanul\u00f3 koll\u00e9giumi tags\u00e1gi jogviszonya egy tan\u00e9vre sz\u00f3l, a felv\u00e9tel elb\u00edr\u00e1l\u00e1s\u00e1nak k\u00e9zhezv\u00e9tel\u00e9t\u0151l kezd\u0151dik \u00e9s a szorgalmi id\u0151szak v\u00e9g\u00e9ig tart. Kiv\u00e9telt k\u00e9peznek azok a koll\u00e9gist\u00e1k, akik gyermekv\u00e9delmi d\u00f6nt\u00e9s alapj\u00e1n ker\u00fcltek a koll\u00e9giumba, mert az \u0151 koll\u00e9giumi tags\u00e1guk a gyermekv\u00e9delmi d\u00f6nt\u00e9sben meghat\u00e1rozott ideig, vagy a tanulm\u00e1nyik v\u00e9g\u00e9ig tart.<\/strong><\/span><\/h4>\n<h4 style=\"text-align: justify\"><span style=\"font-family: verdana, geneva, sans-serif;color: #000000\"><strong>\u00a0\u00a0 Ezen t\u00fal figyelembe kell venni az Arany J\u00e1nos programban r\u00e9sztvev\u0151 tanul\u00f3kra vonatkoz\u00f3 elt\u00e9r\u00e9seket. (AJTP eset\u00e9ben a tanul\u00f3i jogviszony 5 \u00e9v). Az AJTP di\u00e1kjai sz\u00e1m\u00e1ra a koll\u00e9gium ig\u00e9nybev\u00e9tele k\u00f6telez\u0151.\u00a0 A programba val\u00f3 beker\u00fcl\u00e9sre, illetve a felv\u00e9teli elj\u00e1r\u00e1sra az adott tan\u00e9vre vonatkoz\u00f3 tan\u00e9v rendj\u00e9r\u0151l sz\u00f3l\u00f3 BM rendelet, illetve p\u00e1ly\u00e1zati ki\u00edr\u00e1s szab\u00e1lyai a m\u00e9rvad\u00f3ak, az elj\u00e1r\u00e1s rendje int\u00e9zm\u00e9ny\u00fcnk honlapj\u00e1n megtal\u00e1lhat\u00f3.<\/strong><\/span><\/h4>\n<h4 style=\"text-align: justify\"><span style=\"font-family: verdana, geneva, sans-serif;color: #000000\"><strong>\u00a0\u00a0 A koll\u00e9giumi elhelyez\u00e9s ir\u00e1nti ig\u00e9nyt k\u00fcl\u00f6n k\u00e9relemben\/Jelentkez\u00e9si lapon kell beny\u00fajtani a f\u0151igazgat\u00f3nak. Azoknak, a t\u00e1rgy\u00e9vet megel\u0151z\u0151 tan\u00e9vben koll\u00e9gista tanul\u00f3knak, akik a k\u00f6vetkez\u0151 tan\u00e9vben is ig\u00e9nyt tartanak a koll\u00e9giumi ell\u00e1t\u00e1sra, a t\u00e1rgy\u00e9vet megel\u0151z\u0151 tan\u00e9v m\u00e1jus 15-ig kell a jelentkez\u00e9si lapot beny\u00fajtaniuk a koll\u00e9giumban.<\/strong><\/span><\/h4>\n<h4 style=\"text-align: justify\"><span style=\"font-family: verdana, geneva, sans-serif;color: #000000\"><strong>\u00a0\u00a0 A 8. oszt\u00e1lyos tanul\u00f3k az iskolai felv\u00e9telr\u0151l sz\u00f3l\u00f3 \u00e9rtes\u00edt\u00e9ssel egy\u00fctt kapj\u00e1k meg a koll\u00e9giumi Jelentkez\u00e9si lapot, melyet koll\u00e9giumi elhelyez\u00e9s ir\u00e1nti ig\u00e9ny eset\u00e9n postafordult\u00e1val vissza kell k\u00fcldeni az int\u00e9zm\u00e9nybe.<\/strong><\/span><\/h4>\n<h4 style=\"text-align: justify\"><span style=\"font-family: verdana, geneva, sans-serif;color: #000000\"><strong>\u00a0\u00a0 A tan\u00e9v rendj\u00e9ben meghat\u00e1rozott k\u00f6z\u00e9piskolai beiratkoz\u00e1sokon (\u00e1ltal\u00e1ban j\u00fanius 24-28.) a koll\u00e9gium k\u00e9pvisel\u0151i r\u00e9szt vesznek. Ellen\u0151rzik a jelentkez\u0151 tanul\u00f3k t\u00e9nyleges iskolai beiratkoz\u00e1s\u00e1t, illetve lehet\u0151s\u00e9get biztos\u00edtanak a tov\u00e1bbi \u00e9rdekl\u0151d\u0151k koll\u00e9giumi jelentkez\u00e9s\u00e9re.<\/strong><\/span><\/h4>\n<h4 style=\"text-align: justify\"><span style=\"font-family: verdana, geneva, sans-serif;color: #000000\"><strong>\u00a0\u00a0 Koll\u00e9giumi felv\u00e9tel a tan\u00e9v b\u00e1rmely id\u0151szak\u00e1ban k\u00e9rhet\u0151. A felv\u00e9tel a koll\u00e9gium szabad f\u00e9r\u0151helyeinek sz\u00e1m\u00e1t\u00f3l f\u00fcgg.<\/strong><\/span><\/h4>\n<h4 style=\"text-align: justify\"><span style=\"font-family: verdana, geneva, sans-serif;color: #000000\"><strong>\u00a0\u00a0 A koll\u00e9giumba val\u00f3 felv\u00e9telt 250 f\u0151 sz\u00e1m\u00e1ra tudunk biztos\u00edtani.<\/strong><\/span><\/h4>\n<h4 style=\"text-align: justify\"><span style=\"font-family: verdana, geneva, sans-serif;color: #000000\"><strong>\u00a0\u00a0 T\u00faljelentkez\u00e9s eset\u00e9n a felv\u00e9telr\u0151l t\u00f6rt\u00e9n\u0151 d\u00f6nt\u00e9s, a k\u00f6telez\u0151 felv\u00e9tel esetein t\u00fal, a k\u00f6vetkez\u0151 szempontok alapj\u00e1n t\u00f6rt\u00e9nik:<\/strong><\/span><\/h4>\n<ol style=\"text-align: justify\">\n<li>\n<h4><span style=\"font-family: verdana, geneva, sans-serif;color: #000000\"><strong> Az \u00e1lland\u00f3 lakhely t\u00e1vols\u00e1ga.<\/strong><\/span><\/h4>\n<\/li>\n<li>\n<h4><span style=\"font-family: verdana, geneva, sans-serif;color: #000000\"><strong> Azonos t\u00e1vols\u00e1gra lak\u00f3k k\u00f6z\u00f6tt a tanulm\u00e1nyi eredm\u00e9ny d\u00f6nt.<\/strong><\/span><\/h4>\n<\/li>\n<li>\n<h4><span style=\"font-family: verdana, geneva, sans-serif;color: #000000\"><strong> Iskolai tanulm\u00e1nyainak befejez\u00e9s\u00e9hez sz\u00fcks\u00e9ges a koll\u00e9giumi ell\u00e1t\u00e1s (11. vagy 12. \u00e9vfolyamos di\u00e1k)<\/strong><\/span><\/h4>\n<\/li>\n<li>\n<h4><span style=\"font-family: verdana, geneva, sans-serif;color: #000000\"><strong> Egy\u00e9ni elb\u00edr\u00e1l\u00e1s igazol\u00e1s alapj\u00e1n (rossz k\u00f6zleked\u00e9s, szoci\u00e1lis r\u00e1szorults\u00e1g, gyermekv\u00e9delmi d\u00f6nt\u00e9s stb\u2026 )<\/strong><\/span><\/h4>\n<\/li>\n<\/ol>\n<h4 style=\"text-align: justify\"><span style=\"font-family: verdana, geneva, sans-serif;color: #000000\"><strong>\u00a0\u00a0 A felv\u00e9teli d\u00f6nt\u00e9sr\u0151l a f\u0151igazgat\u00f3 hat\u00e1rozat form\u00e1j\u00e1ban \u00e9rtes\u00edti a tanul\u00f3t, kiskor\u00fa eset\u00e9n a sz\u00fcl\u0151t is.<\/strong><\/span><\/h4>\n<h4 style=\"text-align: justify\"><span style=\"font-family: verdana, geneva, sans-serif;color: #000000\"><strong>\u00a0\u00a0 Amennyiben helyhi\u00e1ny miatt a tanul\u00f3 v\u00e1rakoz\u00f3 list\u00e1ra ker\u00fcl, szabad f\u00e9r\u0151hely eset\u00e9n a felv\u00e9telr\u0151l \u00e9rtes\u00edt\u00e9st kap.<\/strong><\/span><\/h4>\n<h4 style=\"text-align: justify\"><\/h4>\n","protected":false},"excerpt":{"rendered":"<p>\u00a0A koll\u00e9gium tagja lehet minden olyan tanul\u00f3, aki felv\u00e9telt nyert a Mez\u0151ber\u00e9nyi Pet\u0151fi S\u00e1ndor Evang\u00e9likus Gimn\u00e1zium, Koll\u00e9gium \u00e9s \u00c1ltal\u00e1nos Iskola int\u00e9zm\u00e9ny\u00e9be, \u00e9s magyarorsz\u00e1gi \u00e1lland\u00f3 bejelentett lakhellyel vagy \u00e9rv\u00e9nyes tart\u00f3zkod\u00e1si enged\u00e9llyel rendelkezik. \u00a0\u00a0 A tanul\u00f3 koll\u00e9giumi tags\u00e1gi jogviszonya egy tan\u00e9vre sz\u00f3l, a felv\u00e9tel elb\u00edr\u00e1l\u00e1s\u00e1nak k\u00e9zhezv\u00e9tel\u00e9t\u0151l kezd\u0151dik \u00e9s a szorgalmi id\u0151szak v\u00e9g\u00e9ig tart. Kiv\u00e9telt k\u00e9peznek azok a [&hellip;]<\/p>\n","protected":false},"author":1,"featured_media":0,"parent":0,"menu_order":0,"comment_status":"closed","ping_status":"closed","template":"","meta":{"footnotes":""},"class_list":["post-8","page","type-page","status-publish","hentry"],"_links":{"self":[{"href":"https:\/\/psgsuli.hu\/kollegium\/wp-json\/wp\/v2\/pages\/8","targetHints":{"allow":["GET"]}}],"collection":[{"href":"https:\/\/psgsuli.hu\/kollegium\/wp-json\/wp\/v2\/pages"}],"about":[{"href":"https:\/\/psgsuli.hu\/kollegium\/wp-json\/wp\/v2\/types\/page"}],"author":[{"embeddable":true,"href":"https:\/\/psgsuli.hu\/kollegium\/wp-json\/wp\/v2\/users\/1"}],"replies":[{"embeddable":true,"href":"https:\/\/psgsuli.hu\/kollegium\/wp-json\/wp\/v2\/comments?post=8"}],"version-history":[{"count":3,"href":"https:\/\/psgsuli.hu\/kollegium\/wp-json\/wp\/v2\/pages\/8\/revisions"}],"predecessor-version":[{"id":982,"href":"https:\/\/psgsuli.hu\/kollegium\/wp-json\/wp\/v2\/pages\/8\/revisions\/982"}],"wp:attachment":[{"href":"https:\/\/psgsuli.hu\/kollegium\/wp-json\/wp\/v2\/media?parent=8"}],"curies":[{"name":"wp","href":"https:\/\/api.w.org\/{rel}","templated":true}]}}