{"id":186,"date":"2020-10-16T20:32:48","date_gmt":"2020-10-16T20:32:48","guid":{"rendered":"https:\/\/psgsuli.hu\/kollegium\/?page_id=186"},"modified":"2025-11-03T08:36:23","modified_gmt":"2025-11-03T08:36:23","slug":"altalanos-informaciok","status":"publish","type":"page","link":"https:\/\/psgsuli.hu\/kollegium\/altalanos-informaciok\/","title":{"rendered":"\u00c1ltal\u00e1nos inform\u00e1ci\u00f3k"},"content":{"rendered":"<h4><span style=\"font-family: verdana, geneva, sans-serif; color: #000000;\">\u00a0<\/span><\/h4>\n<h4><span style=\"font-family: verdana, geneva, sans-serif; color: #000000;\"><strong><u>Koll\u00e9gium:<\/u><\/strong><\/span><\/h4>\n<h4><span style=\"font-family: verdana, geneva, sans-serif; color: #000000;\"><strong>Koll\u00e9giumvezet\u0151 neve: Debreczeni G\u00e1bor<\/strong><\/span><\/h4>\n<h4><span style=\"font-family: verdana, geneva, sans-serif; color: #000000;\">Fogad\u00f3\u00f3ra: Kedd 8-9 \u00f3ra, vagy telefonos egyeztet\u00e9s alapj\u00e1n<\/span><\/h4>\n<p>&nbsp;<\/p>\n<h4><span style=\"font-family: verdana, geneva, sans-serif; color: #000000;\"><strong>Koll\u00e9giumi titk\u00e1r: Szab\u00f3n\u00e9 Burai Melinda<\/strong><\/span><\/h4>\n<h4><span style=\"font-family: verdana, geneva, sans-serif; color: #000000;\"><strong>\u00a0<\/strong><\/span><\/h4>\n<h4><span style=\"font-family: verdana, geneva, sans-serif; color: #000000;\"><strong><u>El\u00e9rhet\u0151s\u00e9gek:<\/u><\/strong><\/span><\/h4>\n<h4><span style=\"font-family: verdana, geneva, sans-serif; color: #000000;\"><strong><em>Levelez\u00e9si c\u00edm:<\/em><\/strong><strong>\u00a05650 Mez\u0151ber\u00e9ny, Pet\u0151fi \u00fat 14.<\/strong><\/span><\/h4>\n<h4><span style=\"font-family: verdana, geneva, sans-serif; color: #000000;\"><strong>\u00a0<\/strong><\/span><\/h4>\n<h4><span style=\"font-family: verdana, geneva, sans-serif; color: #000000;\"><strong><u>Telefonsz\u00e1mok:<\/u><\/strong><\/span><\/h4>\n<h4><span style=\"font-family: verdana, geneva, sans-serif; color: #000000;\"><strong><em>Gimn\u00e1zium porta:<\/em><\/strong><strong> 06-66\/515-578<\/strong><\/span><\/h4>\n<h4><span style=\"color: #000000;\"><em><span style=\"font-family: verdana, geneva, sans-serif;\"><strong>Koll\u00e9gium porta:\u00a0<\/strong><\/span><\/em><span style=\"font-family: verdana, geneva, sans-serif;\"><strong>06-66\/386-094<\/strong><\/span><\/span><\/h4>\n<h4><span style=\"font-family: verdana, geneva, sans-serif; color: #000000;\"><strong><em>Koll\u00e9giumvezet\u0151, koll\u00e9giumi titk\u00e1r (\u00e9tkez\u00e9s lemond\u00e1sa):<\/em><\/strong><strong> 2219-es mell\u00e9k<\/strong><\/span><\/h4>\n<h4><span style=\"font-family: verdana, geneva, sans-serif; color: #000000;\"><strong><em>Nevel\u0151i szoba:<\/em><\/strong><strong> 2230-as mell\u00e9k<\/strong><\/span><\/h4>\n<h4><span style=\"font-family: verdana, geneva, sans-serif; color: #000000;\"><strong>\u00a0\u00a0\u00a0\u00a0\u00a0\u00a0\u00a0\u00a0\u00a0\u00a0\u00a0\u00a0\u00a0\u00a0\u00a0\u00a0\u00a0\u00a0\u00a0\u00a0\u00a0\u00a0\u00a0\u00a0 06-20\/358-64-68<br \/>\n<\/strong><\/span><\/h4>\n<h4><span style=\"font-family: verdana, geneva, sans-serif; color: #000000;\"><strong>\u00a0<\/strong><\/span><\/h4>\n<h4><span style=\"font-family: verdana, geneva, sans-serif; color: #000000;\"><strong><u>Int\u00e9zm\u00e9ny nyitva tart\u00e1sa:<\/u><\/strong><\/span><\/h4>\n<h4><span style=\"font-family: verdana, geneva, sans-serif; color: #000000;\"><strong>Vas\u00e1rnap: 15 \u00f3r\u00e1t\u00f3l<\/strong><\/span><\/h4>\n<h4><span style=\"font-family: verdana, geneva, sans-serif; color: #000000;\"><strong>P\u00e9ntek: 16 \u00f3r\u00e1ig<\/strong><\/span><\/h4>\n<h4><span style=\"font-family: verdana, geneva, sans-serif; color: #000000;\"><strong>\u00a0<\/strong><\/span><\/h4>\n<h4><span style=\"font-family: verdana, geneva, sans-serif; color: #000000;\"><strong><u>Koll\u00e9giumi nevel\u0151tan\u00e1rok:<\/u><\/strong><\/span><\/h4>\n<h4><span style=\"font-family: verdana, geneva, sans-serif; color: #000000;\">Fogad\u00f3\u00f3ra az al\u00e1bbi id\u0151pontokban, vagy telefonos egyeztet\u00e9s alapj\u00e1n<\/span><\/h4>\n<p>&nbsp;<\/p>\n<table style=\"height: 735px;\" border=\"1\">\n<tbody>\n<tr style=\"height: 66px;\">\n<td style=\"height: 66px; width: 201px;\">\n<h4><span style=\"font-family: verdana, geneva, sans-serif; color: #000000;\"><strong>Szem\u00e9ly<\/strong><\/span><\/h4>\n<\/td>\n<td style=\"height: 66px; width: 201px;\">\n<h4><span style=\"font-family: verdana, geneva, sans-serif; color: #000000;\"><strong>Id\u0151pont<\/strong><\/span><\/h4>\n<\/td>\n<td style=\"height: 66px; width: 201px;\">\n<h4><span style=\"font-family: verdana, geneva, sans-serif; color: #000000;\"><strong>Hely<\/strong><\/span><\/h4>\n<\/td>\n<\/tr>\n<tr style=\"height: 66px;\">\n<td style=\"height: 66px; width: 201px;\">\n<h4><span style=\"font-family: verdana, geneva, sans-serif; color: #000000;\">Bojtor Edit<\/span><\/h4>\n<\/td>\n<td style=\"height: 66px; width: 201px;\">\n<h4><span style=\"font-family: verdana, geneva, sans-serif; color: #000000;\"><strong><em>Szerda 14.00-15.00<\/em><\/strong><\/span><\/h4>\n<\/td>\n<td style=\"height: 66px; width: 201px;\">\n<h4><span style=\"font-family: verdana, geneva, sans-serif; color: #000000;\">Koll\u00e9gium<\/span><\/h4>\n<\/td>\n<\/tr>\n<tr style=\"height: 66px;\">\n<td style=\"height: 66px; width: 201px;\">\n<h4><span style=\"font-family: verdana, geneva, sans-serif; color: #000000;\">Csirmaz S\u00e1ndor<\/span><\/h4>\n<\/td>\n<td style=\"height: 66px; width: 201px;\">\n<h4><span style=\"font-family: verdana, geneva, sans-serif; color: #000000;\"><strong><em>H\u00e9tf\u0151 12:00-13:00<\/em><\/strong><\/span><\/h4>\n<\/td>\n<td style=\"height: 66px; width: 201px;\">\n<h4><span style=\"font-family: verdana, geneva, sans-serif; color: #000000;\">Koll\u00e9gium<\/span><\/h4>\n<\/td>\n<\/tr>\n<tr style=\"height: 91px;\">\n<td style=\"height: 91px; width: 201px;\">\n<h4><span style=\"font-family: verdana, geneva, sans-serif; color: #000000;\">Csonk\u00e1n\u00e9 B\u00edr\u00f3 \u00c9va<\/span><\/h4>\n<\/td>\n<td style=\"height: 91px; width: 201px;\">\n<h4><span style=\"font-family: verdana, geneva, sans-serif; color: #000000;\"><strong><em>Cs\u00fct\u00f6rt\u00f6k 15.00-16.00<\/em><\/strong><\/span><\/h4>\n<\/td>\n<td style=\"height: 91px; width: 201px;\">\n<h4><span style=\"font-family: verdana, geneva, sans-serif; color: #000000;\">Koll\u00e9gium<\/span><\/h4>\n<\/td>\n<\/tr>\n<tr style=\"height: 66px;\">\n<td style=\"height: 66px; width: 201px;\">\n<h4><span style=\"font-family: verdana, geneva, sans-serif; color: #000000;\">Debreczeni G\u00e1bor<\/span><\/h4>\n<\/td>\n<td style=\"height: 66px; width: 201px;\">\n<h4><span style=\"font-family: verdana, geneva, sans-serif; color: #000000;\"><strong><em>Kedd 8.00-9.00<\/em><\/strong><\/span><\/h4>\n<\/td>\n<td style=\"height: 66px; width: 201px;\">\n<h4><span style=\"font-family: verdana, geneva, sans-serif; color: #000000;\">Koll\u00e9gium<\/span><\/h4>\n<\/td>\n<\/tr>\n<tr style=\"height: 66px;\">\n<td style=\"height: 66px; width: 201px;\">\n<h4><span style=\"font-family: verdana, geneva, sans-serif; color: #000000;\">F\u00fczesi Krisztina<\/span><\/h4>\n<\/td>\n<td style=\"height: 66px; width: 201px;\">\n<h4><span style=\"font-family: verdana, geneva, sans-serif; color: #000000;\"><strong><em>Kedd 14.00-15.00<\/em><\/strong><\/span><\/h4>\n<\/td>\n<td style=\"height: 66px; width: 201px;\">\n<h4><span style=\"font-family: verdana, geneva, sans-serif; color: #000000;\">Koll\u00e9gium<\/span><\/h4>\n<\/td>\n<\/tr>\n<tr style=\"height: 91px;\">\n<td style=\"height: 91px; width: 201px;\">\n<h4><span style=\"font-family: verdana, geneva, sans-serif; color: #000000;\">Kincsesn\u00e9 Kov\u00e1cs Erika<\/span><\/h4>\n<\/td>\n<td style=\"height: 91px; width: 201px;\">\n<h4><span style=\"font-family: verdana, geneva, sans-serif; color: #000000;\"><strong><em>Cs\u00fct\u00f6rt\u00f6k 12.00-13.00<\/em><\/strong><\/span><\/h4>\n<\/td>\n<td style=\"height: 91px; width: 201px;\">\n<h4><span style=\"font-family: verdana, geneva, sans-serif; color: #000000;\">Koll\u00e9gium<\/span><\/h4>\n<\/td>\n<\/tr>\n<tr style=\"height: 91px;\">\n<td style=\"height: 91px; width: 201px;\">\n<h4><span style=\"font-family: verdana, geneva, sans-serif; color: #000000;\">Szugyiczkin\u00e9 Balog Edit<\/span><\/h4>\n<\/td>\n<td style=\"height: 91px; width: 201px;\">\n<h4><span style=\"font-family: verdana, geneva, sans-serif; color: #000000;\"><strong><em>H\u00e9tf\u0151 14.00-15.00<\/em><\/strong><\/span><\/h4>\n<\/td>\n<td style=\"height: 91px; width: 201px;\">\n<h4><span style=\"font-family: verdana, geneva, sans-serif; color: #000000;\">Koll\u00e9gium<\/span><\/h4>\n<\/td>\n<\/tr>\n<tr style=\"height: 66px;\">\n<td style=\"height: 66px; width: 201px;\">\n<h4><span style=\"font-family: verdana, geneva, sans-serif; color: #000000;\">Tak\u00e1cs B\u00e9la<\/span><\/h4>\n<\/td>\n<td style=\"height: 66px; width: 201px;\">\n<h4><span style=\"font-family: verdana, geneva, sans-serif; color: #000000;\"><strong><em>Kedd 13.30-14.30<\/em><\/strong><\/span><\/h4>\n<\/td>\n<td style=\"height: 66px; width: 201px;\">\n<h4><span style=\"font-family: verdana, geneva, sans-serif; color: #000000;\">Koll\u00e9gium<\/span><\/h4>\n<\/td>\n<\/tr>\n<tr style=\"height: 66px;\">\n<td style=\"height: 66px; width: 201px;\">\n<h4><span style=\"font-family: verdana, geneva, sans-serif; color: #000000;\">Tak\u00e1cs Tibor<\/span><\/h4>\n<\/td>\n<td style=\"height: 66px; width: 201px;\">\n<h4><span style=\"font-family: verdana, geneva, sans-serif; color: #000000;\"><strong><em>Szerda 14:00 &#8211; 15:00<\/em><\/strong><\/span><\/h4>\n<\/td>\n<td style=\"height: 66px; width: 201px;\">\n<h4><span style=\"font-family: verdana, geneva, sans-serif; color: #000000;\">Koll\u00e9gium<\/span><\/h4>\n<\/td>\n<\/tr>\n<\/tbody>\n<\/table>\n<h4><span style=\"font-family: verdana, geneva, sans-serif; color: #000000;\"><strong>\u00a0<\/strong><\/span><\/h4>\n<h4><span style=\"font-family: verdana, geneva, sans-serif; color: #000000;\"><strong><u>\u00c9jszakai fel\u00fcgyel\u0151k:<\/u><\/strong><\/span><\/h4>\n<h4><span style=\"font-family: verdana, geneva, sans-serif; color: #000000;\"><strong>Hajd\u00fa\u00a0J\u00f3zsefn\u00e9<\/strong><strong><br \/>\n<\/strong><strong>M\u00e1ty\u00e1s L\u00e1szl\u00f3n\u00e9<\/strong><strong><br \/>\n<\/strong><strong>B\u00e1nyai\u00a0Imre<\/strong><\/span><\/h4>\n<h4><span style=\"font-family: verdana, geneva, sans-serif; color: #000000;\"><strong>\u00a0<\/strong><\/span><\/h4>\n<h4><span style=\"font-family: verdana, geneva, sans-serif; color: #000000;\"><strong><u>\u00c1pol\u00f3n\u0151:<\/u><\/strong><\/span><\/h4>\n<h4><span style=\"font-family: verdana, geneva, sans-serif; color: #000000;\"><strong>Bencz\u00e9n\u00e9 Dob\u00f3 Kl\u00e1ra<\/strong><\/span><\/h4>\n","protected":false},"excerpt":{"rendered":"<p>\u00a0 Koll\u00e9gium: Koll\u00e9giumvezet\u0151 neve: Debreczeni G\u00e1bor Fogad\u00f3\u00f3ra: Kedd 8-9 \u00f3ra, vagy telefonos egyeztet\u00e9s alapj\u00e1n &nbsp; Koll\u00e9giumi titk\u00e1r: Szab\u00f3n\u00e9 Burai Melinda \u00a0 El\u00e9rhet\u0151s\u00e9gek: Levelez\u00e9si c\u00edm:\u00a05650 Mez\u0151ber\u00e9ny, Pet\u0151fi \u00fat 14. \u00a0 Telefonsz\u00e1mok: Gimn\u00e1zium porta: 06-66\/515-578 Koll\u00e9gium porta:\u00a006-66\/386-094 Koll\u00e9giumvezet\u0151, koll\u00e9giumi titk\u00e1r (\u00e9tkez\u00e9s lemond\u00e1sa): 2219-es mell\u00e9k Nevel\u0151i szoba: 2230-as mell\u00e9k \u00a0\u00a0\u00a0\u00a0\u00a0\u00a0\u00a0\u00a0\u00a0\u00a0\u00a0\u00a0\u00a0\u00a0\u00a0\u00a0\u00a0\u00a0\u00a0\u00a0\u00a0\u00a0\u00a0\u00a0 06-20\/358-64-68 \u00a0 Int\u00e9zm\u00e9ny nyitva tart\u00e1sa: Vas\u00e1rnap: 15 \u00f3r\u00e1t\u00f3l [&hellip;]<\/p>\n","protected":false},"author":2,"featured_media":0,"parent":0,"menu_order":0,"comment_status":"closed","ping_status":"closed","template":"","meta":{"footnotes":""},"class_list":["post-186","page","type-page","status-publish","hentry"],"_links":{"self":[{"href":"https:\/\/psgsuli.hu\/kollegium\/wp-json\/wp\/v2\/pages\/186","targetHints":{"allow":["GET"]}}],"collection":[{"href":"https:\/\/psgsuli.hu\/kollegium\/wp-json\/wp\/v2\/pages"}],"about":[{"href":"https:\/\/psgsuli.hu\/kollegium\/wp-json\/wp\/v2\/types\/page"}],"author":[{"embeddable":true,"href":"https:\/\/psgsuli.hu\/kollegium\/wp-json\/wp\/v2\/users\/2"}],"replies":[{"embeddable":true,"href":"https:\/\/psgsuli.hu\/kollegium\/wp-json\/wp\/v2\/comments?post=186"}],"version-history":[{"count":25,"href":"https:\/\/psgsuli.hu\/kollegium\/wp-json\/wp\/v2\/pages\/186\/revisions"}],"predecessor-version":[{"id":1017,"href":"https:\/\/psgsuli.hu\/kollegium\/wp-json\/wp\/v2\/pages\/186\/revisions\/1017"}],"wp:attachment":[{"href":"https:\/\/psgsuli.hu\/kollegium\/wp-json\/wp\/v2\/media?parent=186"}],"curies":[{"name":"wp","href":"https:\/\/api.w.org\/{rel}","templated":true}]}}