{"id":12,"date":"2019-03-29T07:09:09","date_gmt":"2019-03-29T07:09:09","guid":{"rendered":"https:\/\/psgsuli.hu\/kollegium\/?page_id=12"},"modified":"2024-10-21T19:16:07","modified_gmt":"2024-10-21T19:16:07","slug":"kollegiumi-csoportok","status":"publish","type":"page","link":"https:\/\/psgsuli.hu\/kollegium\/kollegiumi-csoportok\/","title":{"rendered":"Koll\u00e9giumi csoportok"},"content":{"rendered":"<h4><\/h4>\n<table style=\"height: 584px\" border=\"1\">\n<tbody>\n<tr style=\"height: 80px\">\n<td style=\"height: 80px;width: 201px\">\n<h4><span style=\"font-family: verdana, geneva, sans-serif;color: #000000\"><strong>Csoport<\/strong><\/span><\/h4>\n<\/td>\n<td style=\"height: 80px;width: 201px\">\n<h4><span style=\"font-family: verdana, geneva, sans-serif;color: #000000\"><strong>Csoportvezet\u0151 nevel\u0151tan\u00e1r<\/strong><\/span><\/h4>\n<\/td>\n<td style=\"height: 80px;width: 201px\">\n<h4><span style=\"font-family: verdana, geneva, sans-serif;color: #000000\"><strong>L\u00e9tsz\u00e1m (f\u0151)<\/strong><\/span><\/h4>\n<\/td>\n<\/tr>\n<tr style=\"height: 56px\">\n<td style=\"height: 56px;width: 201px\">\n<h4><span style=\"font-family: verdana, geneva, sans-serif;color: #000000\"><strong>9\/AJTP<\/strong><\/span><\/h4>\n<\/td>\n<td style=\"height: 56px;width: 201px\">\n<h4><span style=\"font-family: verdana, geneva, sans-serif;color: #000000\"><strong>Kincsesn\u00e9 Kov\u00e1cs Erika<\/strong><\/span><\/h4>\n<\/td>\n<td style=\"height: 56px;width: 201px\">\n<h4><span style=\"font-family: verdana, geneva, sans-serif;color: #000000\"><strong>35<\/strong><\/span><\/h4>\n<\/td>\n<\/tr>\n<tr style=\"height: 56px\">\n<td style=\"height: 56px;width: 201px\">\n<h4><span style=\"font-family: verdana, geneva, sans-serif;color: #000000\"><strong>9 NYEK\/KNY<\/strong><\/span><\/h4>\n<\/td>\n<td style=\"height: 56px;width: 201px\">\n<h4><span style=\"font-family: verdana, geneva, sans-serif;color: #000000\"><strong>Bojtor Edit<\/strong><\/span><\/h4>\n<\/td>\n<td style=\"height: 56px;width: 201px\">\n<h4><span style=\"font-family: verdana, geneva, sans-serif;color: #000000\"><strong>16<\/strong><\/span><\/h4>\n<\/td>\n<\/tr>\n<tr style=\"height: 56px\">\n<td style=\"height: 56px;width: 201px\">\n<h4><span style=\"font-family: verdana, geneva, sans-serif;color: #000000\"><strong>9\/D<\/strong><\/span><\/h4>\n<\/td>\n<td style=\"height: 56px;width: 201px\">\n<h4><span style=\"font-family: verdana, geneva, sans-serif;color: #000000\"><strong>Csonk\u00e1n\u00e9 B\u00edr\u00f3 \u00c9va<\/strong><\/span><\/h4>\n<\/td>\n<td style=\"height: 56px;width: 201px\">\n<h4><span style=\"font-family: verdana, geneva, sans-serif;color: #000000\"><strong>23<\/strong><\/span><\/h4>\n<\/td>\n<\/tr>\n<tr style=\"height: 56px\">\n<td style=\"height: 56px;width: 201px\">\n<h4><span style=\"font-family: verdana, geneva, sans-serif;color: #000000\"><strong>9 AB<\/strong><\/span><\/h4>\n<\/td>\n<td style=\"height: 56px;width: 201px\">\n<h4><span style=\"font-family: verdana, geneva, sans-serif;color: #000000\"><strong>Tak\u00e1cs Tibor<\/strong><\/span><\/h4>\n<\/td>\n<td style=\"height: 56px;width: 201px\">\n<h4><span style=\"font-family: verdana, geneva, sans-serif;color: #000000\"><strong>19<\/strong><\/span><\/h4>\n<\/td>\n<\/tr>\n<tr style=\"height: 56px\">\n<td style=\"height: 56px;width: 201px\">\n<h4><span style=\"font-family: verdana, geneva, sans-serif;color: #000000\"><strong>10 ABD<\/strong><\/span><\/h4>\n<\/td>\n<td style=\"height: 56px;width: 201px\">\n<h4><span style=\"font-family: verdana, geneva, sans-serif;color: #000000\"><strong>Tak\u00e1cs B\u00e9la<\/strong><\/span><\/h4>\n<\/td>\n<td style=\"height: 56px;width: 201px\">\n<h4><span style=\"font-family: verdana, geneva, sans-serif;color: #000000\"><strong>26<\/strong><\/span><\/h4>\n<\/td>\n<\/tr>\n<tr style=\"height: 56px\">\n<td style=\"height: 56px;width: 201px\">\n<h4><span style=\"font-family: verdana, geneva, sans-serif;color: #000000\"><strong>11\/D<\/strong><\/span><\/h4>\n<\/td>\n<td style=\"height: 56px;width: 201px\">\n<h4><span style=\"font-family: verdana, geneva, sans-serif;color: #000000\"><strong>Szugyiczkin\u00e9 Balog Edit<\/strong><\/span><\/h4>\n<\/td>\n<td style=\"height: 56px;width: 201px\">\n<h4><span style=\"font-family: verdana, geneva, sans-serif;color: #000000\"><strong>18<\/strong><\/span><\/h4>\n<\/td>\n<\/tr>\n<tr style=\"height: 56px\">\n<td style=\"height: 56px;width: 201px\">\n<h4><span style=\"font-family: verdana, geneva, sans-serif;color: #000000\"><strong>11AB, 12ABF<\/strong><\/span><\/h4>\n<\/td>\n<td style=\"height: 56px;width: 201px\">\n<h4><span style=\"font-family: verdana, geneva, sans-serif;color: #000000\"><strong>Csirmaz S\u00e1ndor<\/strong><\/span><\/h4>\n<\/td>\n<td style=\"height: 56px;width: 201px\">\n<h4><span style=\"font-family: verdana, geneva, sans-serif;color: #000000\"><strong>20<\/strong><\/span><\/h4>\n<\/td>\n<\/tr>\n<tr style=\"height: 56px\">\n<td style=\"height: 56px;width: 201px\">\n<h4><span style=\"font-family: verdana, geneva, sans-serif;color: #000000\"><strong>12\/D<\/strong><\/span><\/h4>\n<\/td>\n<td style=\"height: 56px;width: 201px\">\n<h4><span style=\"font-family: verdana, geneva, sans-serif;color: #000000\"><strong>F\u00fczesi Krisztina<\/strong><\/span><\/h4>\n<\/td>\n<td style=\"height: 56px;width: 201px\">\n<h4><span style=\"font-family: verdana, geneva, sans-serif;color: #000000\"><strong>18<\/strong><\/span><\/h4>\n<\/td>\n<\/tr>\n<tr style=\"height: 56px\">\n<td style=\"height: 56px;width: 201px\">\n<h4><span style=\"font-family: verdana, geneva, sans-serif;color: #000000\"><strong>\u00d6sszesen<\/strong><\/span><\/h4>\n<\/td>\n<td style=\"height: 56px;width: 201px\">\n<h4><span style=\"font-family: verdana, geneva, sans-serif;color: #000000\"><strong>\u00a0<\/strong><\/span><\/h4>\n<\/td>\n<td style=\"height: 56px;width: 201px\">\n<h4><span style=\"font-family: verdana, geneva, sans-serif;color: #000000\"><strong>175<\/strong><\/span><\/h4>\n<\/td>\n<\/tr>\n<\/tbody>\n<\/table>\n<h4><span style=\"font-family: verdana, geneva, sans-serif;color: #000000\"><strong>\u00a0<\/strong><\/span><\/h4>\n<h4><span style=\"font-family: verdana, geneva, sans-serif;color: #000000\">\u00a0<\/span><\/h4>\n","protected":false},"excerpt":{"rendered":"<p>Csoport Csoportvezet\u0151 nevel\u0151tan\u00e1r L\u00e9tsz\u00e1m (f\u0151) 9\/AJTP Kincsesn\u00e9 Kov\u00e1cs Erika 35 9 NYEK\/KNY Bojtor Edit 16 9\/D Csonk\u00e1n\u00e9 B\u00edr\u00f3 \u00c9va 23 9 AB Tak\u00e1cs Tibor 19 10 ABD Tak\u00e1cs B\u00e9la 26 11\/D Szugyiczkin\u00e9 Balog Edit 18 11AB, 12ABF Csirmaz S\u00e1ndor 20 12\/D F\u00fczesi Krisztina 18 \u00d6sszesen \u00a0 175 \u00a0 \u00a0<\/p>\n","protected":false},"author":1,"featured_media":0,"parent":0,"menu_order":0,"comment_status":"closed","ping_status":"closed","template":"","meta":{"footnotes":""},"class_list":["post-12","page","type-page","status-publish","hentry"],"_links":{"self":[{"href":"https:\/\/psgsuli.hu\/kollegium\/wp-json\/wp\/v2\/pages\/12","targetHints":{"allow":["GET"]}}],"collection":[{"href":"https:\/\/psgsuli.hu\/kollegium\/wp-json\/wp\/v2\/pages"}],"about":[{"href":"https:\/\/psgsuli.hu\/kollegium\/wp-json\/wp\/v2\/types\/page"}],"author":[{"embeddable":true,"href":"https:\/\/psgsuli.hu\/kollegium\/wp-json\/wp\/v2\/users\/1"}],"replies":[{"embeddable":true,"href":"https:\/\/psgsuli.hu\/kollegium\/wp-json\/wp\/v2\/comments?post=12"}],"version-history":[{"count":12,"href":"https:\/\/psgsuli.hu\/kollegium\/wp-json\/wp\/v2\/pages\/12\/revisions"}],"predecessor-version":[{"id":977,"href":"https:\/\/psgsuli.hu\/kollegium\/wp-json\/wp\/v2\/pages\/12\/revisions\/977"}],"wp:attachment":[{"href":"https:\/\/psgsuli.hu\/kollegium\/wp-json\/wp\/v2\/media?parent=12"}],"curies":[{"name":"wp","href":"https:\/\/api.w.org\/{rel}","templated":true}]}}