{"id":10,"date":"2019-03-29T07:08:46","date_gmt":"2019-03-29T07:08:46","guid":{"rendered":"https:\/\/psgsuli.hu\/kollegium\/?page_id=10"},"modified":"2024-10-21T19:11:23","modified_gmt":"2024-10-21T19:11:23","slug":"szabadidos-foglalkozasok","status":"publish","type":"page","link":"https:\/\/psgsuli.hu\/kollegium\/szabadidos-foglalkozasok\/","title":{"rendered":"Szabadid\u0151s foglalkoz\u00e1sok"},"content":{"rendered":"<h4><span style=\"font-family: verdana, geneva, sans-serif;color: #000000\"><strong>Bojtor Edit \u2013 Olasz<\/strong><\/span><\/h4>\n<h4><span style=\"font-family: verdana, geneva, sans-serif;color: #000000\"><strong>Csirmaz S\u00e1ndor \u2013 Test\u00e9p\u00edt\u00e9s<\/strong><\/span><\/h4>\n<h4><span style=\"font-family: verdana, geneva, sans-serif;color: #000000\"><strong>Csonk\u00e1n\u00e9 B\u00edr\u00f3 \u00c9va \u2013 Aerobic<\/strong><\/span><\/h4>\n<h4><span style=\"font-family: verdana, geneva, sans-serif;color: #000000\"><strong>F\u00fczesi Krisztina \u2013 Ki vagyok \u00e9n?!<\/strong><\/span><\/h4>\n<h4><span style=\"font-family: verdana, geneva, sans-serif;color: #000000\"><strong>Kincsesn\u00e9 Kov\u00e1cs Erika \u2013 Magyar<\/strong><\/span><\/h4>\n<h4><span style=\"font-family: verdana, geneva, sans-serif;color: #000000\"><strong>Szugyiczkin\u00e9 Balog Edit \u2013 Idegennyelvi tanul\u00e1sm\u00f3dszertan<\/strong><\/span><\/h4>\n<h4><span style=\"font-family: verdana, geneva, sans-serif;color: #000000\"><strong>Tak\u00e1cs B\u00e9la \u2013 M\u00e9dia, Foci h\u00e1zibajnoks\u00e1g<\/strong><\/span><\/h4>\n<h4><span style=\"font-family: verdana, geneva, sans-serif;color: #000000\"><strong>Tak\u00e1cs Tibor &#8211; Matematika<\/strong><\/span><\/h4>\n","protected":false},"excerpt":{"rendered":"<p>Bojtor Edit \u2013 Olasz Csirmaz S\u00e1ndor \u2013 Test\u00e9p\u00edt\u00e9s Csonk\u00e1n\u00e9 B\u00edr\u00f3 \u00c9va \u2013 Aerobic F\u00fczesi Krisztina \u2013 Ki vagyok \u00e9n?! Kincsesn\u00e9 Kov\u00e1cs Erika \u2013 Magyar Szugyiczkin\u00e9 Balog Edit \u2013 Idegennyelvi tanul\u00e1sm\u00f3dszertan Tak\u00e1cs B\u00e9la \u2013 M\u00e9dia, Foci h\u00e1zibajnoks\u00e1g Tak\u00e1cs Tibor &#8211; Matematika<\/p>\n","protected":false},"author":1,"featured_media":0,"parent":0,"menu_order":0,"comment_status":"closed","ping_status":"closed","template":"","meta":{"footnotes":""},"class_list":["post-10","page","type-page","status-publish","hentry"],"_links":{"self":[{"href":"https:\/\/psgsuli.hu\/kollegium\/wp-json\/wp\/v2\/pages\/10","targetHints":{"allow":["GET"]}}],"collection":[{"href":"https:\/\/psgsuli.hu\/kollegium\/wp-json\/wp\/v2\/pages"}],"about":[{"href":"https:\/\/psgsuli.hu\/kollegium\/wp-json\/wp\/v2\/types\/page"}],"author":[{"embeddable":true,"href":"https:\/\/psgsuli.hu\/kollegium\/wp-json\/wp\/v2\/users\/1"}],"replies":[{"embeddable":true,"href":"https:\/\/psgsuli.hu\/kollegium\/wp-json\/wp\/v2\/comments?post=10"}],"version-history":[{"count":16,"href":"https:\/\/psgsuli.hu\/kollegium\/wp-json\/wp\/v2\/pages\/10\/revisions"}],"predecessor-version":[{"id":976,"href":"https:\/\/psgsuli.hu\/kollegium\/wp-json\/wp\/v2\/pages\/10\/revisions\/976"}],"wp:attachment":[{"href":"https:\/\/psgsuli.hu\/kollegium\/wp-json\/wp\/v2\/media?parent=10"}],"curies":[{"name":"wp","href":"https:\/\/api.w.org\/{rel}","templated":true}]}}