{"id":5833,"date":"2021-01-06T08:35:40","date_gmt":"2021-01-06T08:35:40","guid":{"rendered":"https:\/\/psgsuli.hu\/gimnazium\/?page_id=5833"},"modified":"2022-11-16T19:47:27","modified_gmt":"2022-11-16T19:47:27","slug":"gimnazium-2020","status":"publish","type":"page","link":"https:\/\/psgsuli.hu\/gimnazium\/gimnazium-2020\/","title":{"rendered":"Gimn\u00e1zium 2020"},"content":{"rendered":"<h4><span style=\"font-family: verdana, geneva, sans-serif;color: #000000\">Angol<\/span><\/h4>\n<h4 style=\"padding-left: 40px\"><span style=\"color: #000000\"><a style=\"color: #000000\" href=\"https:\/\/psgsuli.hu\/gimnazium\/wp-content\/uploads\/sites\/3\/2021\/01\/angol-helyi-tanterv-_gimn\u00e1zium-_2020.pdf\"><span style=\"font-family: verdana, geneva, sans-serif\">Gimn\u00e1zium<\/span><\/a><\/span><\/h4>\n<h4 style=\"padding-left: 40px\"><span style=\"color: #000000\"><a style=\"color: #000000\" href=\"https:\/\/psgsuli.hu\/gimnazium\/wp-content\/uploads\/sites\/3\/2021\/01\/Az-els\u0151-idegen-nyelv-angol-tagozat_2020.pdf\"><span style=\"font-family: verdana, geneva, sans-serif\">Els\u0151 idegen nyelv &#8211; angol tagozat<\/span><\/a><\/span><\/h4>\n<h4><a href=\"https:\/\/psgsuli.hu\/gimnazium\/wp-content\/uploads\/sites\/3\/2021\/01\/BIOLOGIA-Helyi-tanterv-gimn.-9-10.-\u00e9vf.-1.pdf\"><span style=\"font-family: verdana, geneva, sans-serif;color: #000000\">Biol\u00f3gia<\/span><\/a><\/h4>\n<h4><a href=\"https:\/\/psgsuli.hu\/gimnazium\/wp-content\/uploads\/sites\/3\/2021\/01\/Digit\u00e1lis-kult\u00fara-helyi-tanterv-2020-1.pdf\"><span style=\"font-family: verdana, geneva, sans-serif;color: #000000\">Digit\u00e1lis kult\u00fara<\/span><\/a><\/h4>\n<h4><a href=\"https:\/\/psgsuli.hu\/gimnazium\/wp-content\/uploads\/sites\/3\/2022\/11\/Drama_es_szinhaz_K2.pdf\"><span style=\"font-family: verdana, geneva, sans-serif;color: #000000\">Dr\u00e1ma \u00e9s sz\u00ednh\u00e1z<\/span><\/a><\/h4>\n<h4><a href=\"https:\/\/psgsuli.hu\/gimnazium\/wp-content\/uploads\/sites\/3\/2021\/01\/\u00c9nek_9-10-_-2020.pdf\"><span style=\"font-family: verdana, geneva, sans-serif;color: #000000\">\u00c9nek<\/span><\/a><\/h4>\n<h4><span style=\"font-family: verdana, geneva, sans-serif;color: #000000\">F\u00f6ldrajz<\/span><\/h4>\n<h4 style=\"padding-left: 40px\"><span style=\"color: #000000\"><a style=\"color: #000000\" href=\"https:\/\/psgsuli.hu\/gimnazium\/wp-content\/uploads\/sites\/3\/2021\/01\/f\u00f6ldrajz-helyi-tanterv-9.\u00e9vfolyam.pdf\"><span style=\"font-family: verdana, geneva, sans-serif\">9. \u00e9vfolyam<\/span><\/a><\/span><\/h4>\n<h4 style=\"padding-left: 40px\"><span style=\"color: #000000\"><a style=\"color: #000000\" href=\"https:\/\/psgsuli.hu\/gimnazium\/wp-content\/uploads\/sites\/3\/2021\/01\/f\u00f6ldrajz-helyi-tanterv-10.\u00e9vfolyam.pdf\"><span style=\"font-family: verdana, geneva, sans-serif\">10. \u00e9vfolyam<\/span><\/a><\/span><\/h4>\n<h4><a href=\"https:\/\/psgsuli.hu\/gimnazium\/wp-content\/uploads\/sites\/3\/2021\/01\/Kemia_9-10-helyi-tanterv-MPSEG-1.pdf\"><span style=\"font-family: verdana, geneva, sans-serif;color: #000000\">K\u00e9mia<\/span><\/a><\/h4>\n<h4><a href=\"https:\/\/psgsuli.hu\/gimnazium\/wp-content\/uploads\/sites\/3\/2021\/01\/K\u00f6z\u00f6ss\u00e9gi-nevel\u00e9s_OSZT\u00c1LYF\u0150N\u00d6KI-1.pdf\"><span style=\"font-family: verdana, geneva, sans-serif;color: #000000\">K\u00f6z\u00f6ss\u00e9gi nevel\u00e9s<\/span><\/a><\/h4>\n<h4><span style=\"font-family: verdana, geneva, sans-serif;color: #000000\">Magyar nyelv \u00e9s irodalom<\/span><\/h4>\n<h4 style=\"padding-left: 40px\"><a href=\"https:\/\/psgsuli.hu\/gimnazium\/wp-content\/uploads\/sites\/3\/2021\/01\/el\u0151k\u00e9sz\u00edt\u0151s-magyarSH\u00c1.pdf\"><span style=\"font-family: verdana, geneva, sans-serif;color: #000000\">El\u0151k\u00e9sz\u00edt\u0151 \u00e9vfolyam<\/span><\/a><\/h4>\n<h4 style=\"padding-left: 40px\"><a href=\"https:\/\/psgsuli.hu\/gimnazium\/wp-content\/uploads\/sites\/3\/2021\/01\/Emelt-magyar.pdf\"><span style=\"font-family: verdana, geneva, sans-serif;color: #000000\">Emelt<\/span><\/a><\/h4>\n<h4 style=\"padding-left: 40px\"><a href=\"https:\/\/psgsuli.hu\/gimnazium\/wp-content\/uploads\/sites\/3\/2021\/01\/magyar-helyi2020kilencedikben3SH\u00c1.pdf\"><span style=\"font-family: verdana, geneva, sans-serif;color: #000000\">9-12. \u00e9vfolyam<\/span><\/a><\/h4>\n<h4><a href=\"https:\/\/psgsuli.hu\/gimnazium\/wp-content\/uploads\/sites\/3\/2021\/01\/Matematika-helyi-tanterv-2020-1.pdf\"><span style=\"font-family: verdana, geneva, sans-serif;color: #000000\">Matematika<\/span><\/a><\/h4>\n<h4><span style=\"font-family: verdana, geneva, sans-serif;color: #000000\">N\u00e9met<\/span><\/h4>\n<h4 style=\"padding-left: 40px\"><a href=\"https:\/\/psgsuli.hu\/gimnazium\/wp-content\/uploads\/sites\/3\/2021\/01\/2020_C\u00e9lnyelv.pdf\"><span style=\"font-family: verdana, geneva, sans-serif;color: #000000\">C\u00e9lnyelv<\/span><\/a><\/h4>\n<h4 style=\"padding-left: 40px\"><a href=\"https:\/\/psgsuli.hu\/gimnazium\/wp-content\/uploads\/sites\/3\/2021\/01\/2020_C\u00e9lnyelvi_civiliz\u00e1ci\u00f3.pdf\"><span style=\"font-family: verdana, geneva, sans-serif;color: #000000\">C\u00e9lnyelvi civiliz\u00e1ci\u00f3<\/span><\/a><\/h4>\n<h4 style=\"padding-left: 40px\"><a href=\"https:\/\/psgsuli.hu\/gimnazium\/wp-content\/uploads\/sites\/3\/2021\/01\/2020_K\u00e9tnyelv\u0171_nemzetis\u00e9gi.pdf\"><span style=\"font-family: verdana, geneva, sans-serif;color: #000000\">K\u00e9tnyelv\u0171 nemzetis\u00e9gi<\/span><\/a><\/h4>\n<h4 style=\"padding-left: 40px\"><a href=\"https:\/\/psgsuli.hu\/gimnazium\/wp-content\/uploads\/sites\/3\/2021\/01\/2020_N\u00e9met-emelt-\u00f3rasz\u00e1m\u00fa_els\u0151_idegen_nyelv.pdf\"><span style=\"font-family: verdana, geneva, sans-serif;color: #000000\">Els\u0151 idegennyelv &#8211; emelt<\/span><\/a><\/h4>\n<h4 style=\"padding-left: 40px\"><a href=\"https:\/\/psgsuli.hu\/gimnazium\/wp-content\/uploads\/sites\/3\/2021\/01\/2020_N\u00e9met_-nmzetis\u00e9gi_-nyelv-\u00e9s-irodalom-9-12.pdf\"><span style=\"font-family: verdana, geneva, sans-serif;color: #000000\">N\u00e9met nemzetis\u00e9gi nyelv \u00e9s irodalom<\/span><\/a><\/h4>\n<h4 style=\"padding-left: 40px\"><a href=\"https:\/\/psgsuli.hu\/gimnazium\/wp-content\/uploads\/sites\/3\/2021\/01\/2020_N\u00e9met_M\u00e1sodik_idegen_nyelv.pdf\"><span style=\"font-family: verdana, geneva, sans-serif;color: #000000\">M\u00e1sodik idegennyelv<\/span><\/a><\/h4>\n<h4 style=\"padding-left: 40px\"><a href=\"https:\/\/psgsuli.hu\/gimnazium\/wp-content\/uploads\/sites\/3\/2021\/01\/2020_N\u00e9pismeret_9-12.pdf\"><span style=\"font-family: verdana, geneva, sans-serif;color: #000000\">N\u00e9pismeret 9-12.\u00a0<\/span><\/a><\/h4>\n<h4><a href=\"https:\/\/psgsuli.hu\/gimnazium\/wp-content\/uploads\/sites\/3\/2021\/01\/olasz-helyi-tanterv_2020.pdf\"><span style=\"font-family: verdana, geneva, sans-serif;color: #000000\">Olasz<\/span><\/a><\/h4>\n<h4><a href=\"https:\/\/psgsuli.hu\/gimnazium\/wp-content\/uploads\/sites\/3\/2021\/01\/Term\u00e9szettudom\u00e1ny-Helyi-tanterv-gimn.-11.-\u00e9vf..pdf\"><span style=\"font-family: verdana, geneva, sans-serif;color: #000000\">Term\u00e9szettudom\u00e1ny<\/span><\/a><\/h4>\n<h4><a href=\"https:\/\/psgsuli.hu\/gimnazium\/wp-content\/uploads\/sites\/3\/2021\/01\/2020_Helyi_tanterv_9-12_testnevel\u00e9s.pdf\"><span style=\"font-family: verdana, geneva, sans-serif;color: #000000\">Testnevel\u00e9s<\/span><\/a><\/h4>\n<h4><span style=\"font-family: verdana, geneva, sans-serif;color: #000000\">T\u00f6rt\u00e9nelem<\/span><\/h4>\n<h4 style=\"padding-left: 40px\"><a href=\"https:\/\/psgsuli.hu\/gimnazium\/wp-content\/uploads\/sites\/3\/2021\/01\/T\u00f6rt\u00e9nelem-9-12.pdf\"><span style=\"font-family: verdana, geneva, sans-serif;color: #000000\">\u00c1llampolg\u00e1ri ismeretek<\/span><\/a><\/h4>\n<h4 style=\"padding-left: 40px\"><a href=\"https:\/\/psgsuli.hu\/gimnazium\/wp-content\/uploads\/sites\/3\/2021\/01\/T\u00f6rt\u00e9nelem-9-12.pdf\"><span style=\"font-family: verdana, geneva, sans-serif;color: #000000\">9-12. oszt\u00e1ly<\/span><\/a><\/h4>\n<h4 style=\"padding-left: 40px\"><a href=\"https:\/\/psgsuli.hu\/gimnazium\/wp-content\/uploads\/sites\/3\/2021\/01\/Emelt-t\u00f6rt\u00e9nelem.pdf\"><span style=\"font-family: verdana, geneva, sans-serif;color: #000000\">Emelt<\/span><\/a><\/h4>\n<h4><a href=\"https:\/\/psgsuli.hu\/gimnazium\/wp-content\/uploads\/sites\/3\/2021\/01\/Utaz\u00e1s-\u00e9s-Turizmus.pdf\"><span style=\"font-family: verdana, geneva, sans-serif;color: #000000\">Utaz\u00e1s \u00e9s turizmus<\/span><\/a><\/h4>\n<h4><a href=\"https:\/\/psgsuli.hu\/gimnazium\/wp-content\/uploads\/sites\/3\/2021\/01\/VIZU\u00c1LIS-KULT\u00daRA-9_10_2020.pdf\"><span style=\"font-family: verdana, geneva, sans-serif;color: #000000\">Vizu\u00e1lis kult\u00fara<\/span><\/a><\/h4>\n<h4><a href=\"https:\/\/psgsuli.hu\/gimnazium\/wp-content\/uploads\/sites\/3\/2021\/01\/PSG_Mozg\u00f3k\u00e9pkult\u00fara-\u00e9s-m\u00e9diaismeret-helyi-tanterv.pdf\"><span style=\"font-family: verdana, geneva, sans-serif;color: #000000\">Mozg\u00f3k\u00e9pkult\u00fara \u00e9s m\u00e9diaismeret<\/span><\/a><\/h4>\n<h4><span style=\"font-family: verdana, geneva, sans-serif;color: #000000\">AJTP<\/span><\/h4>\n<h4 style=\"padding-left: 40px\"><a href=\"https:\/\/psgsuli.hu\/gimnazium\/wp-content\/uploads\/sites\/3\/2021\/01\/Digit\u00e1lis-kult\u00fara-helyi-tanterv-2020-2.pdf\"><span style=\"font-family: verdana, geneva, sans-serif;color: #000000\">Digit\u00e1lis kult\u00fara<\/span><\/a><\/h4>\n<h4 style=\"padding-left: 40px\"><a href=\"https:\/\/psgsuli.hu\/gimnazium\/wp-content\/uploads\/sites\/3\/2021\/01\/Komplex_human_ismeretek_AJTP_9._evfolyam_1_ora.pdf\"><span style=\"font-family: verdana, geneva, sans-serif;color: #000000\">Komplex hum\u00e1n ismeretek<\/span><\/a><\/h4>\n<h4 style=\"padding-left: 40px\"><a href=\"https:\/\/psgsuli.hu\/gimnazium\/wp-content\/uploads\/sites\/3\/2021\/01\/9AJTP2020SH\u00c1.pdf\"><span style=\"font-family: verdana, geneva, sans-serif;color: #000000\">Magyar nyelv \u00e9s irodalom<\/span><\/a><\/h4>\n<h4 style=\"padding-left: 40px\"><a href=\"https:\/\/psgsuli.hu\/gimnazium\/wp-content\/uploads\/sites\/3\/2021\/01\/2020_AJTP_els\u0151_idegen_nyelv.pdf\"><span style=\"font-family: verdana, geneva, sans-serif;color: #000000\">N\u00e9met, mint els\u0151 idegen nyelv<\/span><\/a><\/h4>\n<h4 style=\"padding-left: 40px\"><a href=\"https:\/\/psgsuli.hu\/gimnazium\/wp-content\/uploads\/sites\/3\/2021\/01\/\u00d6nismeret-helyi-tanterv2020.pdf\"><span style=\"font-family: verdana, geneva, sans-serif;color: #000000\">\u00d6nismeret<\/span><\/a><\/h4>\n<h4 style=\"padding-left: 40px\"><a href=\"https:\/\/psgsuli.hu\/gimnazium\/wp-content\/uploads\/sites\/3\/2021\/01\/Hely-tanterv_Tanulasmodszertan_es_kommunikacio_9AJTP-12_evfolyam.pdf\"><span style=\"font-family: verdana, geneva, sans-serif;color: #000000\">Tanul\u00e1sm\u00f3dszertan \u00e9s kommunik\u00e1ci\u00f3<\/span><\/a><\/h4>\n<p>&nbsp;<\/p>\n<p>&nbsp;<\/p>\n<p>&nbsp;<\/p>\n<p>&nbsp;<\/p>\n","protected":false},"excerpt":{"rendered":"<p>Angol Gimn\u00e1zium Els\u0151 idegen nyelv &#8211; angol tagozat Biol\u00f3gia Digit\u00e1lis kult\u00fara Dr\u00e1ma \u00e9s sz\u00ednh\u00e1z \u00c9nek F\u00f6ldrajz 9. \u00e9vfolyam 10. \u00e9vfolyam K\u00e9mia K\u00f6z\u00f6ss\u00e9gi nevel\u00e9s Magyar nyelv \u00e9s irodalom El\u0151k\u00e9sz\u00edt\u0151 \u00e9vfolyam Emelt 9-12. \u00e9vfolyam Matematika N\u00e9met C\u00e9lnyelv C\u00e9lnyelvi civiliz\u00e1ci\u00f3 K\u00e9tnyelv\u0171 nemzetis\u00e9gi Els\u0151 idegennyelv &#8211; emelt N\u00e9met nemzetis\u00e9gi nyelv \u00e9s irodalom M\u00e1sodik idegennyelv N\u00e9pismeret 9-12.\u00a0 Olasz Term\u00e9szettudom\u00e1ny Testnevel\u00e9s [&hellip;]<\/p>\n","protected":false},"author":2,"featured_media":0,"parent":0,"menu_order":0,"comment_status":"closed","ping_status":"closed","template":"","meta":{"footnotes":""},"class_list":["post-5833","page","type-page","status-publish","hentry"],"_links":{"self":[{"href":"https:\/\/psgsuli.hu\/gimnazium\/wp-json\/wp\/v2\/pages\/5833","targetHints":{"allow":["GET"]}}],"collection":[{"href":"https:\/\/psgsuli.hu\/gimnazium\/wp-json\/wp\/v2\/pages"}],"about":[{"href":"https:\/\/psgsuli.hu\/gimnazium\/wp-json\/wp\/v2\/types\/page"}],"author":[{"embeddable":true,"href":"https:\/\/psgsuli.hu\/gimnazium\/wp-json\/wp\/v2\/users\/2"}],"replies":[{"embeddable":true,"href":"https:\/\/psgsuli.hu\/gimnazium\/wp-json\/wp\/v2\/comments?post=5833"}],"version-history":[{"count":8,"href":"https:\/\/psgsuli.hu\/gimnazium\/wp-json\/wp\/v2\/pages\/5833\/revisions"}],"predecessor-version":[{"id":8488,"href":"https:\/\/psgsuli.hu\/gimnazium\/wp-json\/wp\/v2\/pages\/5833\/revisions\/8488"}],"wp:attachment":[{"href":"https:\/\/psgsuli.hu\/gimnazium\/wp-json\/wp\/v2\/media?parent=5833"}],"curies":[{"name":"wp","href":"https:\/\/api.w.org\/{rel}","templated":true}]}}