{"id":5831,"date":"2021-01-06T08:35:25","date_gmt":"2021-01-06T08:35:25","guid":{"rendered":"https:\/\/psgsuli.hu\/gimnazium\/?page_id=5831"},"modified":"2022-11-16T19:01:43","modified_gmt":"2022-11-16T19:01:43","slug":"felso-tagozat-2020","status":"publish","type":"page","link":"https:\/\/psgsuli.hu\/gimnazium\/felso-tagozat-2020\/","title":{"rendered":"Fels\u0151 tagozat 2020"},"content":{"rendered":"<h4><a href=\"https:\/\/psgsuli.hu\/gimnazium\/wp-content\/uploads\/sites\/3\/2021\/01\/\u00c1ltal\u00e1nos-iskola_-angol_2020.pdf\"><span style=\"font-family: verdana, geneva, sans-serif;color: #000000\">Angol<\/span><\/a><\/h4>\n<h4><a href=\"https:\/\/psgsuli.hu\/gimnazium\/wp-content\/uploads\/sites\/3\/2021\/01\/\u00c1llampolg\u00e1ri-ism.-8.oszt\u00e1ly.pdf\"><span style=\"font-family: verdana, geneva, sans-serif;color: #000000\">\u00c1llampolg\u00e1ri ismeretek<\/span><\/a><\/h4>\n<h4><a href=\"https:\/\/psgsuli.hu\/gimnazium\/wp-content\/uploads\/sites\/3\/2021\/01\/BIOLOGIA-Helyi-tanterv-7-8.-\u00e9vf.-3.pdf\"><span style=\"font-family: verdana, geneva, sans-serif;color: #000000\">Biol\u00f3gia<\/span><\/a><\/h4>\n<h4><a href=\"https:\/\/psgsuli.hu\/gimnazium\/wp-content\/uploads\/sites\/3\/2021\/01\/Digit\u00e1lis-kult\u00fara-helyi-tanterv-2020.pdf\"><span style=\"font-family: verdana, geneva, sans-serif;color: #000000\">Digit\u00e1lis kult\u00fara<\/span><\/a><\/h4>\n<h4><span style=\"color: #000000\"><a style=\"color: #000000\" href=\"https:\/\/psgsuli.hu\/gimnazium\/wp-content\/uploads\/sites\/3\/2022\/11\/Drama_es_szinhaz_F2.pdf\"><span style=\"font-family: verdana, geneva, sans-serif\">Dr\u00e1ma \u00e9s sz\u00ednh\u00e1z<\/span><\/a><\/span><\/h4>\n<h4><a href=\"https:\/\/psgsuli.hu\/gimnazium\/wp-content\/uploads\/sites\/3\/2021\/01\/\u00c9nek_5-8-2020.pdf\"><span style=\"font-family: verdana, geneva, sans-serif;color: #000000\">\u00c9nek-zene<\/span><\/a><\/h4>\n<h4><a href=\"https:\/\/psgsuli.hu\/gimnazium\/wp-content\/uploads\/sites\/3\/2019\/10\/Evang%C3%A9likus-hittan.pdf\"><span style=\"font-family: verdana, geneva, sans-serif\"><span style=\"color: #000000\">Evang\u00e9likus hittan<\/span><\/span><\/a><\/h4>\n<h4><a href=\"https:\/\/psgsuli.hu\/gimnazium\/wp-content\/uploads\/sites\/3\/2021\/01\/Fizika-helyi-tanterv-fels\u0151-tagozat.pdf\"><span style=\"font-family: verdana, geneva, sans-serif;color: #000000\">Fizika<\/span><\/a><\/h4>\n<h4><span style=\"color: #000000\"><a style=\"color: #000000\" href=\"https:\/\/psgsuli.hu\/gimnazium\/wp-content\/uploads\/sites\/3\/2021\/09\/Foldrajz_Helyi-tanterv_Fels\u0151_tagozat.docx\"><span style=\"font-family: verdana, geneva, sans-serif\">F\u00f6ldrajz<\/span><\/a><\/span><\/h4>\n<h4><span style=\"color: #000000\"><a style=\"color: #000000\" href=\"https:\/\/psgsuli.hu\/gimnazium\/wp-content\/uploads\/sites\/3\/2022\/11\/Hon_es_nepismeret.pdf\"><span style=\"font-family: verdana, geneva, sans-serif\">Hon- \u00e9s n\u00e9pismeret<\/span><\/a><\/span><\/h4>\n<h4><a href=\"https:\/\/psgsuli.hu\/gimnazium\/wp-content\/uploads\/sites\/3\/2021\/01\/Kemia_7-8.-helyi-tanterv-MPSEG-1.pdf\"><span style=\"font-family: verdana, geneva, sans-serif;color: #000000\">K\u00e9mia<\/span><\/a><\/h4>\n<h4><a href=\"https:\/\/psgsuli.hu\/gimnazium\/wp-content\/uploads\/sites\/3\/2021\/01\/Magyar-nyelv-\u00e9s-irodalom-\u00e1ltal\u00e1nos-iskola.pdf\"><span style=\"font-family: verdana, geneva, sans-serif;color: #000000\">Magyar nyelv \u00e9s irodalom<\/span><\/a><\/h4>\n<h4><a href=\"https:\/\/psgsuli.hu\/gimnazium\/wp-content\/uploads\/sites\/3\/2021\/01\/Matematika-helyi-tanterv-2020.pdf\"><span style=\"font-family: verdana, geneva, sans-serif;color: #000000\">Matematika<\/span><\/a><\/h4>\n<h4><a href=\"https:\/\/psgsuli.hu\/gimnazium\/wp-content\/uploads\/sites\/3\/2021\/01\/2020_N\u00e9met-nemzetis\u00e9gi-nyelv-\u00e9s-irodalom-1-8..pdf\"><span style=\"font-family: verdana, geneva, sans-serif;color: #000000\">N\u00e9met nemzetis\u00e9gi nyelv \u00e9s irodalom<\/span><\/a><\/h4>\n<h4><a href=\"https:\/\/psgsuli.hu\/gimnazium\/wp-content\/uploads\/sites\/3\/2021\/01\/2020_N\u00e9met-n\u00e9pismeret-1-8..pdf\"><span style=\"font-family: verdana, geneva, sans-serif;color: #000000\">N\u00e9met n\u00e9pismeret<\/span><\/a><\/h4>\n<h4><a href=\"https:\/\/psgsuli.hu\/gimnazium\/wp-content\/uploads\/sites\/3\/2022\/11\/Termeszettudomany_5_6.pdf\"><span style=\"font-family: verdana, geneva, sans-serif;color: #000000\">Term\u00e9szettudom\u00e1ny<\/span><\/a><\/h4>\n<h4><a href=\"https:\/\/psgsuli.hu\/gimnazium\/wp-content\/uploads\/sites\/3\/2021\/01\/2020_Helyi_tanterv_5-8_testnevel\u00e9s.pdf\"><span style=\"font-family: verdana, geneva, sans-serif;color: #000000\">Testnevel\u00e9s<\/span><\/a><\/h4>\n<h4><a href=\"https:\/\/psgsuli.hu\/gimnazium\/wp-content\/uploads\/sites\/3\/2021\/01\/Technika-\u00e9s-tervez\u00e9s-helyi-tanterv.pdf\"><span style=\"font-family: verdana, geneva, sans-serif;color: #000000\">Technika \u00e9s tervez\u00e9s<\/span><\/a><\/h4>\n<h4><a href=\"https:\/\/psgsuli.hu\/gimnazium\/wp-content\/uploads\/sites\/3\/2021\/01\/T\u00d6RT\u00c9NELEM-helyi-tanterv-5-8.-\u00e9vfolyam.pdf\"><span style=\"font-family: verdana, geneva, sans-serif;color: #000000\">T\u00f6rt\u00e9nelem<\/span><\/a><\/h4>\n<h4><a href=\"https:\/\/psgsuli.hu\/gimnazium\/wp-content\/uploads\/sites\/3\/2021\/01\/VIZU\u00c1LIS-KULT\u00daRA_5_8_2020.pdf\"><span style=\"font-family: verdana, geneva, sans-serif;color: #000000\">Vizu\u00e1lis kult\u00fara<\/span><\/a><\/h4>\n","protected":false},"excerpt":{"rendered":"<p>Angol \u00c1llampolg\u00e1ri ismeretek Biol\u00f3gia Digit\u00e1lis kult\u00fara Dr\u00e1ma \u00e9s sz\u00ednh\u00e1z \u00c9nek-zene Evang\u00e9likus hittan Fizika F\u00f6ldrajz Hon- \u00e9s n\u00e9pismeret K\u00e9mia Magyar nyelv \u00e9s irodalom Matematika N\u00e9met nemzetis\u00e9gi nyelv \u00e9s irodalom N\u00e9met n\u00e9pismeret Term\u00e9szettudom\u00e1ny Testnevel\u00e9s Technika \u00e9s tervez\u00e9s T\u00f6rt\u00e9nelem Vizu\u00e1lis kult\u00fara<\/p>\n","protected":false},"author":2,"featured_media":0,"parent":0,"menu_order":0,"comment_status":"closed","ping_status":"closed","template":"","meta":{"footnotes":""},"class_list":["post-5831","page","type-page","status-publish","hentry"],"_links":{"self":[{"href":"https:\/\/psgsuli.hu\/gimnazium\/wp-json\/wp\/v2\/pages\/5831","targetHints":{"allow":["GET"]}}],"collection":[{"href":"https:\/\/psgsuli.hu\/gimnazium\/wp-json\/wp\/v2\/pages"}],"about":[{"href":"https:\/\/psgsuli.hu\/gimnazium\/wp-json\/wp\/v2\/types\/page"}],"author":[{"embeddable":true,"href":"https:\/\/psgsuli.hu\/gimnazium\/wp-json\/wp\/v2\/users\/2"}],"replies":[{"embeddable":true,"href":"https:\/\/psgsuli.hu\/gimnazium\/wp-json\/wp\/v2\/comments?post=5831"}],"version-history":[{"count":6,"href":"https:\/\/psgsuli.hu\/gimnazium\/wp-json\/wp\/v2\/pages\/5831\/revisions"}],"predecessor-version":[{"id":8485,"href":"https:\/\/psgsuli.hu\/gimnazium\/wp-json\/wp\/v2\/pages\/5831\/revisions\/8485"}],"wp:attachment":[{"href":"https:\/\/psgsuli.hu\/gimnazium\/wp-json\/wp\/v2\/media?parent=5831"}],"curies":[{"name":"wp","href":"https:\/\/api.w.org\/{rel}","templated":true}]}}