{"id":5824,"date":"2021-01-06T08:35:09","date_gmt":"2021-01-06T08:35:09","guid":{"rendered":"https:\/\/psgsuli.hu\/gimnazium\/?page_id=5824"},"modified":"2022-11-15T21:40:38","modified_gmt":"2022-11-15T21:40:38","slug":"also-tagozat-2020","status":"publish","type":"page","link":"https:\/\/psgsuli.hu\/gimnazium\/also-tagozat-2020\/","title":{"rendered":"Als\u00f3 tagozat 2020"},"content":{"rendered":"<h4><a href=\"https:\/\/psgsuli.hu\/gimnazium\/wp-content\/uploads\/sites\/3\/2021\/01\/%C3%81ltal%C3%A1nos-iskola_-angol_2020.pdf\"><span style=\"font-family: verdana, geneva, sans-serif\"><span style=\"color: #000000\">Angol nyelv<\/span><\/span><\/a><\/h4>\n<h4><a href=\"https:\/\/psgsuli.hu\/gimnazium\/wp-content\/uploads\/sites\/3\/2021\/01\/Helyitanterv-Digit\u00e1lis-kult\u00fara-3-4.-\u00e9vfolyam.pdf\"><span style=\"font-family: verdana, geneva, sans-serif;color: #000000\">Digit\u00e1lis kult\u00fara<\/span><\/a><\/h4>\n<h4><a href=\"https:\/\/psgsuli.hu\/gimnazium\/wp-content\/uploads\/sites\/3\/2021\/01\/Helyi-tanterv-\u00c9nek-zene-1-4.-\u00e9vfolyam.pdf\"><span style=\"font-family: verdana, geneva, sans-serif;color: #000000\">\u00c9nek-zene<\/span><\/a><\/h4>\n<h4><span style=\"color: #000000\"><a style=\"color: #000000\" href=\"https:\/\/psgsuli.hu\/gimnazium\/wp-content\/uploads\/sites\/3\/2019\/10\/Evang%C3%A9likus-hittan.pdf\"><span style=\"font-family: verdana, geneva, sans-serif\">Evang\u00e9likus hittan<\/span><\/a><\/span><\/h4>\n<h4><a href=\"https:\/\/psgsuli.hu\/gimnazium\/wp-content\/uploads\/sites\/3\/2021\/01\/Helyi-tanterv-Magyar-nyelv-\u00e9s-irodalom-1-4.-\u00e9vfolyam.pdf\"><span style=\"font-family: verdana, geneva, sans-serif;color: #000000\">Magyar nyelv \u00e9s irodalom<\/span><\/a><\/h4>\n<h4><a href=\"https:\/\/psgsuli.hu\/gimnazium\/wp-content\/uploads\/sites\/3\/2021\/01\/Helyi-tanterv-Matematika-1-4.-\u00e9vfolyam.pdf\"><span style=\"font-family: verdana, geneva, sans-serif;color: #000000\">Matematika<\/span><\/a><\/h4>\n<h4><a href=\"https:\/\/psgsuli.hu\/gimnazium\/wp-content\/uploads\/sites\/3\/2021\/01\/Helyi-tanterv-K\u00e9pess\u00e9gfejleszt\u0151-sakk-1-4.-\u00e9vfolyam.pdf\"><span style=\"font-family: verdana, geneva, sans-serif;color: #000000\">K\u00e9pess\u00e9gfejleszt\u0151 sakk<\/span><\/a><\/h4>\n<h4><a href=\"https:\/\/psgsuli.hu\/gimnazium\/wp-content\/uploads\/sites\/3\/2021\/01\/2020_Kos\u00e1rpal\u00e1nta_helyi_tanterv_1-4.-\u00e9vfolyam.pdf\"><span style=\"font-family: verdana, geneva, sans-serif;color: #000000\">Kos\u00e1rpal\u00e1nta<\/span><\/a><\/h4>\n<h4><a href=\"https:\/\/psgsuli.hu\/gimnazium\/wp-content\/uploads\/sites\/3\/2021\/01\/Helyi-tanterv-k\u00f6rny.ism_..pdf\"><span style=\"font-family: verdana, geneva, sans-serif;color: #000000\">K\u00f6rnyezetismeret<\/span><\/a><\/h4>\n<h4><span style=\"font-family: verdana, geneva, sans-serif;color: #000000\"><a style=\"color: #000000\" href=\"https:\/\/psgsuli.hu\/gimnazium\/wp-content\/uploads\/sites\/3\/2021\/01\/2020_N\u00e9met-nemzetis\u00e9gi-nyelv-\u00e9s-irodalom-1-8..pdf\">N\u00e9met nemzetis\u00e9gi nyelv \u00e9s irodalom<\/a><\/span><\/h4>\n<h4><a href=\"https:\/\/psgsuli.hu\/gimnazium\/wp-content\/uploads\/sites\/3\/2021\/01\/2020_N\u00e9met-n\u00e9pismeret-1-8.-1.pdf\"><span style=\"font-family: verdana, geneva, sans-serif;color: #000000\">N\u00e9met n\u00e9pismeret<\/span><\/a><\/h4>\n<h4><a href=\"https:\/\/psgsuli.hu\/gimnazium\/wp-content\/uploads\/sites\/3\/2021\/01\/Helyitanterv-Szivacsk\u00e9zilabda-1-4.-\u00e9vfolyam.pdf\"><span style=\"font-family: verdana, geneva, sans-serif;color: #000000\">Szivacs k\u00e9zilabda<\/span><\/a><\/h4>\n<h4><a href=\"https:\/\/psgsuli.hu\/gimnazium\/wp-content\/uploads\/sites\/3\/2021\/01\/Helyi-tanterv-technika-\u00e9s-tervez\u00e9s-1-4.-\u00e9vfolyam.pdf\"><span style=\"font-family: verdana, geneva, sans-serif;color: #000000\">Technika \u00e9s tervez\u00e9s<\/span><\/a><\/h4>\n<h4><a href=\"https:\/\/psgsuli.hu\/gimnazium\/wp-content\/uploads\/sites\/3\/2021\/01\/Helyitanterv-Testnevel\u00e9s-1-4.-\u00e9vfolyam.pdf\"><span style=\"font-family: verdana, geneva, sans-serif;color: #000000\">Testnevel\u00e9s<\/span><\/a><\/h4>\n<h4><a href=\"https:\/\/psgsuli.hu\/gimnazium\/wp-content\/uploads\/sites\/3\/2021\/01\/Helyi-tanterv-Vizu\u00e1lis-kult\u00fara-3-4.-\u00e9vfolyam.pdf\"><span style=\"font-family: verdana, geneva, sans-serif;color: #000000\">Vizu\u00e1lis kult\u00fara<\/span><\/a><\/h4>\n<h4><\/h4>\n<h4><\/h4>\n<h4><\/h4>\n","protected":false},"excerpt":{"rendered":"<p>Angol nyelv Digit\u00e1lis kult\u00fara \u00c9nek-zene Evang\u00e9likus hittan Magyar nyelv \u00e9s irodalom Matematika K\u00e9pess\u00e9gfejleszt\u0151 sakk Kos\u00e1rpal\u00e1nta K\u00f6rnyezetismeret N\u00e9met nemzetis\u00e9gi nyelv \u00e9s irodalom N\u00e9met n\u00e9pismeret Szivacs k\u00e9zilabda Technika \u00e9s tervez\u00e9s Testnevel\u00e9s Vizu\u00e1lis kult\u00fara<\/p>\n","protected":false},"author":2,"featured_media":0,"parent":0,"menu_order":0,"comment_status":"closed","ping_status":"closed","template":"","meta":{"footnotes":""},"class_list":["post-5824","page","type-page","status-publish","hentry"],"_links":{"self":[{"href":"https:\/\/psgsuli.hu\/gimnazium\/wp-json\/wp\/v2\/pages\/5824","targetHints":{"allow":["GET"]}}],"collection":[{"href":"https:\/\/psgsuli.hu\/gimnazium\/wp-json\/wp\/v2\/pages"}],"about":[{"href":"https:\/\/psgsuli.hu\/gimnazium\/wp-json\/wp\/v2\/types\/page"}],"author":[{"embeddable":true,"href":"https:\/\/psgsuli.hu\/gimnazium\/wp-json\/wp\/v2\/users\/2"}],"replies":[{"embeddable":true,"href":"https:\/\/psgsuli.hu\/gimnazium\/wp-json\/wp\/v2\/comments?post=5824"}],"version-history":[{"count":12,"href":"https:\/\/psgsuli.hu\/gimnazium\/wp-json\/wp\/v2\/pages\/5824\/revisions"}],"predecessor-version":[{"id":8468,"href":"https:\/\/psgsuli.hu\/gimnazium\/wp-json\/wp\/v2\/pages\/5824\/revisions\/8468"}],"wp:attachment":[{"href":"https:\/\/psgsuli.hu\/gimnazium\/wp-json\/wp\/v2\/media?parent=5824"}],"curies":[{"name":"wp","href":"https:\/\/api.w.org\/{rel}","templated":true}]}}