{"id":45,"date":"2019-03-29T07:24:18","date_gmt":"2019-03-29T07:24:18","guid":{"rendered":"https:\/\/psgsuli.hu\/gimnazium\/?page_id=45"},"modified":"2021-05-20T05:52:13","modified_gmt":"2021-05-20T05:52:13","slug":"ecdl","status":"publish","type":"page","link":"https:\/\/psgsuli.hu\/gimnazium\/ecdl\/","title":{"rendered":"ECDL"},"content":{"rendered":"<div class=\"dd-article\">\n<h4><span style=\"font-family: verdana, geneva, sans-serif;color: #000000\">Az ECDL az Eur\u00f3pai Uni\u00f3 \u00e1ltal t\u00e1mogatott, egys\u00e9ges eur\u00f3pai sz\u00e1m\u00edt\u00f3g\u00e9p-haszn\u00e1l\u00f3i bizony\u00edtv\u00e1ny, amely nem els\u0151sorban az informatikai, hanem a felhaszn\u00e1l\u00f3i ismereteket, az informatikai \u00edr\u00e1stud\u00e1s megl\u00e9t\u00e9t hivatott igazolni.<\/span><\/h4>\n<h4><span style=\"font-family: verdana, geneva, sans-serif;color: #000000\">Az ECDL 4 \u00e9s 7 modulos bizony\u00edtv\u00e1nnyal a h\u00e9t\u00e9venk\u00e9nti tov\u00e1bbk\u00e9pz\u00e9si k\u00f6telezetts\u00e9g a pedag\u00f3gusok sz\u00e1m\u00e1ra teljes\u00edtettnek tekinthet\u0151. (L\u00e1sd: 277\/1997. (XII. 22.) Korm. rendelet a pedag\u00f3gus-tov\u00e1bbk\u00e9pz\u00e9sr\u0151l, a pedag\u00f3gus-szakvizsg\u00e1r\u00f3l, valamint a tov\u00e1bbk\u00e9pz\u00e9sben r\u00e9szt vev\u0151k juttat\u00e1sair\u00f3l \u00e9s kedvezm\u00e9nyeir\u0151l, 5. \u00a7)<\/span><\/h4>\n<h4><span style=\"font-family: verdana, geneva, sans-serif;color: #000000\">Egyre t\u00f6bb fels\u0151oktat\u00e1si int\u00e9zm\u00e9ny sz\u00e1m\u00edtja be a tant\u00e1rgyi k\u00f6vetelm\u00e9nyekbe az ECDL-t, \u00edgy a hallgat\u00f3k teljes vagy r\u00e9szleges felment\u00e9st, jeles kollokviumi vagy z\u00e1rthelyi jegyet kaphatnak ECDL-bizony\u00edtv\u00e1nyuk\u00e9rt.<\/span><\/h4>\n<h4><span style=\"font-family: verdana, geneva, sans-serif;color: #000000\">A vizsgak\u00e1rtya az els\u0151 sikeres vizsg\u00e1t\u00f3l sz\u00e1m\u00edtott h\u00e1rom \u00e9vig \u00e9rv\u00e9nyes, lej\u00e1rta ut\u00e1n \u00faj vizsgak\u00e1rty\u00e1t kell v\u00e1ltani, \u00e9s az addig teljes\u00edtett vizsg\u00e1kat meg kell ism\u00e9telni. A k\u00f6zoktat\u00e1si int\u00e9zm\u00e9nyekben tanul\u00f3 di\u00e1kok sz\u00e1m\u00e1ra lehet\u0151s\u00e9g van arra, hogy a modulvizsg\u00e1kat 3 \u00e9v helyett az els\u0151 vizsga teljes\u00edt\u00e9s\u00e9t\u0151l sz\u00e1m\u00edtott 4 \u00e9ven bel\u00fcl teljes\u00edts\u00e9k.<\/span><\/h4>\n<h4><span style=\"font-family: verdana, geneva, sans-serif;color: #000000\">Tov\u00e1bbi tudnival\u00f3k:\u00a0\u00a0\u00a0\u00a0\u00a0\u00a0\u00a0\u00a0\u00a0\u00a0\u00a0\u00a0\u00a0\u00a0<\/span><\/h4>\n<h4><span style=\"font-family: verdana, geneva, sans-serif;color: #000000\"><a style=\"color: #000000\" href=\"http:\/\/njszt.hu\/ecdl\/tudnivalok\" target=\"_blank\" rel=\"noopener noreferrer\">http:\/\/njszt.hu\/ecdl\/tudnivalok<\/a><\/span><\/h4>\n<h4><span style=\"font-family: verdana, geneva, sans-serif;color: #000000\">K\u00f6lts\u00e9gek:\u00a0<\/span><\/h4>\n<table style=\"width: 493px\" border=\"1\">\n<tbody>\n<tr>\n<td style=\"width: 368px\">\n<h4><span style=\"font-family: verdana, geneva, sans-serif;color: #000000\">\u00a0Regisztr\u00e1ci\u00f3s d\u00edj<\/span><\/h4>\n<\/td>\n<td style=\"width: 109px\">\n<h4><span style=\"color: #000000\"><strong><span style=\"font-family: verdana, geneva, sans-serif\">Di\u00e1k\/Feln\u0151tt<\/span><\/strong><\/span><\/h4>\n<\/td>\n<\/tr>\n<tr>\n<td style=\"width: 368px\">\n<h4><span style=\"font-family: verdana, geneva, sans-serif;color: #000000\">\u00a0ECDL<\/span><\/h4>\n<\/td>\n<td style=\"width: 109px\">\n<h4><span style=\"font-family: verdana, geneva, sans-serif;color: #000000\">9000 Ft<\/span><\/h4>\n<\/td>\n<\/tr>\n<\/tbody>\n<\/table>\n<table border=\"1\">\n<tbody>\n<tr>\n<td>\n<h4><span style=\"font-family: verdana, geneva, sans-serif;color: #000000\">\u00a0Vizsgad\u00edjak<\/span><\/h4>\n<\/td>\n<td>\n<h4><span style=\"font-family: verdana, geneva, sans-serif;color: #000000\">vizsg\u00e1nk\u00e9nt<\/span><\/h4>\n<\/td>\n<\/tr>\n<tr>\n<td>\n<h4><span style=\"font-family: verdana, geneva, sans-serif;color: #000000\">\u00a0Feln\u0151tt\/di\u00e1k<\/span><\/h4>\n<\/td>\n<td>\n<h4><span style=\"font-family: verdana, geneva, sans-serif;color: #000000\">3500 Ft<\/span><\/h4>\n<\/td>\n<\/tr>\n<\/tbody>\n<\/table>\n<h4><span style=\"font-family: verdana, geneva, sans-serif;color: #000000\">Vizsgaid\u0151pontok:<\/span><\/h4>\n<h4><span style=\"font-family: verdana, geneva, sans-serif;color: #000000\">Egy\u00e9ni megbesz\u00e9l\u00e9s alapj\u00e1n. \u00c9rdekl\u0151dni: F\u00f6ldesi Rich\u00e1rd (<span id=\"cloak1c9951dc57c19497d706556160dedb9e\"><a style=\"color: #000000\" href=\"mailto:frichard@freemail.hu\">frichard@freemail.hu<\/a><\/span>)<\/span><\/h4>\n<\/div>\n","protected":false},"excerpt":{"rendered":"<p>Az ECDL az Eur\u00f3pai Uni\u00f3 \u00e1ltal t\u00e1mogatott, egys\u00e9ges eur\u00f3pai sz\u00e1m\u00edt\u00f3g\u00e9p-haszn\u00e1l\u00f3i bizony\u00edtv\u00e1ny, amely nem els\u0151sorban az informatikai, hanem a felhaszn\u00e1l\u00f3i ismereteket, az informatikai \u00edr\u00e1stud\u00e1s megl\u00e9t\u00e9t hivatott igazolni. Az ECDL 4 \u00e9s 7 modulos bizony\u00edtv\u00e1nnyal a h\u00e9t\u00e9venk\u00e9nti tov\u00e1bbk\u00e9pz\u00e9si k\u00f6telezetts\u00e9g a pedag\u00f3gusok sz\u00e1m\u00e1ra teljes\u00edtettnek tekinthet\u0151. (L\u00e1sd: 277\/1997. (XII. 22.) Korm. rendelet a pedag\u00f3gus-tov\u00e1bbk\u00e9pz\u00e9sr\u0151l, a pedag\u00f3gus-szakvizsg\u00e1r\u00f3l, valamint a tov\u00e1bbk\u00e9pz\u00e9sben [&hellip;]<\/p>\n","protected":false},"author":1,"featured_media":0,"parent":0,"menu_order":0,"comment_status":"closed","ping_status":"closed","template":"","meta":{"footnotes":""},"class_list":["post-45","page","type-page","status-publish","hentry"],"_links":{"self":[{"href":"https:\/\/psgsuli.hu\/gimnazium\/wp-json\/wp\/v2\/pages\/45","targetHints":{"allow":["GET"]}}],"collection":[{"href":"https:\/\/psgsuli.hu\/gimnazium\/wp-json\/wp\/v2\/pages"}],"about":[{"href":"https:\/\/psgsuli.hu\/gimnazium\/wp-json\/wp\/v2\/types\/page"}],"author":[{"embeddable":true,"href":"https:\/\/psgsuli.hu\/gimnazium\/wp-json\/wp\/v2\/users\/1"}],"replies":[{"embeddable":true,"href":"https:\/\/psgsuli.hu\/gimnazium\/wp-json\/wp\/v2\/comments?post=45"}],"version-history":[{"count":4,"href":"https:\/\/psgsuli.hu\/gimnazium\/wp-json\/wp\/v2\/pages\/45\/revisions"}],"predecessor-version":[{"id":6235,"href":"https:\/\/psgsuli.hu\/gimnazium\/wp-json\/wp\/v2\/pages\/45\/revisions\/6235"}],"wp:attachment":[{"href":"https:\/\/psgsuli.hu\/gimnazium\/wp-json\/wp\/v2\/media?parent=45"}],"curies":[{"name":"wp","href":"https:\/\/api.w.org\/{rel}","templated":true}]}}