{"id":43,"date":"2019-03-29T07:23:54","date_gmt":"2019-03-29T07:23:54","guid":{"rendered":"https:\/\/psgsuli.hu\/gimnazium\/?page_id=43"},"modified":"2019-05-07T13:59:41","modified_gmt":"2019-05-07T13:59:41","slug":"tehetsegpont","status":"publish","type":"page","link":"https:\/\/psgsuli.hu\/gimnazium\/tehetsegpont\/","title":{"rendered":"Tehets\u00e9gpont"},"content":{"rendered":"<h4><img loading=\"lazy\" decoding=\"async\" class=\"size-full wp-image-427 aligncenter\" src=\"https:\/\/psgsuli.hu\/gimnazium\/wp-content\/uploads\/sites\/3\/2019\/05\/tehetseg.jpg\" alt=\"\" width=\"1009\" height=\"1427\" srcset=\"https:\/\/psgsuli.hu\/gimnazium\/wp-content\/uploads\/sites\/3\/2019\/05\/tehetseg.jpg 1009w, https:\/\/psgsuli.hu\/gimnazium\/wp-content\/uploads\/sites\/3\/2019\/05\/tehetseg-212x300.jpg 212w, https:\/\/psgsuli.hu\/gimnazium\/wp-content\/uploads\/sites\/3\/2019\/05\/tehetseg-768x1086.jpg 768w, https:\/\/psgsuli.hu\/gimnazium\/wp-content\/uploads\/sites\/3\/2019\/05\/tehetseg-724x1024.jpg 724w\" sizes=\"auto, (max-width: 1009px) 100vw, 1009px\" \/><\/h4>\n<h4><span style=\"font-family: verdana, geneva, sans-serif;color: #000000\"><strong>Magas rang\u00fa szakmai elismer\u00e9s a PSG-nek<\/strong><\/span><\/h4>\n<h4><span style=\"font-family: verdana, geneva, sans-serif;color: #000000\">2011. okt\u00f3ber 15-\u00e9n iskol\u00e1nk, a Pet\u0151fi S\u00e1ndor Gimn\u00e1zium \u00fajabb szakmai elismer\u00e9sben r\u00e9szes\u00fclt, Akkredit\u00e1lt Kiv\u00e1l\u00f3 Tehets\u00e9gpont lett. E megtisztel\u0151 c\u00edmet az \u00e9vek \u00f3ta magas sz\u00ednvonal\u00fa tehets\u00e9ggondoz\u00f3 tev\u00e9kenys\u00e9g\u00e9vel \u00e9rdemelte ki.<\/span><\/h4>\n<h4><span style=\"font-family: verdana, geneva, sans-serif;color: #000000\"><img loading=\"lazy\" decoding=\"async\" class=\"size-medium wp-image-425 aligncenter\" src=\"https:\/\/psgsuli.hu\/gimnazium\/wp-content\/uploads\/sites\/3\/2019\/05\/akkreditalt_kivalo_tehetsegpont-300x300.jpg\" alt=\"\" width=\"300\" height=\"300\" srcset=\"https:\/\/psgsuli.hu\/gimnazium\/wp-content\/uploads\/sites\/3\/2019\/05\/akkreditalt_kivalo_tehetsegpont-300x300.jpg 300w, https:\/\/psgsuli.hu\/gimnazium\/wp-content\/uploads\/sites\/3\/2019\/05\/akkreditalt_kivalo_tehetsegpont-150x150.jpg 150w, https:\/\/psgsuli.hu\/gimnazium\/wp-content\/uploads\/sites\/3\/2019\/05\/akkreditalt_kivalo_tehetsegpont-112x112.jpg 112w, https:\/\/psgsuli.hu\/gimnazium\/wp-content\/uploads\/sites\/3\/2019\/05\/akkreditalt_kivalo_tehetsegpont.jpg 343w\" sizes=\"auto, (max-width: 300px) 100vw, 300px\" \/><\/span><\/h4>\n<h4><span style=\"font-family: verdana, geneva, sans-serif;color: #000000\">Int\u00e9zm\u00e9ny\u00fcnk a tehets\u00e9ggondoz\u00e1s \u00f6t kiemelt ter\u00fclet\u00e9n v\u00e9gez rendk\u00edv\u00fcl eredm\u00e9nyes munk\u00e1t:<\/span><\/h4>\n<h4><span style=\"font-family: verdana, geneva, sans-serif;color: #000000\">idegen nyelv<\/span><\/h4>\n<h4><span style=\"font-family: verdana, geneva, sans-serif;color: #000000\">dr\u00e1ma<\/span><\/h4>\n<h4><span style=\"font-family: verdana, geneva, sans-serif;color: #000000\">term\u00e9szetismeret<\/span><\/h4>\n<h4><span style=\"font-family: verdana, geneva, sans-serif;color: #000000\">matematika<\/span><\/h4>\n<h4><span style=\"font-family: verdana, geneva, sans-serif;color: #000000\">intraperszon\u00e1lis ter\u00fclet, azaz \u00f6nismeret \u00e9s tanul\u00e1sm\u00f3dszertan.<\/span><\/h4>\n<h4><\/h4>\n<h4><span style=\"font-family: verdana, geneva, sans-serif;color: #000000\">Az eredm\u00e9nyeket mi sem bizony\u00edtja jobban, mint a kiemelked\u0151en magas sz\u00e1m\u00fa nyelvvizsga-bizony\u00edtv\u00e1ny, sz\u00e1mtalan orsz\u00e1gos szint\u0171 versenysiker, valamint tov\u00e1bbtanul\u00e1si mutat\u00f3ink.<\/span><\/h4>\n<h4><span style=\"font-family: verdana, geneva, sans-serif;color: #000000\">Gimn\u00e1ziumunk kiemelten foglalkozik a tehets\u00e9ges \u00e1ltal\u00e1nos iskol\u00e1sokkal is, akik sz\u00e1m\u00e1ra rendszeresen szervez\u00fcnk versenyeket, illetve bemutatkoz\u00e1si lehet\u0151s\u00e9geket (pl.: iskolak\u00f3stolgat\u00f3, n\u00e9met nap).<\/span><\/h4>\n<h4><span style=\"font-family: verdana, geneva, sans-serif;color: #000000\">Az Akkredit\u00e1lt Kiv\u00e1l\u00f3 Tehets\u00e9gpont c\u00edmre iskol\u00e1nk a p\u00e1ly\u00e1zatot 2011 m\u00e1rcius\u00e1ban ny\u00fajtotta be, ezt egy helysz\u00edni szemle k\u00f6vette j\u00faniusban. Az akkredit\u00e1l\u00f3 bizotts\u00e1g a legmagasabb fok\u00fa elismer\u00e9sre terjesztette el\u0151 az iskol\u00e1t. A dokument\u00e1ci\u00f3k r\u00e9szletes vizsg\u00e1lata ut\u00e1n augusztusban d\u0151lt el a p\u00e1ly\u00e1zat sorsa, \u00edgy okt\u00f3berben Budapesten egy tehets\u00e9ggondoz\u00f3 konferencia keret\u00e9n bel\u00fcl vehett\u00fck \u00e1t a c\u00edmet bizony\u00edt\u00f3 oklevelet \u00e9s d\u00edszt\u00e1bl\u00e1t, ami az\u00f3ta a gimn\u00e1zium bej\u00e1rata melletti falat d\u00edsz\u00edti. Az elismer\u00e9s az\u00e9rt is kiemelked\u0151, mert B\u00e9k\u00e9s megy\u00e9ben \u00f6sszesen h\u00e1rom int\u00e9zm\u00e9ny b\u00fcszk\u00e9lkedhet e c\u00edmmel, k\u00f6z\u00e9piskolak\u00e9nt pedig csak a mez\u0151ber\u00e9nyi gimn\u00e1zium. <\/span><\/p>\n<p><span style=\"font-family: verdana, geneva, sans-serif;color: #000000\">Kov\u00e1cs Hajnalka<\/span><br \/>\n<span style=\"font-family: verdana, geneva, sans-serif;color: #000000\">tehets\u00e9gpont koordin\u00e1tor<\/span><\/h4>\n<p><img loading=\"lazy\" decoding=\"async\" class=\"alignnone size-thumbnail wp-image-428\" src=\"https:\/\/psgsuli.hu\/gimnazium\/wp-content\/uploads\/sites\/3\/2019\/05\/tehetseghu_234x60-150x60.jpg\" alt=\"\" width=\"150\" height=\"60\" \/><\/p>\n","protected":false},"excerpt":{"rendered":"<p>Magas rang\u00fa szakmai elismer\u00e9s a PSG-nek 2011. okt\u00f3ber 15-\u00e9n iskol\u00e1nk, a Pet\u0151fi S\u00e1ndor Gimn\u00e1zium \u00fajabb szakmai elismer\u00e9sben r\u00e9szes\u00fclt, Akkredit\u00e1lt Kiv\u00e1l\u00f3 Tehets\u00e9gpont lett. E megtisztel\u0151 c\u00edmet az \u00e9vek \u00f3ta magas sz\u00ednvonal\u00fa tehets\u00e9ggondoz\u00f3 tev\u00e9kenys\u00e9g\u00e9vel \u00e9rdemelte ki. Int\u00e9zm\u00e9ny\u00fcnk a tehets\u00e9ggondoz\u00e1s \u00f6t kiemelt ter\u00fclet\u00e9n v\u00e9gez rendk\u00edv\u00fcl eredm\u00e9nyes munk\u00e1t: idegen nyelv dr\u00e1ma term\u00e9szetismeret matematika intraperszon\u00e1lis ter\u00fclet, azaz \u00f6nismeret \u00e9s tanul\u00e1sm\u00f3dszertan. [&hellip;]<\/p>\n","protected":false},"author":1,"featured_media":0,"parent":0,"menu_order":0,"comment_status":"closed","ping_status":"closed","template":"","meta":{"footnotes":""},"class_list":["post-43","page","type-page","status-publish","hentry"],"_links":{"self":[{"href":"https:\/\/psgsuli.hu\/gimnazium\/wp-json\/wp\/v2\/pages\/43","targetHints":{"allow":["GET"]}}],"collection":[{"href":"https:\/\/psgsuli.hu\/gimnazium\/wp-json\/wp\/v2\/pages"}],"about":[{"href":"https:\/\/psgsuli.hu\/gimnazium\/wp-json\/wp\/v2\/types\/page"}],"author":[{"embeddable":true,"href":"https:\/\/psgsuli.hu\/gimnazium\/wp-json\/wp\/v2\/users\/1"}],"replies":[{"embeddable":true,"href":"https:\/\/psgsuli.hu\/gimnazium\/wp-json\/wp\/v2\/comments?post=43"}],"version-history":[{"count":3,"href":"https:\/\/psgsuli.hu\/gimnazium\/wp-json\/wp\/v2\/pages\/43\/revisions"}],"predecessor-version":[{"id":429,"href":"https:\/\/psgsuli.hu\/gimnazium\/wp-json\/wp\/v2\/pages\/43\/revisions\/429"}],"wp:attachment":[{"href":"https:\/\/psgsuli.hu\/gimnazium\/wp-json\/wp\/v2\/media?parent=43"}],"curies":[{"name":"wp","href":"https:\/\/api.w.org\/{rel}","templated":true}]}}