{"id":39,"date":"2019-03-29T07:23:26","date_gmt":"2019-03-29T07:23:26","guid":{"rendered":"https:\/\/psgsuli.hu\/gimnazium\/?page_id=39"},"modified":"2024-12-23T10:33:48","modified_gmt":"2024-12-23T10:33:48","slug":"pannon","status":"publish","type":"page","link":"https:\/\/psgsuli.hu\/gimnazium\/pannon\/","title":{"rendered":"Pannon"},"content":{"rendered":"<p><img loading=\"lazy\" decoding=\"async\" class=\"size-medium wp-image-406 aligncenter\" src=\"https:\/\/psgsuli.hu\/gimnazium\/wp-content\/uploads\/sites\/3\/2019\/05\/Pannon_nyelvvizsga_logo3-300x243.jpg\" alt=\"\" width=\"300\" height=\"243\" srcset=\"https:\/\/psgsuli.hu\/gimnazium\/wp-content\/uploads\/sites\/3\/2019\/05\/Pannon_nyelvvizsga_logo3-300x243.jpg 300w, https:\/\/psgsuli.hu\/gimnazium\/wp-content\/uploads\/sites\/3\/2019\/05\/Pannon_nyelvvizsga_logo3.jpg 400w\" sizes=\"auto, (max-width: 300px) 100vw, 300px\" \/><\/p>\n<h4><span style=\"font-family: verdana, geneva, sans-serif;color: #000000\">Iskol\u00e1nk a\u00a0<span style=\"color: #008000\"><span style=\"color: #00ff00\"><strong><a style=\"color: #00ff00\" href=\"http:\/\/www.pannon-nyelvvizsga.hu\/\" target=\"_blank\" rel=\"noopener noreferrer\">Pannon Nyelvvizsgak\u00f6zpont<\/a><\/strong><\/span>\u00a0<\/span>vizsgahelysz\u00edne.\u00a0<\/span><\/h4>\n<h4><span style=\"font-family: verdana, geneva, sans-serif;color: #00ff00\"><strong><a style=\"color: #00ff00\" href=\"https:\/\/psgsuli.hu\/gimnazium\/wp-content\/uploads\/sites\/3\/2024\/01\/2024-es-Jelentkez\u00e9si-lap.doc\" target=\"_blank\" rel=\"noopener noreferrer\">Jelentkez\u00e9si lap \u00a0<\/a><\/strong><strong><a style=\"color: #00ff00\" href=\"https:\/\/psgsuli.hu\/gimnazium\/wp-content\/uploads\/sites\/3\/2023\/11\/Pannon_vizsganapt\u00e1r_2024.pdf\" target=\"_blank\" rel=\"noopener noreferrer\">&#8211; VIZSGAID\u0150PONTOK<\/a><\/strong><\/span><\/h4>\n<h4><a href=\"https:\/\/psgsuli.hu\/gimnazium\/wp-content\/uploads\/sites\/3\/2023\/11\/Pannon_vizsgaid\u0151szakok_2024.pdf\"><span style=\"font-family: verdana, geneva, sans-serif;color: #00ff00\">Vizsgaid\u0151szak<\/span><\/a><\/h4>\n<h4><span style=\"font-family: verdana, geneva, sans-serif;color: #00ff00\"><a style=\"color: #00ff00\" href=\"https:\/\/psgsuli.hu\/gimnazium\/wp-content\/uploads\/sites\/3\/2023\/07\/Vizsgaszab\u00e1lyzat_2023.pdf\" target=\"_blank\" rel=\"noopener noreferrer\">Vizsgaszab\u00e1lyzat<\/a><\/span><\/h4>\n<h4><a href=\"https:\/\/psgsuli.hu\/gimnazium\/wp-content\/uploads\/sites\/3\/2023\/07\/T\u00e1j\u00e9koztat\u00f3-f\u00fczet_2023.pdf\"><span style=\"font-family: verdana, geneva, sans-serif;color: #00ff00\">T\u00e1j\u00e9koztat\u00f3 f\u00fczet<\/span><\/a><\/h4>\n<h4><span style=\"font-family: verdana, geneva, sans-serif;color: #000000\">Felk\u00e9sz\u00fcl\u00e9st seg\u00edtheti a\u00a0<a style=\"color: #000000\" href=\"http:\/\/lystra.hu\/hu\" target=\"_blank\" rel=\"noopener noreferrer\">Lystra<\/a>, mely let\u00f6lthet\u0151\u00a0<span style=\"color: #00ff00\"><a style=\"color: #00ff00\" href=\"https:\/\/play.google.com\/store\/apps\/details?id=hu.combit.lystra\" target=\"_blank\" rel=\"noopener noreferrer\">Androidra<\/a>\u00a0<\/span>\u00e9s\u00a0<span style=\"color: #00ff00\"><a style=\"color: #00ff00\" href=\"https:\/\/itunes.apple.com\/hu\/app\/lystra\/id889057025?mt=8\" target=\"_blank\" rel=\"noopener noreferrer\">iOS<\/a><\/span>-re egyar\u00e1nt.<\/span><\/h4>\n<h3><span style=\"font-family: verdana, geneva, sans-serif;color: #000000;font-size: 12pt\">N\u00e9met\u00a0vizsga\u00a0akkredit\u00e1l\u00e1sa\u00a0folyamatban\u00a0van.<\/span><\/h3>\n<p>&nbsp;<\/p>\n","protected":false},"excerpt":{"rendered":"<p>Iskol\u00e1nk a\u00a0Pannon Nyelvvizsgak\u00f6zpont\u00a0vizsgahelysz\u00edne.\u00a0 Jelentkez\u00e9si lap \u00a0&#8211; VIZSGAID\u0150PONTOK Vizsgaid\u0151szak Vizsgaszab\u00e1lyzat T\u00e1j\u00e9koztat\u00f3 f\u00fczet Felk\u00e9sz\u00fcl\u00e9st seg\u00edtheti a\u00a0Lystra, mely let\u00f6lthet\u0151\u00a0Androidra\u00a0\u00e9s\u00a0iOS-re egyar\u00e1nt. N\u00e9met\u00a0vizsga\u00a0akkredit\u00e1l\u00e1sa\u00a0folyamatban\u00a0van. &nbsp;<\/p>\n","protected":false},"author":1,"featured_media":0,"parent":0,"menu_order":0,"comment_status":"closed","ping_status":"closed","template":"","meta":{"footnotes":""},"class_list":["post-39","page","type-page","status-publish","hentry"],"_links":{"self":[{"href":"https:\/\/psgsuli.hu\/gimnazium\/wp-json\/wp\/v2\/pages\/39","targetHints":{"allow":["GET"]}}],"collection":[{"href":"https:\/\/psgsuli.hu\/gimnazium\/wp-json\/wp\/v2\/pages"}],"about":[{"href":"https:\/\/psgsuli.hu\/gimnazium\/wp-json\/wp\/v2\/types\/page"}],"author":[{"embeddable":true,"href":"https:\/\/psgsuli.hu\/gimnazium\/wp-json\/wp\/v2\/users\/1"}],"replies":[{"embeddable":true,"href":"https:\/\/psgsuli.hu\/gimnazium\/wp-json\/wp\/v2\/comments?post=39"}],"version-history":[{"count":23,"href":"https:\/\/psgsuli.hu\/gimnazium\/wp-json\/wp\/v2\/pages\/39\/revisions"}],"predecessor-version":[{"id":10684,"href":"https:\/\/psgsuli.hu\/gimnazium\/wp-json\/wp\/v2\/pages\/39\/revisions\/10684"}],"wp:attachment":[{"href":"https:\/\/psgsuli.hu\/gimnazium\/wp-json\/wp\/v2\/media?parent=39"}],"curies":[{"name":"wp","href":"https:\/\/api.w.org\/{rel}","templated":true}]}}