{"id":37,"date":"2019-03-29T07:23:17","date_gmt":"2019-03-29T07:23:17","guid":{"rendered":"https:\/\/psgsuli.hu\/gimnazium\/?page_id=37"},"modified":"2019-05-07T09:03:55","modified_gmt":"2019-05-07T09:03:55","slug":"dsd","status":"publish","type":"page","link":"https:\/\/psgsuli.hu\/gimnazium\/dsd\/","title":{"rendered":"DSD"},"content":{"rendered":"<table border=\"0\" cellspacing=\"0\" cellpadding=\"5\">\n<tbody>\n<tr>\n<td style=\"width: 465px\" valign=\"top\" height=\"68\">\n<h4><span style=\"font-size: 12pt;font-family: verdana, geneva, sans-serif;color: #000000\"><strong>Das\u00a0Deutsche\u00a0Sprachdiplom der Kultusministerkonferenz auf der Niveaustufe B2\/C1<\/strong><\/span><\/h4>\n<\/td>\n<td style=\"width: 0px\" height=\"68\"><\/td>\n<td style=\"width: 363px\" valign=\"top\" height=\"68\">\n<ul>\n<li>\n<h4><span style=\"font-size: 12pt;font-family: verdana, geneva, sans-serif;color: #000000\"><strong>Tartom\u00e1nyi Kultuszminiszterek Konferenci\u00e1ja N\u00e9met Nyelvi Diplomavizsg\u00e1ja<\/strong><\/span><\/h4>\n<\/li>\n<\/ul>\n<\/td>\n<\/tr>\n<tr>\n<td style=\"width: 465px\" valign=\"top\" height=\"200\">\n<h4><span style=\"font-size: 12pt;font-family: verdana, geneva, sans-serif;color: #000000\">Seit 1995 legen die Absolventen des zweisprachigen Zweiges am Pet\u0151fi S\u00e1ndor Gimn\u00e1zium in Mez\u0151ber\u00e9ny dasDSD\u00a0mit gro\u00dfem Erfolg ab. Bei der Vorbereitung auf die Pr\u00fcfung werden sie durch ihre ungarischen Deutschlehrkr\u00e4fte und durch Lehrer und Lehrerinnen aus Deutschland unterst\u00fctzt.<\/span><\/h4>\n<h4><span style=\"font-size: 12pt;font-family: verdana, geneva, sans-serif;color: #000000\">Mit dem Sprachdiplom attestiert die Kultusministerkonferenz der L\u00e4nder der Bundesrepublik Deutschland (h\u00f6chste f\u00fcr Bildung zust\u00e4ndige Institution in Deutschland) den Sch\u00fclern und Sch\u00fclerinnen ein hohes sprachliches Niveau, d.h. die Stufe<strong>B2\/C1<\/strong>\u00a0gem\u00e4\u00df dem\u00a0<strong>Gemeinsamen Europ\u00e4ischen<\/strong>\u00a0<strong>Referenzrahmen<\/strong>. Dem Pr\u00fcfling entstehen keine Kosten.<\/span><\/h4>\n<\/td>\n<td style=\"width: 0px\" height=\"200\"><\/td>\n<td style=\"width: 363px\" valign=\"top\" height=\"200\">\n<h4><span style=\"font-size: 12pt;font-family: verdana, geneva, sans-serif;color: #000000\">A mez\u0151ber\u00e9nyi Pet\u0151fi S\u00e1ndor Gimn\u00e1zium v\u00e9gz\u0151s di\u00e1kjai 1995 \u00f3ta sikeresen szerepelnek a n\u00e9met DSD nyelvvizsg\u00e1n. A felk\u00e9sz\u00fcl\u00e9s\u00fcket a gimn\u00e1ziumi \u00e9vek sor\u00e1n a magyar anyanyelv\u0171 n\u00e9met szakos tan\u00e1rok mellett n\u00e9metorsz\u00e1gi nyelvtan\u00e1rok is seg\u00edtik.<\/span><\/h4>\n<h4><span style=\"font-size: 12pt;font-family: verdana, geneva, sans-serif;color: #000000\">Ezzel a nyelvvizsg\u00e1val a N\u00e9met Sz\u00f6vets\u00e9gi K\u00f6zt\u00e1rsas\u00e1g legmagasabb szint\u0171 oktat\u00e1spolitikai test\u00fclete, a Tartom\u00e1nyi Kultuszminiszterek Konferenci\u00e1ja di\u00e1kjaink magas szint\u0171 \u2013 a K\u00f6z\u00f6s Eur\u00f3pai Referenciakeret C1 szintj\u00e9nek megfelel\u0151 \u2013 nyelvtud\u00e1s\u00e1t tan\u00fas\u00edtja.\u00a0<\/span><br \/>\n<span style=\"font-size: 12pt;font-family: verdana, geneva, sans-serif;color: #000000\">Tanul\u00f3ink sz\u00e1m\u00e1ra a vizsga ingyenes.<\/span><\/h4>\n<\/td>\n<\/tr>\n<tr>\n<td style=\"width: 465px\" valign=\"top\" height=\"3\"><\/td>\n<td style=\"width: 0px\" height=\"3\"><\/td>\n<td style=\"width: 363px\" valign=\"top\" height=\"3\"><\/td>\n<\/tr>\n<tr>\n<td style=\"width: 465px\" valign=\"top\" height=\"144\">\n<h4><span style=\"font-size: 12pt;font-family: verdana, geneva, sans-serif;color: #000000\">Gr\u00fcnde, das DSD B2\/C1 abzulegen<\/span><\/h4>\n<ul>\n<li>\n<h4><span style=\"font-size: 12pt;font-family: verdana, geneva, sans-serif;color: #000000\">Bescheinigung ausreichender Sprachkenntnisse beim Auf-nahmeverfahren an einer deutschen oder \u00f6sterreichischen Universit\u00e4t<\/span><\/h4>\n<\/li>\n<li>\n<h4><span style=\"font-size: 12pt;font-family: verdana, geneva, sans-serif;color: #000000\">50 Punkte beim Zulassungsverfahren an einer ungarischen Universit\u00e4t<\/span><\/h4>\n<\/li>\n<li>\n<h4><span style=\"font-size: 12pt;font-family: verdana, geneva, sans-serif;color: #000000\">anerkannte Zusatzqualifikation auch im Berufsleben<\/span><\/h4>\n<\/li>\n<\/ul>\n<\/td>\n<td style=\"width: 0px\" height=\"144\"><\/td>\n<td style=\"width: 363px\" valign=\"top\" height=\"144\">\n<h4><span style=\"font-size: 12pt;font-family: verdana, geneva, sans-serif;color: #000000\">Mi\u00e9rt \u00e9rdemes a DSD C1 vizsg\u00e1t letenni?<\/span><\/h4>\n<ul>\n<li>\n<h4><span style=\"font-size: 12pt;font-family: verdana, geneva, sans-serif;color: #000000\">n\u00e9met vagy osztr\u00e1k fels\u0151fok\u00fa tanulm\u00e1nyok eset\u00e9n a megfelel\u0151 nyelvtud\u00e1st igazol\u00f3, elfogadott dokumentum<\/span><\/h4>\n<\/li>\n<li>\n<h4><span style=\"font-size: 12pt;font-family: verdana, geneva, sans-serif;color: #000000\">a magyar fels\u0151oktat\u00e1si felv\u00e9teli elj\u00e1r\u00e1sban a fels\u0151fok\u00fa nyelvtud\u00e1s 50 pontot \u00e9r<\/span><\/h4>\n<\/li>\n<li>\n<h4><span style=\"font-size: 12pt;font-family: verdana, geneva, sans-serif;color: #000000\">a munkaer\u0151piacon szint\u00e9n elismert<\/span><\/h4>\n<\/li>\n<\/ul>\n<\/td>\n<\/tr>\n<tr>\n<td style=\"width: 465px\" valign=\"top\" height=\"23\">\n<h4><span style=\"font-size: 12pt;font-family: verdana, geneva, sans-serif;color: #000000\">Gr\u00fcnde, an einer DSD \u2013 Schule wie dem PSG zu lernen<\/span><\/h4>\n<\/td>\n<td style=\"width: 0px\" valign=\"top\" height=\"23\"><\/td>\n<td style=\"width: 363px\" valign=\"top\" height=\"23\">\n<h4><span style=\"font-size: 12pt;font-family: verdana, geneva, sans-serif;color: #000000\">Mi\u00e9rt \u00e9rdemes DSD iskol\u00e1ban -p\u00e9ld\u00e1ul Mez\u0151ber\u00e9nyben- tanulni?<\/span><\/h4>\n<\/td>\n<\/tr>\n<tr>\n<td style=\"width: 465px\" valign=\"top\" height=\"215\">\n<ul>\n<li>\n<h4><span style=\"font-size: 12pt;font-family: verdana, geneva, sans-serif;color: #000000\">j\u00e4hrliche Buchpr\u00e4mien f\u00fcr Sch\u00fcler und Sch\u00fclerinnen<\/span><\/h4>\n<\/li>\n<li>\n<h4><span style=\"font-size: 12pt;font-family: verdana, geneva, sans-serif;color: #000000\">M\u00f6glichkeit, ein dreiw\u00f6chiges Sprachstipendium in Deutsch-land w\u00e4hrend der Sommerferien zu bekommen<\/span><\/h4>\n<\/li>\n<li>\n<h4><span style=\"font-size: 12pt;font-family: verdana, geneva, sans-serif;color: #000000\">M\u00f6glichkeit, an einem vierw\u00f6chigen Sprachstipendium in Deutschland w\u00e4hrend der Sommerferien in einer inter-nationalen Gruppe teilzunehmen<\/span><\/h4>\n<\/li>\n<li>\n<h4><span style=\"font-size: 12pt;font-family: verdana, geneva, sans-serif;color: #000000\">M\u00f6glichkeit, sich f\u00fcr einen zweiw\u00f6chigen Aufenthalt an der Deutschen Sch\u00fclerakademie zu bewerben<\/span><\/h4>\n<\/li>\n<li>\n<h4><span style=\"font-size: 12pt;font-family: verdana, geneva, sans-serif;color: #000000\">M\u00f6glichkeit f\u00fcr Spitzensch\u00fcler, sich f\u00fcr ein von deutscher Seite vollfinanziertes Studium in Deutschland zu bewerben (Eine Sch\u00fclerin aus Mez\u0151ber\u00e9ny studierte mit einem solchen DAAD-Stipendium an der Universit\u00e4t Bonn.)<\/span><\/h4>\n<\/li>\n<\/ul>\n<\/td>\n<td style=\"width: 0px\" valign=\"top\" height=\"215\"><\/td>\n<td style=\"width: 363px\" valign=\"top\" height=\"215\">\n<ul>\n<li>\n<h4><span style=\"font-size: 12pt;font-family: verdana, geneva, sans-serif;color: #000000\">a k\u00e9ttannyelv\u0171 \u00e1gban kiemelked\u0151 tanul\u00f3k minden \u00e9vben n\u00e9met nyelv\u0171 k\u00f6nyvjutalomban r\u00e9szes\u00fclnek<\/span><\/h4>\n<\/li>\n<li>\n<h4><span style=\"font-size: 12pt;font-family: verdana, geneva, sans-serif;color: #000000\">a ny\u00e1ri sz\u00fcnetben h\u00e1rom hetes n\u00e9metorsz\u00e1gi \u00f6szt\u00f6nd\u00edj-lehet\u0151s\u00e9g (orsz\u00e1gismereti \u00e9s nyelvtanfolyamok)<\/span><\/h4>\n<\/li>\n<li>\n<h4><span style=\"font-size: 12pt;font-family: verdana, geneva, sans-serif;color: #000000\">a ny\u00e1ri sz\u00fcnbetben n\u00e9gy hetes n\u00e9metorsz\u00e1gi \u00f6szt\u00f6nd\u00edj-lehet\u0151s\u00e9g nemzetk\u00f6zi di\u00e1kcsoport tagjak\u00e9nt (\u201eInternationales Preistr\u00e4gerprogramm\u201c)<\/span><\/h4>\n<\/li>\n<li>\n<h4><span style=\"font-size: 12pt;font-family: verdana, geneva, sans-serif;color: #000000\">p\u00e1ly\u00e1zati lehet\u0151s\u00e9g k\u00e9thetes n\u00e9metorsz\u00e1gi tanulm\u00e1nyokra a N\u00e9met Di\u00e1kakad\u00e9mi\u00e1n<\/span><\/h4>\n<\/li>\n<li>\n<h4><span style=\"font-size: 12pt;font-family: verdana, geneva, sans-serif;color: #000000\">a legkiv\u00e1l\u00f3bb tanul\u00f3k n\u00e9metorsz\u00e1gi \u00f6szt\u00f6nd\u00edjra p\u00e1ly\u00e1zhatnak fels\u0151fok\u00fa tanulm\u00e1nyaik teljes id\u0151tartam\u00e1ra (Jelenleg a mez\u0151ber\u00e9nyi Pet\u0151fi S\u00e1ndor Gimn\u00e1zium egyik volt di\u00e1kja DAAD-\u00f6szt\u00f6nd\u00edjask\u00e9nt a bonni egyetemen folytatta tanulm\u00e1nyait.)<\/span><\/h4>\n<\/li>\n<\/ul>\n<\/td>\n<\/tr>\n<tr>\n<td style=\"width: 465px\" height=\"2\">\n<h4><span style=\"font-size: 12pt;font-family: verdana, geneva, sans-serif;color: #000000\"><strong>Flei\u00dfig und fr\u00f6hlich ans Werk.<br \/>\nEs lohnt sich!<\/strong><\/span><\/h4>\n<\/td>\n<td style=\"width: 0px\" height=\"2\"><\/td>\n<td style=\"width: 363px\" height=\"2\">\n<h4><span style=\"font-size: 12pt;font-family: verdana, geneva, sans-serif;color: #000000\"><strong>Fogj hozz\u00e1 j\u00f3 kedvvel, szorgalommal.<br \/>\nMeg\u00e9ri a munka!<\/strong><\/span><\/h4>\n<\/td>\n<\/tr>\n<\/tbody>\n<\/table>\n","protected":false},"excerpt":{"rendered":"<p>Das\u00a0Deutsche\u00a0Sprachdiplom der Kultusministerkonferenz auf der Niveaustufe B2\/C1 Tartom\u00e1nyi Kultuszminiszterek Konferenci\u00e1ja N\u00e9met Nyelvi Diplomavizsg\u00e1ja Seit 1995 legen die Absolventen des zweisprachigen Zweiges am Pet\u0151fi S\u00e1ndor Gimn\u00e1zium in Mez\u0151ber\u00e9ny dasDSD\u00a0mit gro\u00dfem Erfolg ab. Bei der Vorbereitung auf die Pr\u00fcfung werden sie durch ihre ungarischen Deutschlehrkr\u00e4fte und durch Lehrer und Lehrerinnen aus Deutschland unterst\u00fctzt. Mit dem Sprachdiplom attestiert [&hellip;]<\/p>\n","protected":false},"author":1,"featured_media":0,"parent":0,"menu_order":0,"comment_status":"closed","ping_status":"closed","template":"","meta":{"footnotes":""},"class_list":["post-37","page","type-page","status-publish","hentry"],"_links":{"self":[{"href":"https:\/\/psgsuli.hu\/gimnazium\/wp-json\/wp\/v2\/pages\/37","targetHints":{"allow":["GET"]}}],"collection":[{"href":"https:\/\/psgsuli.hu\/gimnazium\/wp-json\/wp\/v2\/pages"}],"about":[{"href":"https:\/\/psgsuli.hu\/gimnazium\/wp-json\/wp\/v2\/types\/page"}],"author":[{"embeddable":true,"href":"https:\/\/psgsuli.hu\/gimnazium\/wp-json\/wp\/v2\/users\/1"}],"replies":[{"embeddable":true,"href":"https:\/\/psgsuli.hu\/gimnazium\/wp-json\/wp\/v2\/comments?post=37"}],"version-history":[{"count":4,"href":"https:\/\/psgsuli.hu\/gimnazium\/wp-json\/wp\/v2\/pages\/37\/revisions"}],"predecessor-version":[{"id":417,"href":"https:\/\/psgsuli.hu\/gimnazium\/wp-json\/wp\/v2\/pages\/37\/revisions\/417"}],"wp:attachment":[{"href":"https:\/\/psgsuli.hu\/gimnazium\/wp-json\/wp\/v2\/media?parent=37"}],"curies":[{"name":"wp","href":"https:\/\/api.w.org\/{rel}","templated":true}]}}