{"id":12000,"date":"2025-09-16T15:26:39","date_gmt":"2025-09-16T15:26:39","guid":{"rendered":"https:\/\/psgsuli.hu\/gimnazium\/?page_id=12000"},"modified":"2025-09-16T15:26:39","modified_gmt":"2025-09-16T15:26:39","slug":"fogadoorak","status":"publish","type":"page","link":"https:\/\/psgsuli.hu\/gimnazium\/fogadoorak\/","title":{"rendered":"Fogad\u00f3\u00f3r\u00e1k"},"content":{"rendered":"<p style=\"text-align: center;\"><\/a><iframe loading=\"lazy\" src=\"https:\/\/psgsuli.hu\/wp-content\/uploads\/2025\/09\/Fogadoorak-2025-2026-.pdf\" width=\"800\" height=\"750\"><\/iframe><\/p>\n","protected":false},"excerpt":{"rendered":"","protected":false},"author":1,"featured_media":0,"parent":0,"menu_order":0,"comment_status":"closed","ping_status":"closed","template":"","meta":{"footnotes":""},"class_list":["post-12000","page","type-page","status-publish","hentry"],"_links":{"self":[{"href":"https:\/\/psgsuli.hu\/gimnazium\/wp-json\/wp\/v2\/pages\/12000","targetHints":{"allow":["GET"]}}],"collection":[{"href":"https:\/\/psgsuli.hu\/gimnazium\/wp-json\/wp\/v2\/pages"}],"about":[{"href":"https:\/\/psgsuli.hu\/gimnazium\/wp-json\/wp\/v2\/types\/page"}],"author":[{"embeddable":true,"href":"https:\/\/psgsuli.hu\/gimnazium\/wp-json\/wp\/v2\/users\/1"}],"replies":[{"embeddable":true,"href":"https:\/\/psgsuli.hu\/gimnazium\/wp-json\/wp\/v2\/comments?post=12000"}],"version-history":[{"count":1,"href":"https:\/\/psgsuli.hu\/gimnazium\/wp-json\/wp\/v2\/pages\/12000\/revisions"}],"predecessor-version":[{"id":12001,"href":"https:\/\/psgsuli.hu\/gimnazium\/wp-json\/wp\/v2\/pages\/12000\/revisions\/12001"}],"wp:attachment":[{"href":"https:\/\/psgsuli.hu\/gimnazium\/wp-json\/wp\/v2\/media?parent=12000"}],"curies":[{"name":"wp","href":"https:\/\/api.w.org\/{rel}","templated":true}]}}