{"id":10939,"date":"2024-05-22T12:42:52","date_gmt":"2024-05-22T12:42:52","guid":{"rendered":"https:\/\/psgsuli.hu\/gimnazium\/?page_id=10939"},"modified":"2024-05-22T12:43:06","modified_gmt":"2024-05-22T12:43:06","slug":"tanuloi-laptopok-beuzemelese","status":"publish","type":"page","link":"https:\/\/psgsuli.hu\/gimnazium\/tanuloi-laptopok-beuzemelese\/","title":{"rendered":"Tanul\u00f3i laptopok be\u00fczemel\u00e9se"},"content":{"rendered":"<h4><span style=\"font-family: verdana, geneva, sans-serif;color: #000000\">Kedves Sz\u00fcl\u0151k\/di\u00e1kok!<\/span><\/h4>\n<h4><\/h4>\n<p>&nbsp;<\/p>\n<h4><span style=\"font-family: verdana, geneva, sans-serif;color: #000000\">Szeretn\u00e9nk seg\u00edts\u00e9get ny\u00fajtani a tanul\u00f3i laptopok be\u00fczemel\u00e9s\u00e9vel kapcsolatban.\u00a0<\/span><\/h4>\n<h4><span style=\"font-family: verdana, geneva, sans-serif\"><span style=\"color: #000000\">K\u00e9rj\u00fck olvass\u00e1k el a <a style=\"color: #000000\" href=\"https:\/\/psgsuli.hu\/gimnazium\/wp-content\/uploads\/sites\/3\/2024\/05\/Lev\u00e9l-sz\u00fcl\u0151knek-\u00e9s-tanul\u00f3knak-RRF-1.2.1-projekt.pdf\"><span style=\"color: #0000ff\">t\u00e1j\u00e9koztat\u00f3 levelet<\/span><\/a>.\u00a0<\/span>B\u0151vebb inform\u00e1ci\u00f3k\u00e9rt l\u00e1togassanak el a <a href=\"https:\/\/tisztaszoftver.hu\/tajekoztatok\/szemelyes\"><span style=\"color: #0000ff\">Tisztaszoftver honlapj\u00e1ra<\/span><\/a>. <\/span><\/h4>\n<h4><span style=\"font-family: verdana, geneva, sans-serif\">Amennyiben szem\u00e9lyes licencet szeretne ig\u00e9nyelni, l\u00e1togassa meg az al\u00e1bbi honlapot.\u00a0 <span style=\"color: #0000ff\"><a style=\"color: #0000ff\" href=\"https:\/\/tisztaszoftver.hu\/igenyles\/szemelyes\">https:\/\/tisztaszoftver.hu\/igenyles\/szemelyes<\/a>\u00a0<\/span><\/span><\/h4>\n<h4><\/h4>\n<p>&nbsp;<\/p>\n<h4><span style=\"font-family: verdana, geneva, sans-serif;color: #000000\">Tov\u00e1bbi seg\u00edts\u00e9g a laptop haszn\u00e1lat\u00e1hoz:<\/span><\/h4>\n<h4><span style=\"color: #0000ff\"><a style=\"color: #0000ff\" href=\"https:\/\/psgsuli.hu\/gimnazium\/wp-content\/uploads\/sites\/3\/2024\/05\/RRF_MSWINDOWS11_be\u00fczemel\u00e9si_\u00fatmutato.pdf\"><span style=\"font-family: verdana, geneva, sans-serif\">Windows 11 be\u00fczemel\u00e9se<\/span><\/a><\/span><\/h4>\n<h4><span style=\"color: #0000ff\"><a style=\"color: #0000ff\" href=\"https:\/\/psgsuli.hu\/gimnazium\/wp-content\/uploads\/sites\/3\/2024\/05\/Office-licensz-ig\u00e9nyl\u00e9s-\u00e9s-aktiv\u00e1l\u00e1s.pdf\"><span style=\"font-family: verdana, geneva, sans-serif\">Office licenc ig\u00e9nyl\u00e9se \u00e9s be\u00fczemel\u00e9se<\/span><\/a><\/span><\/h4>\n","protected":false},"excerpt":{"rendered":"<p>Kedves Sz\u00fcl\u0151k\/di\u00e1kok! &nbsp; Szeretn\u00e9nk seg\u00edts\u00e9get ny\u00fajtani a tanul\u00f3i laptopok be\u00fczemel\u00e9s\u00e9vel kapcsolatban.\u00a0 K\u00e9rj\u00fck olvass\u00e1k el a t\u00e1j\u00e9koztat\u00f3 levelet.\u00a0B\u0151vebb inform\u00e1ci\u00f3k\u00e9rt l\u00e1togassanak el a Tisztaszoftver honlapj\u00e1ra. Amennyiben szem\u00e9lyes licencet szeretne ig\u00e9nyelni, l\u00e1togassa meg az al\u00e1bbi honlapot.\u00a0 https:\/\/tisztaszoftver.hu\/igenyles\/szemelyes\u00a0 &nbsp; Tov\u00e1bbi seg\u00edts\u00e9g a laptop haszn\u00e1lat\u00e1hoz: Windows 11 be\u00fczemel\u00e9se Office licenc ig\u00e9nyl\u00e9se \u00e9s be\u00fczemel\u00e9se<\/p>\n","protected":false},"author":2,"featured_media":0,"parent":0,"menu_order":0,"comment_status":"closed","ping_status":"closed","template":"","meta":{"footnotes":""},"class_list":["post-10939","page","type-page","status-publish","hentry"],"_links":{"self":[{"href":"https:\/\/psgsuli.hu\/gimnazium\/wp-json\/wp\/v2\/pages\/10939","targetHints":{"allow":["GET"]}}],"collection":[{"href":"https:\/\/psgsuli.hu\/gimnazium\/wp-json\/wp\/v2\/pages"}],"about":[{"href":"https:\/\/psgsuli.hu\/gimnazium\/wp-json\/wp\/v2\/types\/page"}],"author":[{"embeddable":true,"href":"https:\/\/psgsuli.hu\/gimnazium\/wp-json\/wp\/v2\/users\/2"}],"replies":[{"embeddable":true,"href":"https:\/\/psgsuli.hu\/gimnazium\/wp-json\/wp\/v2\/comments?post=10939"}],"version-history":[{"count":2,"href":"https:\/\/psgsuli.hu\/gimnazium\/wp-json\/wp\/v2\/pages\/10939\/revisions"}],"predecessor-version":[{"id":10944,"href":"https:\/\/psgsuli.hu\/gimnazium\/wp-json\/wp\/v2\/pages\/10939\/revisions\/10944"}],"wp:attachment":[{"href":"https:\/\/psgsuli.hu\/gimnazium\/wp-json\/wp\/v2\/media?parent=10939"}],"curies":[{"name":"wp","href":"https:\/\/api.w.org\/{rel}","templated":true}]}}