{"id":1032,"date":"2019-05-27T08:24:56","date_gmt":"2019-05-27T08:24:56","guid":{"rendered":"https:\/\/psgsuli.hu\/gimnazium\/?page_id=1032"},"modified":"2019-06-03T06:31:01","modified_gmt":"2019-06-03T06:31:01","slug":"evangelikus-egyhaz","status":"publish","type":"page","link":"https:\/\/psgsuli.hu\/gimnazium\/evangelikus-egyhaz\/","title":{"rendered":"Evang\u00e9likus egyh\u00e1z"},"content":{"rendered":"<h4 style=\"text-align: justify\"><span style=\"font-family: verdana, geneva, sans-serif;color: #000000\">2012 szeptember\u00e9t\u0151l iskol\u00e1nk egyh\u00e1zi fenntart\u00e1s\u00fa int\u00e9zm\u00e9nny\u00e9 v\u00e1lt, fenntart\u00f3ja a\u00a0<strong>Magyarorsz\u00e1gi Evang\u00e9likus Egyh\u00e1z<\/strong>\u00a0lett. Ezen az oldalon az evang\u00e9likus egyh\u00e1zzal, a hazai \u00e9s helyi evang\u00e9likuss\u00e1ggal kapcsolatos legfontosabb oldalakat gy\u0171jt\u00f6tt\u00fck \u00f6ssze, melyek kiindul\u00e1sul szolg\u00e1lhatnak az egyh\u00e1z megismer\u00e9s\u00e9hez.<\/span><\/h4>\n<h4 style=\"text-align: justify\"><span style=\"font-family: verdana, geneva, sans-serif;color: #000000\">&#8211; Egyh\u00e1zunk tan\u00edt\u00e1s\u00e1t, \u00e9let\u00e9t, szok\u00e1sait r\u00f6vid, \u00e1ttekinthet\u0151 form\u00e1ban \u00e9s k\u00f6z\u00e9rthet\u0151 nyelven foglalja \u00f6ssze az \u201eEvang\u00e9likus Egyszeregy\u201d oldala: <span style=\"color: #0000ff\"><a style=\"color: #0000ff\" href=\"https:\/\/www.egyszeregy.hu\/\">https:\/\/www.egyszeregy.hu\/<\/a><\/span><\/span><\/h4>\n<h4 style=\"text-align: justify\"><span style=\"font-family: verdana, geneva, sans-serif;color: #000000\">&#8211; A Magyarorsz\u00e1gi Evang\u00e9likus Egyh\u00e1z hivatalos oldala az\u00a0<span style=\"color: #0000ff\"><strong><a style=\"color: #0000ff\" href=\"http:\/\/evangelikus.hu\/\" target=\"_blank\" rel=\"noopener noreferrer\">evangelikus.hu<\/a><\/strong><\/span>., melyen az \u00e1ltal\u00e1nos inform\u00e1ci\u00f3kon t\u00fal a legfrissebb egyh\u00e1zi h\u00edrek \u00e9s esem\u00e9nyek is el\u00e9rhet\u0151k.<\/span><\/h4>\n<h4 style=\"text-align: justify\"><span style=\"font-family: verdana, geneva, sans-serif;color: #000000\">\u00a0 \u00a0 \u00a0\u00a0&#8211; A minden reggel felolvas\u00e1sra ker\u00fcl\u0151 napind\u00edt\u00f3k pedig\u00a0<a style=\"color: #000000\" href=\"http:\/\/gimnazium.mezobereny.hu\/index.php\/79-napinditok\">ide<\/a>\u00a0kattintva \u00e9rhet\u0151ek\u00a0 \u00a0 \u00a0 \u00a0 \u00a0el.\u00a0<\/span><\/h4>\n<h4 style=\"text-align: justify\"><span style=\"font-family: verdana, geneva, sans-serif;color: #000000\">\u00a0 \u00a0 \u00a0 &#8211; Iskol\u00e1nk m\u00f6g\u00f6tt helyi szinten Mez\u0151ber\u00e9ny k\u00e9t evang\u00e9likus gy\u00fclekezete \u00e1ll.<\/span><\/h4>\n<h4 style=\"text-align: justify\"><span style=\"font-family: verdana, geneva, sans-serif;color: #000000\">&#8211; A Mez\u0151ber\u00e9nyi I. ker\u00fcleti (n\u00e9met) Evang\u00e9likus Egyh\u00e1zk\u00f6zs\u00e9g honlapja: <span style=\"color: #0000ff\"><strong><a style=\"color: #0000ff\" href=\"http:\/\/mezobereny1.lutheran.hu\/\">http:\/\/mezobereny1.lutheran.hu<\/a><\/strong><\/span><\/span><\/h4>\n<h4 style=\"text-align: justify\"><span style=\"font-family: verdana, geneva, sans-serif;color: #000000\">&#8211; A Mez\u0151ber\u00e9nyi II. ker\u00fcleti (szlov\u00e1k) Evang\u00e9likus Egyh\u00e1zk\u00f6zs\u00e9g honlapja:<span style=\"color: #0000ff\"><strong> <a style=\"color: #0000ff\" href=\"http:\/\/mezobereny2.lutheran.hu\/\">http:\/\/mezobereny2.lu\u00a0theran.hu<\/a><\/strong><\/span><\/span><\/h4>\n<p><img loading=\"lazy\" decoding=\"async\" class=\"aligncenter\" src=\"http:\/\/gimnazium.mezobereny.hu\/images\/evangelikus_egyhaz\/lutherr%C3%B3zsa3.jpg\" alt=\"lutherr\u00f3zsa3\" width=\"300\" height=\"240\" \/><\/p>\n","protected":false},"excerpt":{"rendered":"<p>2012 szeptember\u00e9t\u0151l iskol\u00e1nk egyh\u00e1zi fenntart\u00e1s\u00fa int\u00e9zm\u00e9nny\u00e9 v\u00e1lt, fenntart\u00f3ja a\u00a0Magyarorsz\u00e1gi Evang\u00e9likus Egyh\u00e1z\u00a0lett. Ezen az oldalon az evang\u00e9likus egyh\u00e1zzal, a hazai \u00e9s helyi evang\u00e9likuss\u00e1ggal kapcsolatos legfontosabb oldalakat gy\u0171jt\u00f6tt\u00fck \u00f6ssze, melyek kiindul\u00e1sul szolg\u00e1lhatnak az egyh\u00e1z megismer\u00e9s\u00e9hez. &#8211; Egyh\u00e1zunk tan\u00edt\u00e1s\u00e1t, \u00e9let\u00e9t, szok\u00e1sait r\u00f6vid, \u00e1ttekinthet\u0151 form\u00e1ban \u00e9s k\u00f6z\u00e9rthet\u0151 nyelven foglalja \u00f6ssze az \u201eEvang\u00e9likus Egyszeregy\u201d oldala: https:\/\/www.egyszeregy.hu\/ &#8211; A Magyarorsz\u00e1gi Evang\u00e9likus [&hellip;]<\/p>\n","protected":false},"author":2,"featured_media":0,"parent":0,"menu_order":0,"comment_status":"closed","ping_status":"closed","template":"","meta":{"footnotes":""},"class_list":["post-1032","page","type-page","status-publish","hentry"],"_links":{"self":[{"href":"https:\/\/psgsuli.hu\/gimnazium\/wp-json\/wp\/v2\/pages\/1032","targetHints":{"allow":["GET"]}}],"collection":[{"href":"https:\/\/psgsuli.hu\/gimnazium\/wp-json\/wp\/v2\/pages"}],"about":[{"href":"https:\/\/psgsuli.hu\/gimnazium\/wp-json\/wp\/v2\/types\/page"}],"author":[{"embeddable":true,"href":"https:\/\/psgsuli.hu\/gimnazium\/wp-json\/wp\/v2\/users\/2"}],"replies":[{"embeddable":true,"href":"https:\/\/psgsuli.hu\/gimnazium\/wp-json\/wp\/v2\/comments?post=1032"}],"version-history":[{"count":3,"href":"https:\/\/psgsuli.hu\/gimnazium\/wp-json\/wp\/v2\/pages\/1032\/revisions"}],"predecessor-version":[{"id":1175,"href":"https:\/\/psgsuli.hu\/gimnazium\/wp-json\/wp\/v2\/pages\/1032\/revisions\/1175"}],"wp:attachment":[{"href":"https:\/\/psgsuli.hu\/gimnazium\/wp-json\/wp\/v2\/media?parent=1032"}],"curies":[{"name":"wp","href":"https:\/\/api.w.org\/{rel}","templated":true}]}}