{"id":1025,"date":"2019-05-27T08:12:27","date_gmt":"2019-05-27T08:12:27","guid":{"rendered":"https:\/\/psgsuli.hu\/gimnazium\/?page_id=1025"},"modified":"2025-11-04T10:35:31","modified_gmt":"2025-11-04T10:35:31","slug":"iskolai-dokumentumok","status":"publish","type":"page","link":"https:\/\/psgsuli.hu\/gimnazium\/iskolai-dokumentumok\/","title":{"rendered":"Iskolai dokumentumok"},"content":{"rendered":"<h4><span style=\"font-family: verdana, geneva, sans-serif; color: #000000;\">1, <a style=\"color: #000000;\" href=\"https:\/\/psgsuli.hu\/gimnazium\/wp-content\/uploads\/sites\/3\/2025\/10\/SZMSZ_20250901.pdf\">Szervezeti \u00e9s m\u0171k\u00f6d\u00e9si szab\u00e1lyzat<\/a><\/span><\/h4>\n<h4><span style=\"font-family: verdana, geneva, sans-serif; color: #000000;\">2, <a style=\"color: #000000;\" href=\"https:\/\/psgsuli.hu\/gimnazium\/wp-content\/uploads\/sites\/3\/2025\/10\/Pedagogiai-Program_20250901.pdf\">Pedag\u00f3giai Program<\/a><\/span><\/h4>\n<h4><span style=\"font-family: verdana, geneva, sans-serif; color: #000000;\">3, Helyi tanterv<\/span><\/h4>\n<h4><span style=\"color: #000000;\"><span style=\"font-family: verdana, geneva, sans-serif;\">\u00a0 \u00a0\u00c1ltal\u00e1nos iskola<\/span><\/span><\/h4>\n<h4><span style=\"font-family: verdana, geneva, sans-serif; color: #000000;\">\u00a0 \u00a0 \u00a0 \u00a0 \u00a0 <a style=\"color: #000000;\" href=\"https:\/\/psgsuli.hu\/gimnazium\/also-tagozat-2020\/\">Als\u00f3 tagozat<\/a><\/span><\/h4>\n<h4><span style=\"font-family: verdana, geneva, sans-serif; color: #000000;\">\u00a0 \u00a0 \u00a0 \u00a0 \u00a0 <a style=\"color: #000000;\" href=\"https:\/\/psgsuli.hu\/gimnazium\/felso-tagozat-2020\/\">Fels\u0151 tagozat<\/a><\/span><\/h4>\n<h4><span style=\"font-family: verdana, geneva, sans-serif; color: #000000;\">\u00a0 \u00a0<a style=\"color: #000000;\" href=\"https:\/\/psgsuli.hu\/gimnazium\/gimnazium-2020\/\">Gimn\u00e1zium<\/a><\/span><\/h4>\n<h4><span style=\"color: #000000;\">\u00a0 \u00a0<a style=\"color: #000000;\" href=\"https:\/\/psgsuli.hu\/gimnazium\/wp-content\/uploads\/sites\/3\/2021\/09\/2020Koll\u00e9giumi-helyi-tanterv-j\u00fanius-1.docx\"><span style=\"font-family: verdana, geneva, sans-serif;\">Koll\u00e9gium<\/span><\/a><\/span><\/h4>\n<h4><span style=\"font-family: verdana, geneva, sans-serif; color: #000000;\">4, <a href=\"https:\/\/psgsuli.hu\/gimnazium\/wp-content\/uploads\/sites\/3\/2025\/11\/Munkaterv.pdf\"><span style=\"color: #000000;\">A tan\u00e9v helyi rendje<\/span><\/a><\/span><\/h4>\n<h4><span style=\"font-family: verdana, geneva, sans-serif; color: #000000;\">5, <a style=\"color: #000000;\" href=\"https:\/\/psgsuli.hu\/gimnazium\/wp-content\/uploads\/sites\/3\/2021\/09\/AJTP-munkaterv-2021-2022.docx\">AJTP munkaterv<\/a><\/span><\/h4>\n<h4><span style=\"font-family: verdana, geneva, sans-serif; color: #000000;\">6, <a style=\"color: #000000;\" href=\"https:\/\/psgsuli.hu\/gimnazium\/wp-content\/uploads\/sites\/3\/2025\/11\/vegleges-Hazirend-menza-valtoztatasokkal-2025.-09.-.-tol.pdf\">H\u00e1zirend<\/a><\/span><\/h4>\n<h4><span style=\"font-family: verdana, geneva, sans-serif; color: #000000;\">7, <a style=\"color: #000000;\" href=\"https:\/\/psgsuli.hu\/gimnazium\/wp-content\/uploads\/sites\/3\/2019\/06\/Etikai_kodex-1.pdf\">Etikai k\u00f3dex<\/a><\/span><\/h4>\n<h4><span style=\"font-family: verdana, geneva, sans-serif; color: #000000;\">8, <a style=\"color: #000000;\" href=\"https:\/\/psgsuli.hu\/gimnazium\/wp-content\/uploads\/sites\/3\/2019\/06\/Adatv\u00e9delmi_Szab\u00e1lyzat_PSG_2018.pdf\">Adatv\u00e9delmi szab\u00e1lyzat<\/a><\/span><\/h4>\n<h4><span style=\"font-family: verdana, geneva, sans-serif; color: #000000;\">9, <a href=\"https:\/\/psgsuli.hu\/gimnazium\/wp-content\/uploads\/sites\/3\/2019\/06\/36569_2017_KOZNEVTART_melleklet_Gyvt.pdf\"><span style=\"color: #000000;\">Gyermekv\u00e9delem<\/span><\/a><\/span><\/h4>\n<h4><\/h4>\n","protected":false},"excerpt":{"rendered":"<p>1, Szervezeti \u00e9s m\u0171k\u00f6d\u00e9si szab\u00e1lyzat 2, Pedag\u00f3giai Program 3, Helyi tanterv \u00a0 \u00a0\u00c1ltal\u00e1nos iskola \u00a0 \u00a0 \u00a0 \u00a0 \u00a0 Als\u00f3 tagozat \u00a0 \u00a0 \u00a0 \u00a0 \u00a0 Fels\u0151 tagozat \u00a0 \u00a0Gimn\u00e1zium \u00a0 \u00a0Koll\u00e9gium 4, A tan\u00e9v helyi rendje 5, AJTP munkaterv 6, H\u00e1zirend 7, Etikai k\u00f3dex 8, Adatv\u00e9delmi szab\u00e1lyzat 9, Gyermekv\u00e9delem<\/p>\n","protected":false},"author":2,"featured_media":0,"parent":0,"menu_order":0,"comment_status":"closed","ping_status":"closed","template":"","meta":{"footnotes":""},"class_list":["post-1025","page","type-page","status-publish","hentry"],"_links":{"self":[{"href":"https:\/\/psgsuli.hu\/gimnazium\/wp-json\/wp\/v2\/pages\/1025","targetHints":{"allow":["GET"]}}],"collection":[{"href":"https:\/\/psgsuli.hu\/gimnazium\/wp-json\/wp\/v2\/pages"}],"about":[{"href":"https:\/\/psgsuli.hu\/gimnazium\/wp-json\/wp\/v2\/types\/page"}],"author":[{"embeddable":true,"href":"https:\/\/psgsuli.hu\/gimnazium\/wp-json\/wp\/v2\/users\/2"}],"replies":[{"embeddable":true,"href":"https:\/\/psgsuli.hu\/gimnazium\/wp-json\/wp\/v2\/comments?post=1025"}],"version-history":[{"count":57,"href":"https:\/\/psgsuli.hu\/gimnazium\/wp-json\/wp\/v2\/pages\/1025\/revisions"}],"predecessor-version":[{"id":12076,"href":"https:\/\/psgsuli.hu\/gimnazium\/wp-json\/wp\/v2\/pages\/1025\/revisions\/12076"}],"wp:attachment":[{"href":"https:\/\/psgsuli.hu\/gimnazium\/wp-json\/wp\/v2\/media?parent=1025"}],"curies":[{"name":"wp","href":"https:\/\/api.w.org\/{rel}","templated":true}]}}