{"id":1018,"date":"2019-05-27T08:07:37","date_gmt":"2019-05-27T08:07:37","guid":{"rendered":"https:\/\/psgsuli.hu\/gimnazium\/?page_id=1018"},"modified":"2019-05-27T08:22:36","modified_gmt":"2019-05-27T08:22:36","slug":"iskolank","status":"publish","type":"page","link":"https:\/\/psgsuli.hu\/gimnazium\/iskolank\/","title":{"rendered":"Iskol\u00e1nk"},"content":{"rendered":"<h4 style=\"text-align: justify\"><span style=\"font-family: verdana, geneva, sans-serif;color: #000000\">Mez\u0151ber\u00e9ny nev\u00e9t oklev\u00e9lben 1347-ben eml\u00edtik el\u0151sz\u00f6r a b\u00e9k\u00e9si uradalom birtokak\u00e9nt.<\/span><\/h4>\n<h4 style=\"text-align: justify\"><span style=\"font-family: verdana, geneva, sans-serif;color: #000000\">T\u00f6rt\u00e9net\u00e9nek egy r\u00f6vid, de fontos id\u0151szaka j\u00e1tsz\u00f3dott le 1702-1709 k\u00f6z\u00f6tt. A t\u00f6r\u00f6k h\u00f3dolts\u00e1g megsz\u0171n\u00e9s\u00e9t k\u00f6vet\u0151en 1702-ben az el\u0171z\u00f6tt lakosok visszat\u00e9rtek az elhagyott falujukba. 26 csal\u00e1d D\u00e1lyi J\u00e1nos lelk\u00e9sz vezet\u00e9s\u00e9vel megalap\u00edtotta a m\u00e1sodik Ber\u00e9nyt. S\u00e1rral tapasztott templomot \u00e9p\u00edtettek, majd harangot \u00f6nt\u00f6ttek \u00e9s elk\u00e9sz\u00edtett\u00e9k a k\u00f6zs\u00e9g pecs\u00e9tj\u00e9t. Az a r\u00e9gi pecs\u00e9t lett a k\u00e9s\u0151bbi, \u00e9s a ma is haszn\u00e1latos c\u00edmer alapja. Mindez elsz\u00e1nts\u00e1gukat jelzi, nem rajtuk m\u00falt, hogy a meg\u00fajul\u00f3 telep\u00fcl\u00e9s a R\u00e1k\u00f3czi-szabads\u00e1gharc alatt \u00fajra lakatlann\u00e1 v\u00e1lt.<\/span><\/h4>\n<h4 style=\"text-align: justify\"><span style=\"font-family: verdana, geneva, sans-serif;color: #000000\">Az 1720-as \u00e9vekben B\u00e9k\u00e9s \u00e9s Csan\u00e1d megye a Harruckern csal\u00e1d tulajdon\u00e1ba ker\u00fclt. Ekkor kezd\u0151d\u00f6tt az eln\u00e9ptelenedett vid\u00e9k tudatos ben\u00e9pes\u00edt\u00e9se b\u00e1r\u00f3 Harruckern J\u00e1nos Gy\u00f6rgy vezet\u00e9s\u00e9vel. Az elhagyott falvak egy r\u00e9sz\u00e9be visszat\u00e9rt az elmenek\u00fclt lakoss\u00e1g. M\u00e1s telep\u00fcl\u00e9sek, \u00edgy Mez\u0151ber\u00e9ny is szervezett telep\u00edt\u00e9si akci\u00f3 sor\u00e1n \u00e9ledt \u00fajra. Az els\u0151 telepesek szlov\u00e1kok voltak, 1723-ban Madar\u00e1sz Andr\u00e1s vezet\u00e9s\u00e9vel \u00e9rkeztek felvid\u00e9ki megy\u00e9kb\u0151l \u00e9s az Alf\u00f6ld \u00e9szaki ter\u00fclet\u00e9r\u0151l. \u0150ket 1725-ben n\u00e9met telepesek k\u00f6vett\u00e9k, f\u0151k\u00e9nt W\u00fcrttenbergb\u0151l, Sv\u00e1bf\u00f6ldr\u0151l \u00e9s Magyarorsz\u00e1g nyugati megy\u00e9ib\u0151l. A magyar csal\u00e1dok 1731-ben a k\u00f6rnyez\u0151 falvakb\u00f3l \u00e9s a szomsz\u00e9dos megy\u00e9kb\u0151l k\u00f6lt\u00f6ztek a telep\u00fcl\u00e9sre. A betelep\u00fcl\u00e9s a 18. sz\u00e1zad k\u00f6zep\u00e9ig folytat\u00f3dott. A n\u00e9pess\u00e9g gyorsan n\u00f6vekedett, az 1700-as \u00e9vek v\u00e9g\u00e9re el\u00e9rte az 5. 000 f\u0151t. A lakoss\u00e1g etnikai megoszl\u00e1sa a k\u00f6vetkez\u0151k\u00e9ppen alakult: szlov\u00e1k 44,5%, n\u00e9met 34,1%, magyar 21,4%. Ez az ar\u00e1ny a 19. sz\u00e1zad k\u00f6zep\u00e9ig megmaradt. A letelep\u00fclt lakoss\u00e1g h\u00e1rom lak\u00f3k\u00f6rzetben egym\u00e1st\u00f3l elk\u00fcl\u00f6n\u00fclten helyezkedett el. Mindh\u00e1rom n\u00e9pcsoport a protest\u00e1ns felekezethez tartozott, ez egyik alapja volt a k\u00e9s\u0151bbi b\u00e9k\u00e9s egym\u00e1s mellett \u00e9l\u00e9snek, egym\u00e1s elfogad\u00e1s\u00e1nak.<\/span><\/h4>\n<h4 style=\"text-align: justify\"><span style=\"font-family: verdana, geneva, sans-serif;color: #000000\">Ekkor \u00e9p\u00fcltek a telep\u00fcl\u00e9s k\u00e9p\u00e9t meghat\u00e1roz\u00f3 templomok, els\u0151k\u00e9nt 1789-ben a n\u00e9met evang\u00e9likus templom, 1797-ben a szlov\u00e1k evang\u00e9likus templom, majd legv\u00e9g\u00fcl 1804-ben a magyar reform\u00e1tus templom.<\/span><\/h4>\n<h4 style=\"text-align: justify\"><span style=\"font-family: verdana, geneva, sans-serif;color: #000000\">Ber\u00e9nyben volt a megye els\u0151 evang\u00e9likus gimn\u00e1ziuma 1802 -1834 k\u00f6z\u00f6tt, igazgat\u00f3ja kor\u00e1nak egyik m\u0171velt szem\u00e9lyis\u00e9ge, Skolka Andr\u00e1s volt.<\/span><\/h4>\n<h4 style=\"text-align: justify\"><span style=\"font-family: verdana, geneva, sans-serif;color: #000000\">Mez\u0151ber\u00e9nyben a gimn\u00e1ziumi k\u00e9pz\u00e9s 1962-ben indult be \u00fajra. Az int\u00e9zm\u00e9ny a 2. Sz. \u00c1ltal\u00e1nos Iskol\u00e1val k\u00f6z\u00f6s ir\u00e1ny\u00edt\u00e1s alatt \u00e1llt. A fenntart\u00f3i jogot a B\u00e9k\u00e9si j\u00e1r\u00e1s, k\u00e9s\u0151bb a megye gyakorolta. A rendszerv\u00e1ltoz\u00e1s \u00f3ta a fenntart\u00f3ja Mez\u0151ber\u00e9ny V\u00e1ros \u00d6nkorm\u00e1nyzati K\u00e9pvisel\u0151-test\u00fclete volt.<\/span><\/h4>\n<h4 style=\"text-align: justify\"><span style=\"font-family: verdana, geneva, sans-serif;color: #000000\">Iskol\u00e1nk 1966. m\u00e1rcius 15-\u00e9n v\u00e1lt \u00f6n\u00e1ll\u00f3v\u00e1, \u00e9s vette fel a Pet\u0151fi S\u00e1ndor nevet. 1987-ig k\u00e9t p\u00e1rhuzamos oszt\u00e1llyal m\u0171k\u00f6d\u0151 4 \u00e9vfolyamos gimn\u00e1zium volt. Tanul\u00f3ink a helyi \u00e1ltal\u00e1nos iskol\u00e1kb\u00f3l \u00e9s a k\u00f6rny\u00e9kbeli kistelep\u00fcl\u00e9sek int\u00e9zm\u00e9nyeib\u0151l ker\u00fcltek beiskol\u00e1z\u00e1sra. A r\u00e9gi\u00f3ban elfoglalt hely\u00fcnk sz\u00fcks\u00e9gess\u00e9 tette, hogy korszer\u0171 elm\u00e9leti \u00e9s gyakorlati ismereteket ny\u00fajtsunk, \u00e9s olyan nevel\u00e9st adjunk tanul\u00f3inknak, ami elengedhetetlen egy k\u00f6z\u00e9pfok\u00fa v\u00e9gzetts\u00e9ggel rendelkez\u0151 \u00e9s tanulm\u00e1nyait folytatni akar\u00f3 fiatal sz\u00e1m\u00e1ra. A hatvanas \u00e9vek sporteredm\u00e9nyei, a gyakorlati oktat\u00e1s tartalm\u00e1nak praktikus megv\u00e1laszt\u00e1sa (famegmunk\u00e1l\u00e1s, g\u00e9p\u00edr\u00e1s, k\u00f6nyvk\u00f6t\u00e9szet, szab\u00e1s-varr\u00e1s), az orosz \u00e9s fizika tagozat m\u0171k\u00f6d\u00e9s\u00e9nek sz\u00ednvonala, az int\u00e9zm\u00e9ny kultur\u00e1lis rendezv\u00e9nyei, kapcsolatai \u00e9s azok az orsz\u00e1gos oktat\u00e1si \u00e9s pedag\u00f3giai programok, melyek kimunk\u00e1l\u00e1s\u00e1ban r\u00e9szvett a tantest\u00fclet, emelt\u00e9k az iskol\u00e1t orsz\u00e1gos h\u00edrn\u00e9vre. \u00cdgy ker\u00fclhetett sor 1987-ben profilb\u0151v\u00edt\u00e9sre.<\/span><\/h4>\n<h4 style=\"text-align: justify\"><span style=\"font-family: verdana, geneva, sans-serif;color: #000000\">Az oktat\u00e1sr\u00f3l sz\u00f3l\u00f3 1985. \u00e9vi I. t\u00f6rv\u00e9ny 7.\u00a7-\u00e1nak 4. bekezd\u00e9se, valamint a 24.\u00a7-\u00e1nak a) pontj\u00e1ban foglalt felhatalmaz\u00e1s alapj\u00e1n egyedi megold\u00e1sk\u00e9nt enged\u00e9lyezte a M\u0171vel\u0151d\u00e9si \u00e9s K\u00f6zoktat\u00e1si Miniszt\u00e9rium, hogy egy\u00e9ves nyelvi el\u0151k\u00e9sz\u00edt\u00e9s ut\u00e1n k\u00e9t tan\u00edt\u00e1si nyelven folyj\u00e9k az oktat\u00e1s iskol\u00e1nkban. A n\u00e9met k\u00e9t tannyelv\u0171 oktat\u00e1ssal val\u00f3 b\u0151v\u00edt\u00e9s sz\u00fcks\u00e9gess\u00e9 tette egy koll\u00e9gium \u00e9p\u00edt\u00e9s\u00e9t is, mely szakaszosan, magas sz\u00ednvonal\u00fa \u00e9p\u00edtkez\u00e9ssel k\u00e9sz\u00fclt, \u00e9s 1987 \u00f3ta fogadja a r\u00e9gi\u00f3 di\u00e1kjait.<\/span><\/h4>\n<h4 style=\"text-align: justify\"><span style=\"font-family: verdana, geneva, sans-serif;color: #000000\">A k\u00f6vetkez\u0151 profilb\u0151v\u00edt\u00e9sre 2000 \u0151sz\u00e9n ker\u00fclt sor. Az Oktat\u00e1si Miniszt\u00e9rium p\u00e1ly\u00e1zat\u00e1t elnyerve iskol\u00e1nkban indulhatott \u00fatj\u00e1ra B\u00e9k\u00e9s megy\u00e9ben az Arany J\u00e1nos Tehets\u00e9ggondoz\u00f3 Program. Az els\u0151 \u201eAranyos\u201d oszt\u00e1ly 2005-ben tett sikeres \u00e9retts\u00e9gi vizsg\u00e1t.<\/span><\/h4>\n<h4 style=\"text-align: justify\"><span style=\"font-family: verdana, geneva, sans-serif;color: #000000\">2004. szeptember 1-j\u00e9t\u0151l ker\u00fclt sor az \u00e1ltal\u00e1nos tanterv\u0171 k\u00e9pz\u00e9s m\u00f3dos\u00edt\u00e1s\u00e1ra. A k\u00e9pz\u00e9s egy nyelvi el\u0151k\u00e9sz\u00edt\u0151 \u00e9vfolyam bevezet\u00e9s\u00e9vel \u00f6t \u00e9vfolyamos k\u00e9pz\u00e9ss\u00e9 alakult \u00e1t.<\/span><\/h4>\n<h4 style=\"text-align: justify\"><span style=\"font-family: verdana, geneva, sans-serif;color: #000000\">A program orsz\u00e1gos bevezet\u00e9s\u00e9t az Oktat\u00e1si Miniszt\u00e9rium kezdem\u00e9nyezte, helyi bevezet\u00e9s\u00e9t a tantest\u00fclet d\u00f6nt\u00e9se alapj\u00e1n Mez\u0151ber\u00e9ny V\u00e1ros \u00d6nkorm\u00e1nyzati K\u00e9pvisel\u0151test\u00fclete enged\u00e9lyezte.<\/span><\/h4>\n<h4 style=\"text-align: justify\"><span style=\"font-family: verdana, geneva, sans-serif;color: #000000\">2012 m\u00e1rcius\u00e1ban megkezd\u0151dtek a t\u00e1rgyal\u00e1sok Mez\u0151ber\u00e9ny V\u00e1ros \u00d6nkorm\u00e1nyzat\u00e1nak K\u00e9pvisel\u0151test\u00fclete kezdem\u00e9nyez\u00e9s\u00e9re a Magyarorsz\u00e1gi Evang\u00e9likus Egyh\u00e1zzal az int\u00e9zm\u00e9ny fenntart\u00e1s\u00e1r\u00f3l, \u00e1tad\u00e1s\u00e1r\u00f3l. Ezt k\u00f6vet\u0151en m\u00e1jus 21-\u00e9n k\u00f6t\u00f6tt\u00e9k meg a meg\u00e1llapod\u00e1sokat, amelyek alapj\u00e1n augusztus 21-\u00e9n a r\u00e9gi-\u00faj int\u00e9zm\u00e9ny neve: Mez\u0151ber\u00e9nyi Pet\u0151fi S\u00e1ndor Evang\u00e9likus Gimn\u00e1zium \u00e9s Koll\u00e9gium.<\/span><\/h4>\n","protected":false},"excerpt":{"rendered":"<p>Mez\u0151ber\u00e9ny nev\u00e9t oklev\u00e9lben 1347-ben eml\u00edtik el\u0151sz\u00f6r a b\u00e9k\u00e9si uradalom birtokak\u00e9nt. T\u00f6rt\u00e9net\u00e9nek egy r\u00f6vid, de fontos id\u0151szaka j\u00e1tsz\u00f3dott le 1702-1709 k\u00f6z\u00f6tt. A t\u00f6r\u00f6k h\u00f3dolts\u00e1g megsz\u0171n\u00e9s\u00e9t k\u00f6vet\u0151en 1702-ben az el\u0171z\u00f6tt lakosok visszat\u00e9rtek az elhagyott falujukba. 26 csal\u00e1d D\u00e1lyi J\u00e1nos lelk\u00e9sz vezet\u00e9s\u00e9vel megalap\u00edtotta a m\u00e1sodik Ber\u00e9nyt. S\u00e1rral tapasztott templomot \u00e9p\u00edtettek, majd harangot \u00f6nt\u00f6ttek \u00e9s elk\u00e9sz\u00edtett\u00e9k a k\u00f6zs\u00e9g pecs\u00e9tj\u00e9t. [&hellip;]<\/p>\n","protected":false},"author":2,"featured_media":0,"parent":0,"menu_order":0,"comment_status":"closed","ping_status":"closed","template":"","meta":{"footnotes":""},"class_list":["post-1018","page","type-page","status-publish","hentry"],"_links":{"self":[{"href":"https:\/\/psgsuli.hu\/gimnazium\/wp-json\/wp\/v2\/pages\/1018","targetHints":{"allow":["GET"]}}],"collection":[{"href":"https:\/\/psgsuli.hu\/gimnazium\/wp-json\/wp\/v2\/pages"}],"about":[{"href":"https:\/\/psgsuli.hu\/gimnazium\/wp-json\/wp\/v2\/types\/page"}],"author":[{"embeddable":true,"href":"https:\/\/psgsuli.hu\/gimnazium\/wp-json\/wp\/v2\/users\/2"}],"replies":[{"embeddable":true,"href":"https:\/\/psgsuli.hu\/gimnazium\/wp-json\/wp\/v2\/comments?post=1018"}],"version-history":[{"count":2,"href":"https:\/\/psgsuli.hu\/gimnazium\/wp-json\/wp\/v2\/pages\/1018\/revisions"}],"predecessor-version":[{"id":1031,"href":"https:\/\/psgsuli.hu\/gimnazium\/wp-json\/wp\/v2\/pages\/1018\/revisions\/1031"}],"wp:attachment":[{"href":"https:\/\/psgsuli.hu\/gimnazium\/wp-json\/wp\/v2\/media?parent=1018"}],"curies":[{"name":"wp","href":"https:\/\/api.w.org\/{rel}","templated":true}]}}