{"id":7064,"date":"2025-09-16T15:28:11","date_gmt":"2025-09-16T15:28:11","guid":{"rendered":"https:\/\/psgsuli.hu\/altalanos\/?page_id=7064"},"modified":"2025-09-16T15:28:11","modified_gmt":"2025-09-16T15:28:11","slug":"fogadoorak","status":"publish","type":"page","link":"https:\/\/psgsuli.hu\/altalanos\/fogadoorak\/","title":{"rendered":"Fogad\u00f3\u00f3r\u00e1k"},"content":{"rendered":"<p style=\"text-align: center;\"><\/a><iframe loading=\"lazy\" src=\"https:\/\/psgsuli.hu\/wp-content\/uploads\/2025\/09\/Fogadoorak-2025-2026-.pdf\" width=\"800\" height=\"750\"><\/iframe><\/p>\n","protected":false},"excerpt":{"rendered":"","protected":false},"author":1,"featured_media":0,"parent":0,"menu_order":0,"comment_status":"closed","ping_status":"closed","template":"","meta":{"footnotes":""},"class_list":["post-7064","page","type-page","status-publish","hentry"],"_links":{"self":[{"href":"https:\/\/psgsuli.hu\/altalanos\/wp-json\/wp\/v2\/pages\/7064","targetHints":{"allow":["GET"]}}],"collection":[{"href":"https:\/\/psgsuli.hu\/altalanos\/wp-json\/wp\/v2\/pages"}],"about":[{"href":"https:\/\/psgsuli.hu\/altalanos\/wp-json\/wp\/v2\/types\/page"}],"author":[{"embeddable":true,"href":"https:\/\/psgsuli.hu\/altalanos\/wp-json\/wp\/v2\/users\/1"}],"replies":[{"embeddable":true,"href":"https:\/\/psgsuli.hu\/altalanos\/wp-json\/wp\/v2\/comments?post=7064"}],"version-history":[{"count":1,"href":"https:\/\/psgsuli.hu\/altalanos\/wp-json\/wp\/v2\/pages\/7064\/revisions"}],"predecessor-version":[{"id":7065,"href":"https:\/\/psgsuli.hu\/altalanos\/wp-json\/wp\/v2\/pages\/7064\/revisions\/7065"}],"wp:attachment":[{"href":"https:\/\/psgsuli.hu\/altalanos\/wp-json\/wp\/v2\/media?parent=7064"}],"curies":[{"name":"wp","href":"https:\/\/api.w.org\/{rel}","templated":true}]}}