{"id":694,"date":"2020-11-12T10:38:40","date_gmt":"2020-11-12T10:38:40","guid":{"rendered":"https:\/\/psgsuli.hu\/altalanos\/?page_id=694"},"modified":"2025-11-03T09:02:38","modified_gmt":"2025-11-03T09:02:38","slug":"tanaraink","status":"publish","type":"page","link":"https:\/\/psgsuli.hu\/altalanos\/tanaraink\/","title":{"rendered":"Tan\u00e1raink"},"content":{"rendered":"<table style=\"width: 790px;\" border=\"1\" width=\"790\">\n<tbody>\n<tr>\n<td style=\"width: 471.583px;\">\n<h4><span style=\"font-family: verdana, geneva, sans-serif; color: #000000;\"><strong>N\u00e9v<\/strong><\/span><\/h4>\n<p>&nbsp;<\/td>\n<td style=\"width: 303.417px;\">\n<h4><span style=\"font-family: verdana, geneva, sans-serif; color: #000000;\"><strong>Beoszt\u00e1s<\/strong><\/span><\/h4>\n<\/td>\n<\/tr>\n<tr>\n<td style=\"width: 471.583px;\">\n<h4><span style=\"font-family: verdana, geneva, sans-serif; color: #000000;\"><strong>\u00a0HUGYECZ HAJNALKA<\/strong><\/span><\/h4>\n<\/td>\n<td style=\"width: 303.417px;\">\n<h4><span style=\"font-family: verdana, geneva, sans-serif; color: #000000;\"><strong>igazgat\u00f3<\/strong><\/span><\/h4>\n<\/td>\n<\/tr>\n<tr>\n<td style=\"width: 471.583px;\">\n<h4><span style=\"font-family: verdana, geneva, sans-serif; color: #000000;\"><strong>KISS TIMEA<\/strong><\/span><\/h4>\n<\/td>\n<td style=\"width: 303.417px;\">\n<h4><span style=\"font-family: verdana, geneva, sans-serif; color: #000000;\"><strong>igazgat\u00f3helyettes<\/strong><\/span><\/h4>\n<\/td>\n<\/tr>\n<tr>\n<td style=\"width: 471.583px;\">\n<h4><span style=\"font-family: verdana, geneva, sans-serif; color: #000000;\"><strong>K\u00d3S\u00c1N\u00c9 BARNA MAGDOLNA<\/strong><\/span><\/h4>\n<\/td>\n<td style=\"width: 303.417px;\">\n<h4><span style=\"font-family: verdana, geneva, sans-serif; color: #000000;\"><strong>igazgat\u00f3helyettes<\/strong><\/span><\/h4>\n<\/td>\n<\/tr>\n<tr>\n<td style=\"width: 471.583px;\">\n<h4><span style=\"font-family: verdana, geneva, sans-serif; color: #000000;\"><strong>L\u00c1Z\u00c1RN\u00c9 SKORKA KATALIN <\/strong><\/span><\/h4>\n<\/td>\n<td style=\"width: 303.417px;\">\n<h4><span style=\"font-family: verdana, geneva, sans-serif; color: #000000;\"><strong>iskolalelk\u00e9sz<\/strong><\/span><\/h4>\n<\/td>\n<\/tr>\n<\/tbody>\n<\/table>\n<h4><\/h4>\n<table style=\"width: 760px;\" border=\"1\" width=\"760\">\n<tbody>\n<tr>\n<td style=\"width: 386.133px;\">\n<h4><span style=\"font-family: verdana, geneva, sans-serif; color: #000000;\"><strong>N\u00e9v<\/strong><\/span><\/h4>\n<\/td>\n<td style=\"width: 358.867px;\">\n<h4><span style=\"font-family: verdana, geneva, sans-serif; color: #000000;\"><strong>Szakk\u00e9pzetts\u00e9gek\/ <\/strong><\/span><\/h4>\n<h4><span style=\"font-family: verdana, geneva, sans-serif; color: #000000;\"><strong>ell\u00e1tott feladatok<\/strong><\/span><\/h4>\n<\/td>\n<\/tr>\n<tr>\n<td style=\"width: 386.133px; text-align: left;\">\n<h4><span style=\"font-family: verdana, geneva, sans-serif; color: #000000;\"><strong>AKNAI-FARAG\u00d3 KITTI FL\u00d3RA<\/strong><\/span><\/h4>\n<\/td>\n<td style=\"width: 358.867px; text-align: left;\">\n<h4><span style=\"font-family: verdana, geneva, sans-serif; color: #000000;\"><strong>tan\u00edt\u00f3, angol<\/strong><\/span><\/h4>\n<\/td>\n<\/tr>\n<tr>\n<td style=\"width: 386.133px; text-align: left;\">\n<h4><span style=\"font-family: verdana, geneva, sans-serif; color: #000000;\"><strong>ALM\u00c1SI ATTILA<\/strong><\/span><\/h4>\n<\/td>\n<td style=\"width: 358.867px; text-align: left;\">\n<h4><span style=\"font-family: verdana, geneva, sans-serif; color: #000000;\"><strong>t\u00f6rt\u00e9nelem, n\u00e9met, \u00e1llampolg\u00e1ri ismeretek<\/strong><\/span><\/h4>\n<\/td>\n<\/tr>\n<tr>\n<td style=\"width: 386.133px; text-align: left;\">\n<h4><span style=\"font-family: verdana, geneva, sans-serif; color: #000000;\"><strong>BANCSI \u00c1RP\u00c1D ISTV\u00c1N<\/strong><\/span><\/h4>\n<\/td>\n<td style=\"width: 358.867px; text-align: left;\">\n<h4><span style=\"font-family: verdana, geneva, sans-serif; color: #000000;\"><strong>magyar, t\u00f6rt\u00e9nelem, \u00e1llampolg\u00e1ri ismeretek<\/strong><\/span><\/h4>\n<\/td>\n<\/tr>\n<tr>\n<td style=\"width: 386.133px; text-align: left;\">\n<h4><span style=\"font-family: verdana, geneva, sans-serif; color: #000000;\"><strong>BODA P\u00c9TER<\/strong><\/span><\/h4>\n<\/td>\n<td style=\"width: 358.867px; text-align: left;\">\n<h4><span style=\"font-family: verdana, geneva, sans-serif; color: #000000;\"><strong>f\u00f6ldrajz, n\u00e9met<\/strong><\/span><\/h4>\n<\/td>\n<\/tr>\n<tr>\n<td style=\"width: 386.133px; text-align: left;\">\n<h4><span style=\"font-family: verdana, geneva, sans-serif; color: #000000;\"><strong>BRAUN P\u00c9TERN\u00c9 KRIST\u00d3F VIKT\u00d3RIA<\/strong><\/span><\/h4>\n<\/td>\n<td style=\"width: 358.867px; text-align: left;\">\n<h4><span style=\"font-family: verdana, geneva, sans-serif; color: #000000;\"><strong>n\u00e9met<\/strong><\/span><\/h4>\n<\/td>\n<\/tr>\n<tr>\n<td style=\"width: 386.133px; text-align: left;\">\n<h4><span style=\"font-family: verdana, geneva, sans-serif; color: #000000;\"><strong>CSOH ILDIK\u00d3<\/strong><\/span><\/h4>\n<\/td>\n<td style=\"width: 358.867px; text-align: left;\">\n<h4><span style=\"font-family: verdana, geneva, sans-serif; color: #000000;\"><strong>angol<\/strong><\/span><\/h4>\n<\/td>\n<\/tr>\n<tr>\n<td style=\"width: 386.133px; text-align: left;\">\n<h4><span style=\"font-family: verdana, geneva, sans-serif; color: #000000;\"><strong>D\u00c1NYI-BERECZKI M\u00c1RTA<\/strong><\/span><\/h4>\n<\/td>\n<td style=\"width: 358.867px; text-align: left;\">\n<h4><span style=\"font-family: verdana, geneva, sans-serif; color: #000000;\"><strong>testnevel\u00e9s<\/strong><\/span><\/h4>\n<\/td>\n<\/tr>\n<tr>\n<td style=\"width: 386.133px; text-align: left;\">\n<h4><span style=\"font-family: verdana, geneva, sans-serif; color: #000000;\"><strong>F\u00c9S\u0170SN\u00c9 KOCSA KATALIN<\/strong><\/span><\/h4>\n<\/td>\n<td style=\"width: 358.867px; text-align: left;\">\n<h4><span style=\"font-family: verdana, geneva, sans-serif; color: #000000;\"><strong>n\u00e9met, n\u00e9met nemzetis\u00e9gi n\u00e9pismeret<\/strong><\/span><\/h4>\n<\/td>\n<\/tr>\n<tr>\n<td style=\"width: 386.133px; text-align: left;\">\n<h4><span style=\"font-family: verdana, geneva, sans-serif; color: #000000;\"><strong>FINTA \u00c9VA<\/strong><\/span><\/h4>\n<\/td>\n<td style=\"width: 358.867px; text-align: left;\">\n<h4><span style=\"font-family: verdana, geneva, sans-serif; color: #000000;\"><strong>magyar, evang\u00e9likus hittan<\/strong><\/span><\/h4>\n<\/td>\n<\/tr>\n<tr>\n<td style=\"width: 386.133px; text-align: left;\">\n<h4><span style=\"font-family: verdana, geneva, sans-serif; color: #000000;\"><strong>G\u00d6NCI ZITA<\/strong><\/span><\/h4>\n<\/td>\n<td style=\"width: 358.867px; text-align: left;\">\n<h4><span style=\"font-family: verdana, geneva, sans-serif; color: #000000;\"><strong>term\u00e9szettudom\u00e1ny, napk\u00f6zi<\/strong><\/span><\/h4>\n<\/td>\n<\/tr>\n<tr>\n<td style=\"width: 386.133px; text-align: left;\">\n<h4><span style=\"font-family: verdana, geneva, sans-serif; color: #000000;\"><strong>GULY\u00c1S GR\u00c9TA<\/strong><\/span><\/h4>\n<\/td>\n<td style=\"width: 358.867px; text-align: left;\">\n<h4><span style=\"font-family: verdana, geneva, sans-serif; color: #000000;\"><strong>t\u00f6rt\u00e9nelem<\/strong><\/span><\/h4>\n<\/td>\n<\/tr>\n<tr>\n<td style=\"width: 386.133px; text-align: left;\">\n<h4><span style=\"font-family: verdana, geneva, sans-serif; color: #000000;\"><strong>HAJZER G\u00c1BOR<\/strong><\/span><\/h4>\n<\/td>\n<td style=\"width: 358.867px; text-align: left;\">\n<h4><span style=\"font-family: verdana, geneva, sans-serif; color: #000000;\"><strong>iskolapszichol\u00f3gus<\/strong><\/span><\/h4>\n<\/td>\n<\/tr>\n<tr>\n<td style=\"width: 386.133px; text-align: left;\">\n<h4><span style=\"font-family: verdana, geneva, sans-serif; color: #000000;\"><strong>HIDASI L\u00c1SZL\u00d3<\/strong><\/span><\/h4>\n<\/td>\n<td style=\"width: 358.867px; text-align: left;\">\n<h4><span style=\"font-family: verdana, geneva, sans-serif; color: #000000;\"><strong>testnevel\u00e9s<\/strong><\/span><\/h4>\n<\/td>\n<\/tr>\n<tr>\n<td style=\"width: 386.133px; text-align: left;\">\n<h4><span style=\"font-family: verdana, geneva, sans-serif; color: #000000;\"><strong>KISN\u00c9 P\u00c9TER N\u00d3RA<\/strong><\/span><\/h4>\n<\/td>\n<td style=\"width: 358.867px; text-align: left;\">\n<h4><span style=\"font-family: verdana, geneva, sans-serif; color: #000000;\"><strong>matematika<\/strong><\/span><\/h4>\n<\/td>\n<\/tr>\n<tr>\n<td style=\"width: 386.133px; text-align: left;\">\n<h4><span style=\"font-family: verdana, geneva, sans-serif; color: #000000;\"><strong>KISS KATALIN JULIANNA<\/strong><\/span><\/h4>\n<\/td>\n<td style=\"width: 358.867px; text-align: left;\">\n<h4><span style=\"font-family: verdana, geneva, sans-serif; color: #000000;\"><strong>magyar, n\u00e9met, n\u00e9met nemzetis\u00e9gi n\u00e9pismeret<\/strong><\/span><\/h4>\n<\/td>\n<\/tr>\n<tr>\n<td style=\"width: 386.133px; text-align: left;\">\n<h4><span style=\"font-family: verdana, geneva, sans-serif; color: #000000;\"><strong>KISSN\u00c9 BOD\u00d3 MARINNA ERIKA<\/strong><\/span><\/h4>\n<\/td>\n<td style=\"width: 358.867px; text-align: left;\">\n<h4><span style=\"font-family: verdana, geneva, sans-serif; color: #000000;\"><strong>matematika, fizika<\/strong><\/span><\/h4>\n<\/td>\n<\/tr>\n<tr>\n<td style=\"width: 386.133px; text-align: left;\">\n<h4><span style=\"font-family: verdana, geneva, sans-serif; color: #000000;\"><strong>KOLOZSI TAM\u00c1S<\/strong><\/span><\/h4>\n<\/td>\n<td style=\"width: 358.867px; text-align: left;\">\n<h4><span style=\"font-family: verdana, geneva, sans-serif; color: #000000;\"><strong>informatikus m\u00e9rn\u00f6k-tan\u00e1r<\/strong><\/span><\/h4>\n<\/td>\n<\/tr>\n<tr>\n<td style=\"width: 386.133px; text-align: left;\">\n<h4><span style=\"font-family: verdana, geneva, sans-serif; color: #000000;\"><strong>KONKOLYN\u00c9 JELENKA KATALIN<\/strong><\/span><\/h4>\n<\/td>\n<td style=\"width: 358.867px; text-align: left;\">\n<h4><span style=\"font-family: verdana, geneva, sans-serif; color: #000000;\"><strong>k\u00e9mia<\/strong><\/span><\/h4>\n<\/td>\n<\/tr>\n<tr>\n<td style=\"width: 386.133px; text-align: left;\">\n<h4><span style=\"font-family: verdana, geneva, sans-serif; color: #000000;\"><strong>KOP\u00c1NYI-TURZ\u00d3 GABRIELLA<\/strong><\/span><\/h4>\n<\/td>\n<td style=\"width: 358.867px; text-align: left;\">\n<h4><span style=\"font-family: verdana, geneva, sans-serif; color: #000000;\"><strong>biol\u00f3gia, napk\u00f6zis nevel\u0151<\/strong><\/span><\/h4>\n<\/td>\n<\/tr>\n<tr>\n<td style=\"width: 386.133px; text-align: left;\">\n<h4><span style=\"font-family: verdana, geneva, sans-serif; color: #000000;\"><strong>DR. KOV\u00c1CS G\u00c1BOR CSAB\u00c1N\u00c9<\/strong><\/span><\/h4>\n<\/td>\n<td style=\"width: 358.867px; text-align: left;\">\n<h4><span style=\"font-family: verdana, geneva, sans-serif; color: #000000;\"><strong>angol, t\u00f6rt\u00e9nelem, orosz<\/strong><\/span><\/h4>\n<\/td>\n<\/tr>\n<tr>\n<td style=\"width: 386.133px; text-align: left;\">\n<h4><span style=\"font-family: verdana, geneva, sans-serif; color: #000000;\"><strong>KOV\u00c1CSN\u00c9 GY\u0150RFI LINDA<\/strong><\/span><\/h4>\n<\/td>\n<td style=\"width: 358.867px; text-align: left;\">\n<h4><span style=\"font-family: verdana, geneva, sans-serif; color: #000000;\"><strong>n\u00e9met<\/strong><\/span><\/h4>\n<\/td>\n<\/tr>\n<tr>\n<td style=\"width: 386.133px; text-align: left;\">\n<h4><span style=\"font-family: verdana, geneva, sans-serif; color: #000000;\"><strong>KUN ILONA<\/strong><\/span><\/h4>\n<\/td>\n<td style=\"width: 358.867px; text-align: left;\">\n<h4><span style=\"font-family: verdana, geneva, sans-serif; color: #000000;\"><strong>f\u00f6ldrajz, t\u00f6rt\u00e9nelem<\/strong><\/span><\/h4>\n<\/td>\n<\/tr>\n<tr>\n<td style=\"width: 386.133px; text-align: left;\">\n<h4><span style=\"font-family: verdana, geneva, sans-serif; color: #000000;\"><strong>P\u00d3CS J\u00d3ZSEF<\/strong><\/span><\/h4>\n<\/td>\n<td style=\"width: 358.867px; text-align: left;\">\n<h4><span style=\"font-family: verdana, geneva, sans-serif; color: #000000;\"><strong>rajz, vizu\u00e1lis- \u00e9s<\/strong><\/span><\/h4>\n<h4><span style=\"font-family: verdana, geneva, sans-serif; color: #000000;\"><strong>k\u00f6rnyezetkult\u00fara<\/strong><\/span><\/h4>\n<\/td>\n<\/tr>\n<tr>\n<td style=\"width: 386.133px; text-align: left;\">\n<h4><span style=\"font-family: verdana, geneva, sans-serif; color: #000000;\"><strong>R\u00d3NAI ADRIENN<\/strong><\/span><\/h4>\n<\/td>\n<td style=\"width: 358.867px; text-align: left;\">\n<h4><span style=\"font-family: verdana, geneva, sans-serif; color: #000000;\"><strong>n\u00e9met, n\u00e9met nemzetis\u00e9gi tan\u00edt\u00f3<\/strong><\/span><\/h4>\n<\/td>\n<\/tr>\n<tr>\n<td style=\"width: 386.133px; text-align: left;\">\n<h4><span style=\"font-family: verdana, geneva, sans-serif; color: #000000;\"><strong>SOLEVICH-RAMOS RELINDA ESZTER<\/strong><\/span><\/h4>\n<\/td>\n<td style=\"width: 358.867px; text-align: left;\">\n<h4><span style=\"font-family: verdana, geneva, sans-serif; color: #000000;\"><strong>testnevel\u00e9s<\/strong><\/span><\/h4>\n<\/td>\n<\/tr>\n<tr>\n<td style=\"width: 386.133px; text-align: left;\">\n<h4><span style=\"font-family: verdana, geneva, sans-serif; color: #000000;\"><strong>SOMLYAIN\u00c9 CSEH MARGIT GABRIELLA<\/strong><\/span><\/h4>\n<\/td>\n<td style=\"width: 358.867px; text-align: left;\">\n<h4><span style=\"font-family: verdana, geneva, sans-serif; color: #000000;\"><strong>magyar, t\u00f6rt\u00e9nelem, hon- \u00e9s n\u00e9pismeret<\/strong><\/span><\/h4>\n<\/td>\n<\/tr>\n<tr>\n<td style=\"width: 386.133px; text-align: left;\">\n<h4><span style=\"font-family: verdana, geneva, sans-serif; color: #000000;\"><strong>SZAB\u00d3 KATALIN<\/strong><\/span><\/h4>\n<\/td>\n<td style=\"width: 358.867px; text-align: left;\">\n<h4><span style=\"font-family: verdana, geneva, sans-serif; color: #000000;\"><strong>fizika, technika, matematika<\/strong><\/span><\/h4>\n<\/td>\n<\/tr>\n<tr>\n<td style=\"width: 386.133px; text-align: left;\">\n<h4><span style=\"font-family: verdana, geneva, sans-serif; color: #000000;\"><strong>SZ\u00c9KELY M\u00c1RIA<\/strong><\/span><\/h4>\n<\/td>\n<td style=\"width: 358.867px; text-align: left;\">\n<h4><span style=\"font-family: verdana, geneva, sans-serif; color: #000000;\"><strong>n\u00e9met<\/strong><\/span><\/h4>\n<\/td>\n<\/tr>\n<tr>\n<td style=\"width: 386.133px; text-align: left;\">\n<h4><span style=\"font-family: verdana, geneva, sans-serif; color: #000000;\"><strong>SZ\u00c9KELY SZILVIA<\/strong><\/span><\/h4>\n<\/td>\n<td style=\"width: 358.867px; text-align: left;\">\n<h4><span style=\"font-family: verdana, geneva, sans-serif; color: #000000;\"><strong>\u00e9nek-zene, angol<\/strong><\/span><\/h4>\n<\/td>\n<\/tr>\n<tr>\n<td style=\"width: 386.133px; text-align: left;\">\n<h4><span style=\"font-family: verdana, geneva, sans-serif; color: #000000;\"><strong>SZIL\u00c1GYI ZSUZSA<\/strong><\/span><\/h4>\n<\/td>\n<td style=\"width: 358.867px; text-align: left;\">\n<h4><span style=\"font-family: verdana, geneva, sans-serif; color: #000000;\"><strong>testnevel\u00e9s<\/strong><\/span><\/h4>\n<\/td>\n<\/tr>\n<tr>\n<td style=\"width: 386.133px; text-align: left;\">\n<h4><span style=\"font-family: verdana, geneva, sans-serif; color: #000000;\"><strong>SZTEZS\u00c1N T\u00cdMEA<\/strong><\/span><\/h4>\n<\/td>\n<td style=\"width: 358.867px; text-align: left;\">\n<h4><span style=\"font-family: verdana, geneva, sans-serif; color: #000000;\"><strong>tan\u00edt\u00f3, n\u00e9met<\/strong><\/span><\/h4>\n<\/td>\n<\/tr>\n<tr>\n<td style=\"width: 386.133px; text-align: left;\">\n<h4><span style=\"font-family: verdana, geneva, sans-serif; color: #000000;\"><strong>V\u00c9RTES KATALIN<\/strong><\/span><\/h4>\n<\/td>\n<td style=\"width: 358.867px; text-align: left;\">\n<h4><span style=\"font-family: verdana, geneva, sans-serif; color: #000000;\"><strong>term\u00e9szettudom\u00e1ny, biol\u00f3gia<\/strong><\/span><\/h4>\n<\/td>\n<\/tr>\n<\/tbody>\n<\/table>\n<h4><\/h4>\n<h4><\/h4>\n<table style=\"width: 51.0369%; height: 1060px;\" border=\"1\" width=\"946\">\n<tbody>\n<tr style=\"height: 66px;\">\n<td style=\"width: 936.667px; height: 66px;\">\n<h4><span style=\"font-family: verdana, geneva, sans-serif; color: #000000;\"><strong>Hitoktat\u00f3k<\/strong><\/span><\/h4>\n<\/td>\n<\/tr>\n<tr style=\"height: 111px;\">\n<td style=\"width: 936.667px; text-align: left; height: 111px;\">\n<h4><span style=\"font-family: verdana, geneva, sans-serif; color: #000000;\"><strong>EGYEDN\u00c9 KOCSIS KATALIN <\/strong><\/span><\/h4>\n<h4><span style=\"font-family: verdana, geneva, sans-serif; color: #000000;\"><strong>(r\u00f3mai katolikus) <\/strong><\/span><\/h4>\n<\/td>\n<\/tr>\n<tr style=\"height: 111px;\">\n<td style=\"width: 936.667px; text-align: left; height: 111px;\">\n<h4><span style=\"font-family: verdana, geneva, sans-serif; color: #000000;\"><strong>FINTA \u00c9VA<\/strong><\/span><\/h4>\n<h4><span style=\"font-family: verdana, geneva, sans-serif; color: #000000;\"><strong>(evang\u00e9likus)<\/strong><\/span><\/h4>\n<\/td>\n<\/tr>\n<tr style=\"height: 111px;\">\n<td style=\"width: 936.667px; text-align: left; height: 111px;\">\n<h4><span style=\"font-family: verdana, geneva, sans-serif; color: #000000;\"><strong>L\u00c1Z\u00c1RN\u00c9 SKORKA KATALIN <\/strong><\/span><\/h4>\n<h4><span style=\"font-family: verdana, geneva, sans-serif; color: #000000;\"><strong>(evang\u00e9likus)<\/strong><\/span><\/h4>\n<\/td>\n<\/tr>\n<tr style=\"height: 111px;\">\n<td style=\"width: 936.667px; text-align: left; height: 111px;\">\n<h4><span style=\"font-family: verdana, geneva, sans-serif; color: #000000;\"><strong>SELMECZI LAJOS P\u00c9TER <\/strong><\/span><\/h4>\n<h4><span style=\"font-family: verdana, geneva, sans-serif; color: #000000;\"><strong>(evang\u00e9likus)<\/strong><\/span><\/h4>\n<\/td>\n<\/tr>\n<tr style=\"height: 111px;\">\n<td style=\"width: 936.667px; text-align: left; height: 111px;\">\n<h4><span style=\"font-family: verdana, geneva, sans-serif; color: #000000;\"><strong>SOLYMOSIN\u00c9 RO\u00d3SZ VIKT\u00d3RIA <\/strong><\/span><\/h4>\n<h4><span style=\"font-family: verdana, geneva, sans-serif; color: #000000;\"><strong>(reform\u00e1tus)<\/strong><\/span><\/h4>\n<\/td>\n<\/tr>\n<tr style=\"height: 111px;\">\n<td style=\"width: 936.667px; text-align: left; height: 111px;\">\n<h4><span style=\"font-family: verdana, geneva, sans-serif; color: #000000;\"><strong>SZAB\u00d3 R\u00d3ZSA <\/strong><\/span><\/h4>\n<h4><span style=\"font-family: verdana, geneva, sans-serif; color: #000000;\"><strong>(reform\u00e1tus) <\/strong><\/span><\/h4>\n<\/td>\n<\/tr>\n<tr style=\"height: 111px;\">\n<td style=\"width: 936.667px; text-align: left; height: 111px;\">\n<h4><span style=\"font-family: verdana, geneva, sans-serif; color: #000000;\"><strong>T\u00c1NCZOS ESZTER <\/strong><\/span><\/h4>\n<h4><span style=\"font-family: verdana, geneva, sans-serif; color: #000000;\"><strong>(r\u00f3mai katolikus)<\/strong><\/span><\/h4>\n<\/td>\n<\/tr>\n<tr style=\"height: 106px;\">\n<td style=\"width: 936.667px; text-align: left; height: 106px;\">\n<h4><span style=\"font-family: verdana, geneva, sans-serif; color: #000000;\"><strong>DR. VARGA M\u00c1T\u00c9<\/strong><\/span><\/h4>\n<h4><span style=\"font-family: verdana, geneva, sans-serif; color: #000000;\"><strong>(evang\u00e9likus)<\/strong><\/span><\/h4>\n<\/td>\n<\/tr>\n<\/tbody>\n<\/table>\n<h4><\/h4>\n<h4 style=\"text-align: center;\"><span style=\"font-family: verdana, geneva, sans-serif; color: #000000;\">Fogad\u00f3\u00f3ra a Kr\u00e9ta napl\u00f3ban kijel\u00f6lt id\u0151pontban, telefonos egyeztet\u00e9s alapj\u00e1n.<\/span><\/h4>\n","protected":false},"excerpt":{"rendered":"<p>N\u00e9v &nbsp; Beoszt\u00e1s \u00a0HUGYECZ HAJNALKA igazgat\u00f3 KISS TIMEA igazgat\u00f3helyettes K\u00d3S\u00c1N\u00c9 BARNA MAGDOLNA igazgat\u00f3helyettes L\u00c1Z\u00c1RN\u00c9 SKORKA KATALIN iskolalelk\u00e9sz N\u00e9v Szakk\u00e9pzetts\u00e9gek\/ ell\u00e1tott feladatok AKNAI-FARAG\u00d3 KITTI FL\u00d3RA tan\u00edt\u00f3, angol ALM\u00c1SI ATTILA t\u00f6rt\u00e9nelem, n\u00e9met, \u00e1llampolg\u00e1ri ismeretek BANCSI \u00c1RP\u00c1D ISTV\u00c1N magyar, t\u00f6rt\u00e9nelem, \u00e1llampolg\u00e1ri ismeretek BODA P\u00c9TER f\u00f6ldrajz, n\u00e9met BRAUN P\u00c9TERN\u00c9 KRIST\u00d3F VIKT\u00d3RIA n\u00e9met CSOH ILDIK\u00d3 angol D\u00c1NYI-BERECZKI M\u00c1RTA testnevel\u00e9s F\u00c9S\u0170SN\u00c9 [&hellip;]<\/p>\n","protected":false},"author":2,"featured_media":0,"parent":0,"menu_order":0,"comment_status":"closed","ping_status":"closed","template":"","meta":{"footnotes":""},"class_list":["post-694","page","type-page","status-publish","hentry"],"_links":{"self":[{"href":"https:\/\/psgsuli.hu\/altalanos\/wp-json\/wp\/v2\/pages\/694","targetHints":{"allow":["GET"]}}],"collection":[{"href":"https:\/\/psgsuli.hu\/altalanos\/wp-json\/wp\/v2\/pages"}],"about":[{"href":"https:\/\/psgsuli.hu\/altalanos\/wp-json\/wp\/v2\/types\/page"}],"author":[{"embeddable":true,"href":"https:\/\/psgsuli.hu\/altalanos\/wp-json\/wp\/v2\/users\/2"}],"replies":[{"embeddable":true,"href":"https:\/\/psgsuli.hu\/altalanos\/wp-json\/wp\/v2\/comments?post=694"}],"version-history":[{"count":26,"href":"https:\/\/psgsuli.hu\/altalanos\/wp-json\/wp\/v2\/pages\/694\/revisions"}],"predecessor-version":[{"id":7125,"href":"https:\/\/psgsuli.hu\/altalanos\/wp-json\/wp\/v2\/pages\/694\/revisions\/7125"}],"wp:attachment":[{"href":"https:\/\/psgsuli.hu\/altalanos\/wp-json\/wp\/v2\/media?parent=694"}],"curies":[{"name":"wp","href":"https:\/\/api.w.org\/{rel}","templated":true}]}}