{"id":6,"date":"2019-03-29T06:54:36","date_gmt":"2019-03-29T06:54:36","guid":{"rendered":"https:\/\/psgsuli.hu\/altalanos\/?page_id=6"},"modified":"2025-11-03T09:07:04","modified_gmt":"2025-11-03T09:07:04","slug":"tanitok","status":"publish","type":"page","link":"https:\/\/psgsuli.hu\/altalanos\/tanitok\/","title":{"rendered":"Tan\u00edt\u00f3ink"},"content":{"rendered":"<table style=\"height: 440px; width: 526px;\" border=\"1\" width=\"526\">\n<tbody>\n<tr style=\"height: 91px;\">\n<td style=\"width: 287.617px; height: 91px;\">\n<h4><span style=\"font-family: verdana, geneva, sans-serif; color: #000000;\"><strong>N\u00e9v<\/strong><\/span><\/h4>\n<p>&nbsp;<\/td>\n<td style=\"width: 223.383px; height: 91px;\">\n<h4><span style=\"font-family: verdana, geneva, sans-serif; color: #000000;\"><strong>Beoszt\u00e1s<\/strong><\/span><\/h4>\n<p>&nbsp;<\/td>\n<\/tr>\n<tr style=\"height: 91px;\">\n<td style=\"width: 287.617px; height: 91px;\">\n<h4><span style=\"font-family: verdana, geneva, sans-serif; color: #000000;\"><strong>\u00a0HUGYECZ HAJNALKA<\/strong><\/span><\/h4>\n<p>&nbsp;<\/td>\n<td style=\"width: 223.383px; height: 91px;\">\n<h4><span style=\"font-family: verdana, geneva, sans-serif; color: #000000;\"><strong>igazgat\u00f3<\/strong><\/span><\/h4>\n<\/td>\n<\/tr>\n<tr style=\"height: 91px;\">\n<td style=\"width: 287.617px; height: 91px;\">\n<h4><span style=\"font-family: verdana, geneva, sans-serif; color: #000000;\"><strong>KISS TIMEA<\/strong><\/span><\/h4>\n<p>&nbsp;<\/td>\n<td style=\"width: 223.383px; height: 91px;\">\n<h4><span style=\"font-family: verdana, geneva, sans-serif; color: #000000;\"><strong>igazgat\u00f3helyettes<\/strong><\/span><\/h4>\n<\/td>\n<\/tr>\n<tr style=\"height: 91px;\">\n<td style=\"width: 287.617px; height: 91px;\">\n<h4><span style=\"font-family: verdana, geneva, sans-serif; color: #000000;\"><strong>K\u00d3S\u00c1N\u00c9 BARNA MAGDOLNA<\/strong><\/span><\/h4>\n<p>&nbsp;<\/td>\n<td style=\"width: 223.383px; height: 91px;\">\n<h4><span style=\"font-family: verdana, geneva, sans-serif; color: #000000;\"><strong>igazgat\u00f3helyettes<\/strong><\/span><\/h4>\n<\/td>\n<\/tr>\n<tr style=\"height: 66px;\">\n<td style=\"width: 287.617px; height: 66px;\">\n<h4><span style=\"font-family: verdana, geneva, sans-serif; color: #000000;\"><strong>L\u00c1Z\u00c1RN\u00c9 SKORKA KATALIN <\/strong><\/span><\/h4>\n<\/td>\n<td style=\"width: 223.383px; height: 66px;\">\n<h4><span style=\"font-family: verdana, geneva, sans-serif; color: #000000;\"><strong>iskolalelk\u00e9sz<\/strong><\/span><\/h4>\n<\/td>\n<\/tr>\n<\/tbody>\n<\/table>\n<h4><\/h4>\n<table style=\"width: 742px;\" border=\"1\" width=\"910\">\n<tbody>\n<tr>\n<td style=\"width: 418.016px;\">\n<h4><span style=\"font-family: verdana, geneva, sans-serif; color: #000000;\"><strong>N\u00e9v<\/strong><\/span><\/h4>\n<\/td>\n<td style=\"width: 307.984px;\">\n<h4><span style=\"font-family: verdana, geneva, sans-serif; color: #000000;\"><strong>Szakk\u00e9pzetts\u00e9gek\/ell\u00e1tott feladatok<\/strong><\/span><\/h4>\n<\/td>\n<\/tr>\n<tr>\n<td style=\"width: 418.016px;\">\n<h4><span style=\"font-family: verdana, geneva, sans-serif; color: #000000;\"><strong>AKNAI-FARAG\u00d3 KITTI FL\u00d3RA<\/strong><\/span><\/h4>\n<\/td>\n<td style=\"width: 307.984px;\">\n<h4><span style=\"font-family: verdana, geneva, sans-serif; color: #000000;\"><strong>tan\u00edt\u00f3, angol <\/strong><\/span><\/h4>\n<\/td>\n<\/tr>\n<tr>\n<td style=\"width: 418.016px;\">\n<h4><span style=\"font-family: verdana, geneva, sans-serif; color: #000000;\"><strong>CINAN\u00d3N\u00c9 VARR\u00d3 P\u00c1LMA<\/strong><\/span><\/h4>\n<\/td>\n<td style=\"width: 307.984px;\">\n<h4><span style=\"font-family: verdana, geneva, sans-serif; color: #000000;\"><strong>tan\u00edt\u00f3<\/strong><\/span><\/h4>\n<\/td>\n<\/tr>\n<tr>\n<td style=\"width: 418.016px;\">\n<h4><span style=\"font-family: verdana, geneva, sans-serif; color: #000000;\"><strong>CLUSSMANN DORINA<\/strong><\/span><\/h4>\n<\/td>\n<td style=\"width: 307.984px;\">\n<h4><span style=\"font-family: verdana, geneva, sans-serif; color: #000000;\"><strong>tan\u00edt\u00f3<\/strong><\/span><\/h4>\n<\/td>\n<\/tr>\n<tr>\n<td style=\"width: 418.016px;\">\n<h4><span style=\"font-family: verdana, geneva, sans-serif; color: #000000;\"><strong>CS\u00c1V\u00c1S AD\u00c9L<\/strong><\/span><\/h4>\n<\/td>\n<td style=\"width: 307.984px;\">\n<h4><span style=\"font-family: verdana, geneva, sans-serif; color: #000000;\"><strong>tan\u00edt\u00f3<\/strong><\/span><\/h4>\n<\/td>\n<\/tr>\n<tr>\n<td style=\"width: 418.016px;\">\n<h4><span style=\"font-family: verdana, geneva, sans-serif; color: #000000;\"><strong>FALATYN\u00c9 BERKESI M\u00c1RTA<\/strong><\/span><\/h4>\n<\/td>\n<td style=\"width: 307.984px;\">\n<h4><span style=\"font-family: verdana, geneva, sans-serif; color: #000000;\"><strong>tan\u00edt\u00f3, szaktan\u00e1csad\u00f3<\/strong><\/span><\/h4>\n<\/td>\n<\/tr>\n<tr>\n<td style=\"width: 418.016px;\">\n<h4><span style=\"font-family: verdana, geneva, sans-serif; color: #000000;\"><strong>HAN\u00d3 KATALIN<\/strong><\/span><\/h4>\n<\/td>\n<td style=\"width: 307.984px;\">\n<h4><span style=\"font-family: verdana, geneva, sans-serif; color: #000000;\"><strong>\u00a0tan\u00edt\u00f3<\/strong><\/span><\/h4>\n<\/td>\n<\/tr>\n<tr>\n<td style=\"width: 418.016px;\">\n<h4><span style=\"font-family: verdana, geneva, sans-serif; color: #000000;\"><strong>HARS\u00c1NYI-GY\u00c1NYI MARGIT \u00c1GNES<\/strong><\/span><\/h4>\n<\/td>\n<td style=\"width: 307.984px;\">\n<h4><span style=\"font-family: verdana, geneva, sans-serif; color: #000000;\"><strong>\u00a0tan\u00edt\u00f3<\/strong><\/span><\/h4>\n<\/td>\n<\/tr>\n<tr>\n<td style=\"width: 418.016px;\">\n<h4><span style=\"font-family: verdana, geneva, sans-serif; color: #000000;\"><strong>HUSZ\u00c1K ANDREA EDIT<\/strong><\/span><\/h4>\n<\/td>\n<td style=\"width: 307.984px;\">\n<h4><span style=\"font-family: verdana, geneva, sans-serif; color: #000000;\"><strong>tan\u00edt\u00f3<\/strong><\/span><\/h4>\n<\/td>\n<\/tr>\n<tr>\n<td style=\"width: 418.016px;\">\n<h4><span style=\"font-family: verdana, geneva, sans-serif; color: #000000;\"><strong>LENGYEL ZSUZSANNA ILONA<\/strong><\/span><\/h4>\n<\/td>\n<td style=\"width: 307.984px;\">\n<h4><span style=\"font-family: verdana, geneva, sans-serif; color: #000000;\"><strong>tan\u00edt\u00f3, angol<\/strong><\/span><\/h4>\n<\/td>\n<\/tr>\n<tr>\n<td style=\"width: 418.016px;\">\n<h4><span style=\"font-family: verdana, geneva, sans-serif; color: #000000;\"><strong>K\u00d3S\u00c1N\u00c9 BARNA MAGDOLNA<\/strong><\/span><\/h4>\n<\/td>\n<td style=\"width: 307.984px;\">\n<h4><span style=\"font-family: verdana, geneva, sans-serif; color: #000000;\"><strong>tan\u00edt\u00f3, szaktan\u00e1csad\u00f3<\/strong><\/span><\/h4>\n<\/td>\n<\/tr>\n<tr>\n<td style=\"width: 418.016px;\">\n<h4><span style=\"font-family: verdana, geneva, sans-serif; color: #000000;\"><strong>P\u00d3CSN\u00c9 HEGED\u0170S HENRIETT M\u00c1RIA<\/strong><\/span><\/h4>\n<\/td>\n<td style=\"width: 307.984px;\">\n<h4><span style=\"font-family: verdana, geneva, sans-serif; color: #000000;\"><strong>tan\u00edt\u00f3<\/strong><\/span><\/h4>\n<\/td>\n<\/tr>\n<tr>\n<td style=\"width: 418.016px;\">\n<h4><span style=\"font-family: verdana, geneva, sans-serif; color: #000000;\"><strong>R\u00d3NAI ADRIENN<\/strong><\/span><\/h4>\n<\/td>\n<td style=\"width: 307.984px;\">\n<h4><span style=\"font-family: verdana, geneva, sans-serif; color: #000000;\"><strong>tan\u00edt\u00f3, n\u00e9met nemzetis\u00e9gi tan\u00edt\u00f3<\/strong><\/span><\/h4>\n<\/td>\n<\/tr>\n<tr>\n<td style=\"width: 418.016px;\">\n<h4><span style=\"font-family: verdana, geneva, sans-serif; color: #000000;\"><strong>S. NAGY IMRE<\/strong><\/span><\/h4>\n<\/td>\n<td style=\"width: 307.984px;\">\n<h4><span style=\"font-family: verdana, geneva, sans-serif; color: #000000;\"><strong>tan\u00edt\u00f3<\/strong><\/span><\/h4>\n<\/td>\n<\/tr>\n<tr>\n<td style=\"width: 418.016px;\">\n<h4><span style=\"font-family: verdana, geneva, sans-serif; color: #000000;\"><strong>S. NAGYN\u00c9 VARGA MARIETTA<\/strong><\/span><\/h4>\n<\/td>\n<td style=\"width: 307.984px;\">\n<h4><span style=\"font-family: verdana, geneva, sans-serif; color: #000000;\"><strong>tan\u00edt\u00f3<\/strong><\/span><\/h4>\n<\/td>\n<\/tr>\n<tr>\n<td style=\"width: 418.016px;\">\n<h4><span style=\"font-family: verdana, geneva, sans-serif; color: #000000;\"><strong>SOLYMOSIN\u00c9 RO\u00d3SZ VIKT\u00d3RIA<\/strong><\/span><\/h4>\n<\/td>\n<td style=\"width: 307.984px;\">\n<h4><span style=\"font-family: verdana, geneva, sans-serif; color: #000000;\"><strong>tan\u00edt\u00f3,\u00a0reform\u00e1tus hittantan\u00e1r<\/strong><\/span><\/h4>\n<\/td>\n<\/tr>\n<tr>\n<td style=\"width: 418.016px;\">\n<h4><span style=\"font-family: verdana, geneva, sans-serif; color: #000000;\"><strong>SO\u00d3SN\u00c9 HORV\u00c1TH JUDIT KRISZTINA<\/strong><\/span><\/h4>\n<\/td>\n<td style=\"width: 307.984px;\">\n<h4><span style=\"font-family: verdana, geneva, sans-serif; color: #000000;\"><strong>tan\u00edt\u00f3<\/strong><\/span><\/h4>\n<\/td>\n<\/tr>\n<tr>\n<td style=\"width: 418.016px;\">\n<h4><span style=\"font-family: verdana, geneva, sans-serif; color: #000000;\"><strong>SZENTESZKI GY\u00d6RGY<\/strong><\/span><\/h4>\n<\/td>\n<td style=\"width: 307.984px;\">\n<h4><span style=\"font-family: verdana, geneva, sans-serif; color: #000000;\"><strong>tan\u00edt\u00f3<\/strong><\/span><\/h4>\n<\/td>\n<\/tr>\n<tr>\n<td style=\"width: 418.016px;\">\n<h4><span style=\"font-family: verdana, geneva, sans-serif; color: #000000;\"><strong>SZTEZS\u00c1N T\u00cdMEA<\/strong><\/span><\/h4>\n<\/td>\n<td style=\"width: 307.984px;\">\n<h4><span style=\"font-family: verdana, geneva, sans-serif; color: #000000;\"><strong>tan\u00edt\u00f3, n\u00e9met,\u00a0 n\u00e9met nemzetis\u00e9gi tan\u00edt\u00f3<\/strong><\/span><\/h4>\n<\/td>\n<\/tr>\n<tr>\n<td style=\"width: 418.016px;\">\n<h4><span style=\"font-family: verdana, geneva, sans-serif; color: #000000;\"><strong>VALENTINYI M\u00c1RIA<\/strong><\/span><\/h4>\n<\/td>\n<td style=\"width: 307.984px;\">\n<h4><span style=\"font-family: verdana, geneva, sans-serif; color: #000000;\"><strong>tan\u00edt\u00f3<\/strong><\/span><\/h4>\n<\/td>\n<\/tr>\n<\/tbody>\n<\/table>\n<h4><\/h4>\n<table style=\"height: 959px; width: 47.5735%;\" border=\"1\" width=\"899\">\n<tbody>\n<tr style=\"height: 66px;\">\n<td style=\"width: 889.667px; height: 66px;\">\n<h4><span style=\"font-family: verdana, geneva, sans-serif; color: #000000;\"><strong>Hitoktat\u00f3k<\/strong><\/span><\/h4>\n<\/td>\n<\/tr>\n<tr style=\"height: 112px;\">\n<td style=\"width: 889.667px; text-align: left; height: 112px;\">\n<h4><span style=\"font-family: verdana, geneva, sans-serif; color: #000000;\"><strong>EGYEDN\u00c9 KOCSIS KATALIN <\/strong><\/span><\/h4>\n<h4><span style=\"font-family: verdana, geneva, sans-serif; color: #000000;\"><strong>(r\u00f3mai katolikus) <\/strong><\/span><\/h4>\n<\/td>\n<\/tr>\n<tr style=\"height: 112px;\">\n<td style=\"width: 889.667px; text-align: left; height: 112px;\">\n<h4><span style=\"font-family: verdana, geneva, sans-serif; color: #000000;\"><strong>FINTA \u00c9VA<\/strong><\/span><\/h4>\n<h4><span style=\"font-family: verdana, geneva, sans-serif; color: #000000;\"><strong>(evang\u00e9likus)<\/strong><\/span><\/h4>\n<\/td>\n<\/tr>\n<tr style=\"height: 112px;\">\n<td style=\"width: 889.667px; text-align: left; height: 112px;\">\n<h4><span style=\"font-family: verdana, geneva, sans-serif; color: #000000;\"><strong>L\u00c1Z\u00c1RN\u00c9 SKORKA KATALIN <\/strong><\/span><\/h4>\n<h4><span style=\"font-family: verdana, geneva, sans-serif; color: #000000;\"><strong>(evang\u00e9likus)<\/strong><\/span><\/h4>\n<\/td>\n<\/tr>\n<tr style=\"height: 112px;\">\n<td style=\"width: 889.667px; text-align: left; height: 112px;\">\n<h4><span style=\"font-family: verdana, geneva, sans-serif; color: #000000;\"><strong>SELMECZI LAJOS P\u00c9TER <\/strong><\/span><\/h4>\n<h4><span style=\"font-family: verdana, geneva, sans-serif; color: #000000;\"><strong>(evang\u00e9likus)<\/strong><\/span><\/h4>\n<\/td>\n<\/tr>\n<tr style=\"height: 112px;\">\n<td style=\"width: 889.667px; text-align: left; height: 112px;\">\n<h4><span style=\"font-family: verdana, geneva, sans-serif; color: #000000;\"><strong>SOLYMOSIN\u00c9 RO\u00d3SZ VIKT\u00d3RIA <\/strong><\/span><\/h4>\n<h4><span style=\"font-family: verdana, geneva, sans-serif; color: #000000;\"><strong>(reform\u00e1tus)<\/strong><\/span><\/h4>\n<\/td>\n<\/tr>\n<tr style=\"height: 112px;\">\n<td style=\"width: 889.667px; text-align: left; height: 112px;\">\n<h4><span style=\"font-family: verdana, geneva, sans-serif; color: #000000;\"><strong>SZAB\u00d3 R\u00d3ZSA <\/strong><\/span><\/h4>\n<h4><span style=\"font-family: verdana, geneva, sans-serif; color: #000000;\"><strong>(reform\u00e1tus) <\/strong><\/span><\/h4>\n<\/td>\n<\/tr>\n<tr style=\"height: 112px;\">\n<td style=\"width: 889.667px; text-align: left; height: 112px;\">\n<h4><span style=\"font-family: verdana, geneva, sans-serif; color: #000000;\"><strong>T\u00c1NCZOS ESZTER <\/strong><\/span><\/h4>\n<h4><span style=\"font-family: verdana, geneva, sans-serif; color: #000000;\"><strong>(r\u00f3mai katolikus)<\/strong><\/span><\/h4>\n<\/td>\n<\/tr>\n<tr style=\"height: 109px;\">\n<td style=\"width: 889.667px; text-align: left; height: 109px;\">\n<h4><span style=\"font-family: verdana, geneva, sans-serif; color: #000000;\"><strong>DR. VARGA M\u00c1T\u00c9<\/strong><\/span><\/h4>\n<h4><span style=\"font-family: verdana, geneva, sans-serif; color: #000000;\"><strong>(evang\u00e9likus)<\/strong><\/span><\/h4>\n<\/td>\n<\/tr>\n<\/tbody>\n<\/table>\n<h4><\/h4>\n<p>&nbsp;<\/p>\n<h4 style=\"text-align: center;\"><span style=\"font-family: verdana, geneva, sans-serif; color: #000000;\">Fogad\u00f3\u00f3ra a Kr\u00e9ta napl\u00f3ban kijel\u00f6lt id\u0151pontban, telefonos egyeztet\u00e9s alapj\u00e1n.<\/span><\/h4>\n","protected":false},"excerpt":{"rendered":"<p>N\u00e9v &nbsp; Beoszt\u00e1s &nbsp; \u00a0HUGYECZ HAJNALKA &nbsp; igazgat\u00f3 KISS TIMEA &nbsp; igazgat\u00f3helyettes K\u00d3S\u00c1N\u00c9 BARNA MAGDOLNA &nbsp; igazgat\u00f3helyettes L\u00c1Z\u00c1RN\u00c9 SKORKA KATALIN iskolalelk\u00e9sz N\u00e9v Szakk\u00e9pzetts\u00e9gek\/ell\u00e1tott feladatok AKNAI-FARAG\u00d3 KITTI FL\u00d3RA tan\u00edt\u00f3, angol CINAN\u00d3N\u00c9 VARR\u00d3 P\u00c1LMA tan\u00edt\u00f3 CLUSSMANN DORINA tan\u00edt\u00f3 CS\u00c1V\u00c1S AD\u00c9L tan\u00edt\u00f3 FALATYN\u00c9 BERKESI M\u00c1RTA tan\u00edt\u00f3, szaktan\u00e1csad\u00f3 HAN\u00d3 KATALIN \u00a0tan\u00edt\u00f3 HARS\u00c1NYI-GY\u00c1NYI MARGIT \u00c1GNES \u00a0tan\u00edt\u00f3 HUSZ\u00c1K ANDREA EDIT tan\u00edt\u00f3 [&hellip;]<\/p>\n","protected":false},"author":1,"featured_media":0,"parent":0,"menu_order":0,"comment_status":"closed","ping_status":"closed","template":"","meta":{"footnotes":""},"class_list":["post-6","page","type-page","status-publish","hentry"],"_links":{"self":[{"href":"https:\/\/psgsuli.hu\/altalanos\/wp-json\/wp\/v2\/pages\/6","targetHints":{"allow":["GET"]}}],"collection":[{"href":"https:\/\/psgsuli.hu\/altalanos\/wp-json\/wp\/v2\/pages"}],"about":[{"href":"https:\/\/psgsuli.hu\/altalanos\/wp-json\/wp\/v2\/types\/page"}],"author":[{"embeddable":true,"href":"https:\/\/psgsuli.hu\/altalanos\/wp-json\/wp\/v2\/users\/1"}],"replies":[{"embeddable":true,"href":"https:\/\/psgsuli.hu\/altalanos\/wp-json\/wp\/v2\/comments?post=6"}],"version-history":[{"count":44,"href":"https:\/\/psgsuli.hu\/altalanos\/wp-json\/wp\/v2\/pages\/6\/revisions"}],"predecessor-version":[{"id":7128,"href":"https:\/\/psgsuli.hu\/altalanos\/wp-json\/wp\/v2\/pages\/6\/revisions\/7128"}],"wp:attachment":[{"href":"https:\/\/psgsuli.hu\/altalanos\/wp-json\/wp\/v2\/media?parent=6"}],"curies":[{"name":"wp","href":"https:\/\/api.w.org\/{rel}","templated":true}]}}