{"id":4187,"date":"2022-09-15T21:17:56","date_gmt":"2022-09-15T21:17:56","guid":{"rendered":"https:\/\/psgsuli.hu\/altalanos\/?page_id=4187"},"modified":"2023-04-27T12:03:33","modified_gmt":"2023-04-27T12:03:33","slug":"etkezes","status":"publish","type":"page","link":"https:\/\/psgsuli.hu\/altalanos\/etkezes\/","title":{"rendered":"\u00c9tkez\u00e9s"},"content":{"rendered":"<p><span style=\"color: #000000\"><strong><span style=\"font-family: verdana, geneva, sans-serif;font-size: 14pt\"><a style=\"color: #000000\" href=\"https:\/\/psgsuli.hu\/altalanos\/wp-content\/uploads\/sites\/2\/2023\/04\/\u00e1lt.isk_.pdf\" target=\"_blank\" rel=\"noopener noreferrer\">\u00c9tlap<\/a><\/span><\/strong><\/span><\/p>\n<h3><\/h3>\n<p><span style=\"color: #ffffff\"><strong><span style=\"font-family: verdana, geneva, sans-serif;font-size: 14pt\">Allerg\u00e9n \u00e9tlap<\/span><\/strong><\/span><\/p>\n<h3><\/h3>\n","protected":false},"excerpt":{"rendered":"<p>\u00c9tlap Allerg\u00e9n \u00e9tlap<\/p>\n","protected":false},"author":2,"featured_media":0,"parent":0,"menu_order":0,"comment_status":"closed","ping_status":"closed","template":"","meta":{"footnotes":""},"class_list":["post-4187","page","type-page","status-publish","hentry"],"_links":{"self":[{"href":"https:\/\/psgsuli.hu\/altalanos\/wp-json\/wp\/v2\/pages\/4187","targetHints":{"allow":["GET"]}}],"collection":[{"href":"https:\/\/psgsuli.hu\/altalanos\/wp-json\/wp\/v2\/pages"}],"about":[{"href":"https:\/\/psgsuli.hu\/altalanos\/wp-json\/wp\/v2\/types\/page"}],"author":[{"embeddable":true,"href":"https:\/\/psgsuli.hu\/altalanos\/wp-json\/wp\/v2\/users\/2"}],"replies":[{"embeddable":true,"href":"https:\/\/psgsuli.hu\/altalanos\/wp-json\/wp\/v2\/comments?post=4187"}],"version-history":[{"count":13,"href":"https:\/\/psgsuli.hu\/altalanos\/wp-json\/wp\/v2\/pages\/4187\/revisions"}],"predecessor-version":[{"id":5098,"href":"https:\/\/psgsuli.hu\/altalanos\/wp-json\/wp\/v2\/pages\/4187\/revisions\/5098"}],"wp:attachment":[{"href":"https:\/\/psgsuli.hu\/altalanos\/wp-json\/wp\/v2\/media?parent=4187"}],"curies":[{"name":"wp","href":"https:\/\/api.w.org\/{rel}","templated":true}]}}